{"id":11221,"date":"2024-03-14T13:28:56","date_gmt":"2024-03-14T12:28:56","guid":{"rendered":"http:\/\/delikatesy.wineport.pl\/?product=whiskey-jack-daniels-40-0-7l"},"modified":"2026-05-10T18:15:02","modified_gmt":"2026-05-10T16:15:02","slug":"whiskey-jack-daniels-40-0-7l","status":"publish","type":"product","link":"https:\/\/delikatesy.wineport.pl\/?product=whiskey-jack-daniels-40-0-7l","title":{"rendered":"Whiskey Jack Daniels 40% 0.7L"},"content":{"rendered":"<div>\n<p><span style=\"color: #ff0000; font-size: 16px; font-family: arial, helvetica, sans-serif;\">UWAGA!!! NIE WYSY\u0141AMY ALKOHOLU W PRZYPADKU ZAM\u00d3WIE\u0143 OD OS\u00d3B PRYWATNYCH, TYLKO ODBI\u00d3R OSOBISTY NA UL. \u015aW. STANIS\u0141AWA 12 W WARSZAWIE!!! W przypadku op\u0142acenia zam\u00f3wienia alkoholu z wysy\u0142k\u0105, przy zwrocie pieni\u0119dzy zostanie potr\u0105cona prowizja\u00a0DOTPAY!<\/span><\/p>\n<p><span style=\"color: #ff0000; font-size: 16px; font-family: arial, helvetica, sans-serif;\">\u00a0<\/span><\/p>\n<\/p><\/div>\n<div>\n<table style=\"font-family: Tahoma, Verdana, Arial, sans-serif; font-size: 11px; line-height: 22px;\" border=\"0\" width=\"100%\" cellspacing=\"0\" cellpadding=\"0\" align=\"left\">\n<tbody>\n<tr>\n<td class=\"opis\" style=\"font-family: Tahoma, Verdana, Arial, sans-serif; font-size: 11px; color: #000000; vertical-align: top; padding: 10px 10px 0px 10px;\">\n<p style=\"line-height: 1; margin: 4px 0px 4px 0px;\"><span style=\"font-weight: bold;\">zawarto\u015b\u0107 alkoholu [%]:<\/span>\u00a040%<\/p>\n<p style=\"line-height: 1; margin: 4px 0px 4px 0px;\"><span style=\"font-weight: bold;\">pojemno\u015b\u0107:<\/span>\u00a00,7<\/p>\n<p style=\"line-height: 1; margin: 4px 0px 4px 0px;\"><span style=\"font-weight: bold;\"><br \/> <\/span><\/p>\n<p style=\"line-height: 1; margin: 4px 0px 4px 0px;\">\u00a0<\/p>\n<p class=\"opis\" style=\"border-top-width: 1px; border-top-style: solid; border-top-color: #dddddd; padding-top: 10px;\">Ameryka\u0144ska whiskey produkowana od 1866 roku. Filtrowana przez ponad 3-metrow\u0105 warstw\u0119 klonowego w\u0119gla drzewnego. Ten proces trwa oko\u0142o 10 dni i nadaje jej charakterystyczny \u0142agodny smak, kt\u00f3ry sprawia, \u017ce Jack Daniel&#8217;s nie jest okre\u015blany mianem burbonu, lecz Tennessee Whiskey.<\/p>\n<p class=\"opis\" style=\"border-top-width: 1px; border-top-style: solid; border-top-color: #dddddd; padding-top: 10px;\">\u00a0<\/p>\n<\/td>\n<\/tr>\n<\/tbody>\n<\/table><\/div>\n","protected":false},"excerpt":{"rendered":"<p>zawarto\u015b\u0107 alkoholu [%]: 40% pojemno\u015b\u0107: 0,7 Ameryka\u0144ska whiskey produkowana od 1866 roku. Filtrowana przez ponad 3-metrow\u0105 warstw\u0119 klonowego w\u0119gla drzewnego. Ten proces trwa oko\u0142o 10 dni i nadaje jej charakterystyczny \u0142agodny smak, kt\u00f3ry sprawia, \u017ce J&#8230;<\/p>\n","protected":false},"featured_media":11220,"comment_status":"open","ping_status":"closed","template":"","meta":[],"product_cat":[142,144,143],"product_tag":[],"class_list":{"0":"post-11221","1":"product","2":"type-product","3":"status-publish","4":"has-post-thumbnail","6":"product_cat-alkohole-mocne","7":"product_cat-usa","8":"product_cat-whisky","10":"first","11":"instock","12":"shipping-taxable","13":"purchasable","14":"product-type-simple"},"_links":{"self":[{"href":"https:\/\/delikatesy.wineport.pl\/index.php?rest_route=\/wp\/v2\/product\/11221","targetHints":{"allow":["GET"]}}],"collection":[{"href":"https:\/\/delikatesy.wineport.pl\/index.php?rest_route=\/wp\/v2\/product"}],"about":[{"href":"https:\/\/delikatesy.wineport.pl\/index.php?rest_route=\/wp\/v2\/types\/product"}],"replies":[{"embeddable":true,"href":"https:\/\/delikatesy.wineport.pl\/index.php?rest_route=%2Fwp%2Fv2%2Fcomments&post=11221"}],"wp:featuredmedia":[{"embeddable":true,"href":"https:\/\/delikatesy.wineport.pl\/index.php?rest_route=\/wp\/v2\/media\/11220"}],"wp:attachment":[{"href":"https:\/\/delikatesy.wineport.pl\/index.php?rest_route=%2Fwp%2Fv2%2Fmedia&parent=11221"}],"wp:term":[{"taxonomy":"product_cat","embeddable":true,"href":"https:\/\/delikatesy.wineport.pl\/index.php?rest_route=%2Fwp%2Fv2%2Fproduct_cat&post=11221"},{"taxonomy":"product_tag","embeddable":true,"href":"https:\/\/delikatesy.wineport.pl\/index.php?rest_route=%2Fwp%2Fv2%2Fproduct_tag&post=11221"}],"curies":[{"name":"wp","href":"https:\/\/api.w.org\/{rel}","templated":true}]}}