{"id":11231,"date":"2024-03-14T13:28:57","date_gmt":"2024-03-14T12:28:57","guid":{"rendered":"http:\/\/delikatesy.wineport.pl\/?product=brandy-vecchia-romagna-07l"},"modified":"2026-05-10T18:15:06","modified_gmt":"2026-05-10T16:15:06","slug":"brandy-vecchia-romagna-07l","status":"publish","type":"product","link":"https:\/\/delikatesy.wineport.pl\/?product=brandy-vecchia-romagna-07l","title":{"rendered":"Brandy Vecchia Romagna 0,7l"},"content":{"rendered":"<p style=\"font-size: 11px; color: #333333; font-family: Georgia, Times, serif; line-height: 14px;\"><span style=\"font-family: Verdana; color: #000000;\">\u00a0<\/span> <span style=\"color: #ff0000;\">UWAGA!!! NIE WYSY\u0141AMY ALKOHOLU KURIEREM W PRZYPADKU ZAM\u00d3WIE\u0143 OD OS\u00d3B PRYWATNYCH, TYLKO ODBI\u00d3R OSOBISTY NA UL. \u015aW. STANIS\u0141AWA 12 W WARSZAWIE!!! W przypadku op\u0142acenia zam\u00f3wienia alkoholu z wysy\u0142k\u0105, przy zwrocie pieni\u0119dzy zostanie potr\u0105cona prowizja\u00a0<\/span><strong style=\"color: #ff0000;\">DOTPAY<\/strong><span style=\"color: #ff0000;\">!<\/span><\/p>\n<p style=\"font-size: 11px; color: #333333; font-family: Georgia, Times, serif; line-height: 14px;\"><span style=\"background-color: #ffffff; font-family: Helvetica, Arial, sans-serif; font-size: 12px; line-height: 16px;\">W\u0142oska brandy, destylowana ze specjalnie wyselekcjonowanych, bia\u0142ych winogron, starzona przez okres minimum jednego roku w d\u0119bowych beczkach. W swojej unikalnej butelce zawiera precyzyjn\u0105 tradycj\u0119 historycznej w\u0142oskiej brandy. Charakteryzuje j\u0105 wyj\u0105tkowo \u0142agodny \u015bwie\u017cy smak. Trunek o cudnie owocowym aromacie i bursztynowym, jak\u017ce refleksyjnym kolorze, ze \u015bwietlnymi refleksami.\u00a0<\/span> <span style=\"font-family: Verdana;\">Rewelacyjne w\u0142oskie brandy!<\/span><\/p>\n<div>\u00a0<\/div>\n<p style=\"font-size: 11px; color: #333333; font-family: Georgia, Times, serif; line-height: 14px;\"><span style=\"font-family: Verdana; color: #000000;\">Producent: Vecchia Romagna<br \/> Kraj: W\u0142ochy<br \/> Rodzaj : Brandy<br \/> Zawarto\u015b\u0107 alkoholu: 38%\u00a0<br \/> Pojemno\u015b\u0107: 70cl<\/p>\n<p> <\/span><\/p>\n<div><span style=\"font-family: Verdana; color: #000000;\"><br \/> <\/span><\/div>\n","protected":false},"excerpt":{"rendered":"<p>W\u0142oska brandy, destylowana ze specjalnie wyselekcjonowanych, bia\u0142ych winogron, starzona przez okres minimum jednego roku w d\u0119bowych beczkach. W swojej unikalnej butelce zawiera precyzyjn\u0105 tradycj\u0119 historycznej w\u0142oskiej brandy. Charakteryzuje j\u0105 wyj\u0105t&#8230;<\/p>\n","protected":false},"featured_media":11230,"comment_status":"open","ping_status":"closed","template":"","meta":[],"product_cat":[142,146,145,148],"product_tag":[],"class_list":{"0":"post-11231","1":"product","2":"type-product","3":"status-publish","4":"has-post-thumbnail","6":"product_cat-alkohole-mocne","7":"product_cat-armagnac-i-brandy","8":"product_cat-cognac","9":"product_cat-wlochy-armagnac-i-brandy","11":"first","12":"instock","13":"shipping-taxable","14":"purchasable","15":"product-type-simple"},"_links":{"self":[{"href":"https:\/\/delikatesy.wineport.pl\/index.php?rest_route=\/wp\/v2\/product\/11231","targetHints":{"allow":["GET"]}}],"collection":[{"href":"https:\/\/delikatesy.wineport.pl\/index.php?rest_route=\/wp\/v2\/product"}],"about":[{"href":"https:\/\/delikatesy.wineport.pl\/index.php?rest_route=\/wp\/v2\/types\/product"}],"replies":[{"embeddable":true,"href":"https:\/\/delikatesy.wineport.pl\/index.php?rest_route=%2Fwp%2Fv2%2Fcomments&post=11231"}],"wp:featuredmedia":[{"embeddable":true,"href":"https:\/\/delikatesy.wineport.pl\/index.php?rest_route=\/wp\/v2\/media\/11230"}],"wp:attachment":[{"href":"https:\/\/delikatesy.wineport.pl\/index.php?rest_route=%2Fwp%2Fv2%2Fmedia&parent=11231"}],"wp:term":[{"taxonomy":"product_cat","embeddable":true,"href":"https:\/\/delikatesy.wineport.pl\/index.php?rest_route=%2Fwp%2Fv2%2Fproduct_cat&post=11231"},{"taxonomy":"product_tag","embeddable":true,"href":"https:\/\/delikatesy.wineport.pl\/index.php?rest_route=%2Fwp%2Fv2%2Fproduct_tag&post=11231"}],"curies":[{"name":"wp","href":"https:\/\/api.w.org\/{rel}","templated":true}]}}