{"id":11233,"date":"2024-03-14T13:28:58","date_gmt":"2024-03-14T12:28:58","guid":{"rendered":"http:\/\/delikatesy.wineport.pl\/?product=stock-84-v-s-o-p-38-07l"},"modified":"2026-05-10T18:15:07","modified_gmt":"2026-05-10T16:15:07","slug":"stock-84-v-s-o-p-38-07l","status":"publish","type":"product","link":"https:\/\/delikatesy.wineport.pl\/?product=stock-84-v-s-o-p-38-07l","title":{"rendered":"STOCK 84 V.S.O.P. 38% 0,7l"},"content":{"rendered":"<p class=\"MsoNormal\"><span style=\"color: #ff0000;\">UWAGA!!! NIE WYSY\u0141AMY ALKOHOLU KURIEREM W PRZYPADKU ZAM\u00d3WIE\u0143 OD OS\u00d3B PRYWATNYCH, TYLKO ODBI\u00d3R OSOBISTY NA UL. \u015aW. STANIS\u0141AWA 12 W WARSZAWIE!!! W przypadku op\u0142acenia zam\u00f3wienia alkoholu z wysy\u0142k\u0105, przy zwrocie pieni\u0119dzy zostanie potr\u0105cona prowizja\u00a0<\/span><strong style=\"color: #ff0000;\">DOTPAY<\/strong><span style=\"color: #ff0000;\">!<\/span><\/p>\n<p class=\"MsoNormal\">Brandy Stock 84 jest produkowana od 1884 z najszlachetniejszych win \u015br\u00f3dziemnomorskich, destylowana na delikatnym ogniu, dojrzewaj\u0105ca w tradycyjnych d\u0119bowych beczkach. Odkryj wi\u0119c tajemnic\u0119 delikatno\u015bci jednej z najcz\u0119\u015bciej sprzedawanych brandy na \u015bwiecie&#8230;<\/p>\n","protected":false},"excerpt":{"rendered":"<p>Brandy Stock 84 jest produkowana od 1884 z najszlachetniejszych win \u015br\u00f3dziemnomorskich, destylowana na delikatnym ogniu, dojrzewaj\u0105ca w tradycyjnych d\u0119bowych beczkach. Odkryj wi\u0119c tajemnic\u0119 delikatno\u015bci jednej z najcz\u0119\u015bciej sprzedawanych brandy na \u015bw&#8230;<\/p>\n","protected":false},"featured_media":11232,"comment_status":"open","ping_status":"closed","template":"","meta":[],"product_cat":[142,146,145,148],"product_tag":[],"class_list":{"0":"post-11233","1":"product","2":"type-product","3":"status-publish","4":"has-post-thumbnail","6":"product_cat-alkohole-mocne","7":"product_cat-armagnac-i-brandy","8":"product_cat-cognac","9":"product_cat-wlochy-armagnac-i-brandy","11":"first","12":"instock","13":"shipping-taxable","14":"purchasable","15":"product-type-simple"},"_links":{"self":[{"href":"https:\/\/delikatesy.wineport.pl\/index.php?rest_route=\/wp\/v2\/product\/11233","targetHints":{"allow":["GET"]}}],"collection":[{"href":"https:\/\/delikatesy.wineport.pl\/index.php?rest_route=\/wp\/v2\/product"}],"about":[{"href":"https:\/\/delikatesy.wineport.pl\/index.php?rest_route=\/wp\/v2\/types\/product"}],"replies":[{"embeddable":true,"href":"https:\/\/delikatesy.wineport.pl\/index.php?rest_route=%2Fwp%2Fv2%2Fcomments&post=11233"}],"wp:featuredmedia":[{"embeddable":true,"href":"https:\/\/delikatesy.wineport.pl\/index.php?rest_route=\/wp\/v2\/media\/11232"}],"wp:attachment":[{"href":"https:\/\/delikatesy.wineport.pl\/index.php?rest_route=%2Fwp%2Fv2%2Fmedia&parent=11233"}],"wp:term":[{"taxonomy":"product_cat","embeddable":true,"href":"https:\/\/delikatesy.wineport.pl\/index.php?rest_route=%2Fwp%2Fv2%2Fproduct_cat&post=11233"},{"taxonomy":"product_tag","embeddable":true,"href":"https:\/\/delikatesy.wineport.pl\/index.php?rest_route=%2Fwp%2Fv2%2Fproduct_tag&post=11233"}],"curies":[{"name":"wp","href":"https:\/\/api.w.org\/{rel}","templated":true}]}}