{"id":11243,"date":"2024-03-14T13:28:59","date_gmt":"2024-03-14T12:28:59","guid":{"rendered":"http:\/\/delikatesy.wineport.pl\/?product=cognac-camus-v-s-07l"},"modified":"2026-05-10T18:15:11","modified_gmt":"2026-05-10T16:15:11","slug":"cognac-camus-v-s-07l","status":"publish","type":"product","link":"https:\/\/delikatesy.wineport.pl\/?product=cognac-camus-v-s-07l","title":{"rendered":"Cognac Camus V.S. 0,7l"},"content":{"rendered":"<p class=\"MsoNormal\"><span style=\"color: #ff0000;\">UWAGA!!! NIE WYSY\u0141AMY ALKOHOLU KURIEREM W PRZYPADKU ZAM\u00d3WIE\u0143 OD OS\u00d3B PRYWATNYCH, TYLKO ODBI\u00d3R OSOBISTY NA UL. \u015aW. STANIS\u0141AWA 12 W WARSZAWIE!!! W przypadku op\u0142acenia zam\u00f3wienia alkoholu z wysy\u0142k\u0105, przy zwrocie pieni\u0119dzy zostanie potr\u0105cona prowizja\u00a0<\/span><strong style=\"color: #ff0000;\">DOTPAY<\/strong><span style=\"color: #ff0000;\">!<\/span><\/p>\n<p class=\"MsoNormal\">Zdecydowany lider w\u015br\u00f3d francuskich koniak\u00f3w klasy VS. Trunek o pi\u0119knej bursztynowej barwie, pe\u0142en lekko\u015bci i owocowej \u015bwie\u017co\u015bci, skrywa w sobie kusz\u0105ce nuty orzecha laskowego, migda\u0142\u00f3w i burbo\u0144skiej wanilii, o egzotycznym, korzennym dope\u0142nieniu. Harmonia dozna\u0144 w eleganckiej, smuk\u0142ej butelce.<\/p>\n","protected":false},"excerpt":{"rendered":"<p>Zdecydowany lider w\u015br\u00f3d francuskich koniak\u00f3w klasy VS. Trunek o pi\u0119knej bursztynowej barwie, pe\u0142en lekko\u015bci i owocowej \u015bwie\u017co\u015bci, skrywa w sobie kusz\u0105ce nuty orzecha laskowego, migda\u0142\u00f3w i burbo\u0144skiej wanilii, o egzotycznym, korzennym dope\u0142nieniu. Har&#8230;<\/p>\n","protected":false},"featured_media":11242,"comment_status":"open","ping_status":"closed","template":"","meta":[],"product_cat":[142,146,150,145,149],"product_tag":[],"class_list":{"0":"post-11243","1":"product","2":"type-product","3":"status-publish","4":"has-post-thumbnail","6":"product_cat-alkohole-mocne","7":"product_cat-armagnac-i-brandy","8":"product_cat-cognac-francja-armagnac-i-brandy","9":"product_cat-cognac","10":"product_cat-francja-armagnac-i-brandy","12":"first","13":"instock","14":"shipping-taxable","15":"purchasable","16":"product-type-simple"},"_links":{"self":[{"href":"https:\/\/delikatesy.wineport.pl\/index.php?rest_route=\/wp\/v2\/product\/11243","targetHints":{"allow":["GET"]}}],"collection":[{"href":"https:\/\/delikatesy.wineport.pl\/index.php?rest_route=\/wp\/v2\/product"}],"about":[{"href":"https:\/\/delikatesy.wineport.pl\/index.php?rest_route=\/wp\/v2\/types\/product"}],"replies":[{"embeddable":true,"href":"https:\/\/delikatesy.wineport.pl\/index.php?rest_route=%2Fwp%2Fv2%2Fcomments&post=11243"}],"wp:featuredmedia":[{"embeddable":true,"href":"https:\/\/delikatesy.wineport.pl\/index.php?rest_route=\/wp\/v2\/media\/11242"}],"wp:attachment":[{"href":"https:\/\/delikatesy.wineport.pl\/index.php?rest_route=%2Fwp%2Fv2%2Fmedia&parent=11243"}],"wp:term":[{"taxonomy":"product_cat","embeddable":true,"href":"https:\/\/delikatesy.wineport.pl\/index.php?rest_route=%2Fwp%2Fv2%2Fproduct_cat&post=11243"},{"taxonomy":"product_tag","embeddable":true,"href":"https:\/\/delikatesy.wineport.pl\/index.php?rest_route=%2Fwp%2Fv2%2Fproduct_tag&post=11243"}],"curies":[{"name":"wp","href":"https:\/\/api.w.org\/{rel}","templated":true}]}}