{"id":11269,"date":"2024-03-14T13:29:08","date_gmt":"2024-03-14T12:29:08","guid":{"rendered":"http:\/\/delikatesy.wineport.pl\/?product=brandy-slantschew-brjag-sloneczny-brzeg-05l"},"modified":"2026-05-10T18:15:59","modified_gmt":"2026-05-10T16:15:59","slug":"brandy-slantschew-brjag-sloneczny-brzeg-05l","status":"publish","type":"product","link":"https:\/\/delikatesy.wineport.pl\/?product=brandy-slantschew-brjag-sloneczny-brzeg-05l","title":{"rendered":"Brandy Slantschew Brjag (S\u0142oneczny Brzeg) 0,5L"},"content":{"rendered":"<p class=\"MsoNormal\"><span style=\"color: #ff0000;\">UWAGA!!! NIE WYSY\u0141AMY ALKOHOLU KURIEREM W PRZYPADKU ZAM\u00d3WIE\u0143 OD OS\u00d3B PRYWATNYCH, TYLKO ODBI\u00d3R OSOBISTY NA UL. \u015aW. STANIS\u0141AWA 12 W WARSZAWIE!!! W przypadku op\u0142acenia zam\u00f3wienia alkoholu z wysy\u0142k\u0105, przy zwrocie pieni\u0119dzy zostanie potr\u0105cona prowizja\u00a0<\/span><strong style=\"color: #ff0000;\">DOTPAY<\/strong><span style=\"color: #ff0000;\">!<\/span><br \/> Wysokoprocentowa brandy wyprodukowana wg klasycznej technologii brandy, dojrzewaj\u0105ca w d\u0119bowych beczkach przez okres 3 lat.<\/p>\n<p class=\"MsoNormal\">Bardzo dobrze znana marka na polskim rynku.<\/p>\n","protected":false},"excerpt":{"rendered":"<p>Wysokoprocentowa brandy wyprodukowana wg klasycznej technologii brandy, dojrzewaj\u0105ca w d\u0119bowych beczkach przez okres 3 lat. Bardzo dobrze znana marka na polskim rynku.<\/p>\n","protected":false},"featured_media":11268,"comment_status":"open","ping_status":"closed","template":"","meta":[],"product_cat":[142,146,153,145],"product_tag":[],"class_list":{"0":"post-11269","1":"product","2":"type-product","3":"status-publish","4":"has-post-thumbnail","6":"product_cat-alkohole-mocne","7":"product_cat-armagnac-i-brandy","8":"product_cat-bulgaria","9":"product_cat-cognac","11":"first","12":"instock","13":"shipping-taxable","14":"purchasable","15":"product-type-simple"},"_links":{"self":[{"href":"https:\/\/delikatesy.wineport.pl\/index.php?rest_route=\/wp\/v2\/product\/11269","targetHints":{"allow":["GET"]}}],"collection":[{"href":"https:\/\/delikatesy.wineport.pl\/index.php?rest_route=\/wp\/v2\/product"}],"about":[{"href":"https:\/\/delikatesy.wineport.pl\/index.php?rest_route=\/wp\/v2\/types\/product"}],"replies":[{"embeddable":true,"href":"https:\/\/delikatesy.wineport.pl\/index.php?rest_route=%2Fwp%2Fv2%2Fcomments&post=11269"}],"wp:featuredmedia":[{"embeddable":true,"href":"https:\/\/delikatesy.wineport.pl\/index.php?rest_route=\/wp\/v2\/media\/11268"}],"wp:attachment":[{"href":"https:\/\/delikatesy.wineport.pl\/index.php?rest_route=%2Fwp%2Fv2%2Fmedia&parent=11269"}],"wp:term":[{"taxonomy":"product_cat","embeddable":true,"href":"https:\/\/delikatesy.wineport.pl\/index.php?rest_route=%2Fwp%2Fv2%2Fproduct_cat&post=11269"},{"taxonomy":"product_tag","embeddable":true,"href":"https:\/\/delikatesy.wineport.pl\/index.php?rest_route=%2Fwp%2Fv2%2Fproduct_tag&post=11269"}],"curies":[{"name":"wp","href":"https:\/\/api.w.org\/{rel}","templated":true}]}}