{"id":11295,"date":"2024-03-14T13:29:12","date_gmt":"2024-03-14T12:29:12","guid":{"rendered":"http:\/\/delikatesy.wineport.pl\/?product=wino-m-o-de-olivara-d-o-toro-075l"},"modified":"2026-05-10T18:16:06","modified_gmt":"2026-05-10T16:16:06","slug":"wino-m-o-de-olivara-d-o-toro-075l","status":"publish","type":"product","link":"https:\/\/delikatesy.wineport.pl\/?product=wino-m-o-de-olivara-d-o-toro-075l","title":{"rendered":"Wino M.O. DE OLIVARA \u2013 D.O. Toro 0,75L"},"content":{"rendered":"<h2 style=\"text-align: left; font: normal normal bold 14pt\/normal Verdana; color: #333333; font-family: Verdana; font-size: 13px;\"><span style=\"color: #ff0000;\">UWAGA!!! NIE WYSY\u0141AMY ALKOHOLU KURIEREM W PRZYPADKU ZAM\u00d3WIE\u0143 OD OS\u00d3B PRYWATNYCH, TYLKO ODBI\u00d3R OSOBISTY NA UL. \u015aW. STANIS\u0141AWA 12 W WARSZAWIE!!! W przypadku op\u0142acenia zam\u00f3wienia alkoholu z wysy\u0142k\u0105, przy zwrocie pieni\u0119dzy zostanie potr\u0105cona prowizja\u00a0<\/span><strong style=\"color: #ff0000;\">DOTPAY<\/strong><span style=\"color: #ff0000;\">!<\/span><\/h2>\n<h2 style=\"text-align: left; font: normal normal bold 14pt\/normal Verdana; color: #333333; font-family: Verdana; font-size: 13px;\">M.O. DE OLIVARA \u2013 D.O.\u00a0Toro<\/h2>\n<p style=\"color: #333333; font-family: Verdana; font-size: 13px;\">Producent: Bodegas de Marqu\u00e9s de Olivara, Wino autorskie!<\/p>\n<p><span class=\"Apple-style-span\" style=\"color: #333333; font-family: Verdana; font-size: 13px;\">100% Tinta de Toro<\/span> <span class=\"Apple-style-span\" style=\"color: #333333; font-family: Verdana; font-size: 13px;\"><br \/> <\/span> <span class=\"Apple-style-span\" style=\"color: #333333; font-family: Verdana; font-size: 13px;\">Wytrawne wino o ciemnoczerwonej, g\u0142\u0119bokiej barwie, produkowane z winogron rosn\u0105cych na ponad 40-letnich krzewach. W nosie pot\u0119\u017cne, przywodz\u0105ce na my\u015bl dojrza\u0142e, czarne owoce, w towarzystwie tostu, przypraw i kawy \u2013 nut pochodz\u0105cych z dojrzewania przez 14 miesi\u0119cy w beczkach z d\u0119bu francuskiego.<\/span> <span class=\"Apple-style-span\" style=\"color: #333333; font-family: Verdana; font-size: 13px;\">\u00a0<\/span> <span class=\"Apple-style-span\" style=\"color: #333333; font-family: Verdana; font-size: 13px;\"><br \/> <\/span> <span class=\"Apple-style-span\" style=\"color: #333333; font-family: Verdana; font-size: 13px;\">W ustach pe\u0142ne, dobrze zbudowane.<\/span> <span class=\"Apple-style-span\" style=\"color: #333333; font-family: Verdana; font-size: 13px;\">\u00a0<\/span> <span class=\"Apple-style-span\" style=\"color: #333333; font-family: Verdana; font-size: 13px;\"><br \/> <\/span> <span class=\"Apple-style-span\" style=\"color: #333333; font-family: Verdana; font-size: 13px;\">Podawa\u0107, gdy osi\u0105gnie temperatur\u0119 18\u00b0C do czerwonych mi\u0119s, dziczyzny i dojrza\u0142ych ser\u00f3w.\u00a0<\/span><\/p>\n","protected":false},"excerpt":{"rendered":"<p>M.O. DE OLIVARA \u2013 D.O. Toro Producent: Bodegas de Marqu\u00e9s de Olivara, Wino autorskie! 100% Tinta de Toro Wytrawne wino o ciemnoczerwonej, g\u0142\u0119bokiej barwie, produkowane z winogron rosn\u0105cych na ponad 40-letnich krzewach. W nosie pot\u0119\u017cne, przywodz\u0105ce na&#8230;<\/p>\n","protected":false},"featured_media":11294,"comment_status":"open","ping_status":"closed","template":"","meta":[],"product_cat":[90,133,80],"product_tag":[],"class_list":{"0":"post-11295","1":"product","2":"type-product","3":"status-publish","4":"has-post-thumbnail","6":"product_cat-hiszpania","7":"product_cat-hiszpania-toro","8":"product_cat-wina-swiata","10":"first","11":"instock","12":"shipping-taxable","13":"purchasable","14":"product-type-simple"},"_links":{"self":[{"href":"https:\/\/delikatesy.wineport.pl\/index.php?rest_route=\/wp\/v2\/product\/11295","targetHints":{"allow":["GET"]}}],"collection":[{"href":"https:\/\/delikatesy.wineport.pl\/index.php?rest_route=\/wp\/v2\/product"}],"about":[{"href":"https:\/\/delikatesy.wineport.pl\/index.php?rest_route=\/wp\/v2\/types\/product"}],"replies":[{"embeddable":true,"href":"https:\/\/delikatesy.wineport.pl\/index.php?rest_route=%2Fwp%2Fv2%2Fcomments&post=11295"}],"wp:featuredmedia":[{"embeddable":true,"href":"https:\/\/delikatesy.wineport.pl\/index.php?rest_route=\/wp\/v2\/media\/11294"}],"wp:attachment":[{"href":"https:\/\/delikatesy.wineport.pl\/index.php?rest_route=%2Fwp%2Fv2%2Fmedia&parent=11295"}],"wp:term":[{"taxonomy":"product_cat","embeddable":true,"href":"https:\/\/delikatesy.wineport.pl\/index.php?rest_route=%2Fwp%2Fv2%2Fproduct_cat&post=11295"},{"taxonomy":"product_tag","embeddable":true,"href":"https:\/\/delikatesy.wineport.pl\/index.php?rest_route=%2Fwp%2Fv2%2Fproduct_tag&post=11295"}],"curies":[{"name":"wp","href":"https:\/\/api.w.org\/{rel}","templated":true}]}}