{"id":11570,"date":"2024-03-14T13:30:56","date_gmt":"2024-03-14T12:30:56","guid":{"rendered":"http:\/\/delikatesy.wineport.pl\/?product=wino-consejo-de-la-alta-tempranillo-d-o-rioja-075l"},"modified":"2026-05-17T20:32:57","modified_gmt":"2026-05-17T18:32:57","slug":"wino-consejo-de-la-alta-tempranillo-d-o-rioja-075l","status":"publish","type":"product","link":"https:\/\/delikatesy.wineport.pl\/?product=wino-consejo-de-la-alta-tempranillo-d-o-rioja-075l","title":{"rendered":"Wino CONSEJO DE LA ALTA Tempranillo \u2013 D.O. Rioja 0,75L"},"content":{"rendered":"<p style=\"color: #333333; font-family: Verdana; font-size: 13px;\"><span style=\"color: #ff0000;\">UWAGA!!! NIE WYSY\u0141AMY ALKOHOLU KURIEREM W PRZYPADKU ZAM\u00d3WIE\u0143 OD OS\u00d3B PRYWATNYCH, TYLKO ODBI\u00d3R OSOBISTY NA UL. \u015aW. STANIS\u0141AWA 12 W WARSZAWIE!!! W przypadku op\u0142acenia zam\u00f3wienia alkoholu z wysy\u0142k\u0105, przy zwrocie pieni\u0119dzy zostanie potr\u0105cona prowizja\u00a0<\/span><strong style=\"color: #ff0000;\">DOTPAY<\/strong><span style=\"color: #ff0000;\">!<\/span><\/p>\n<p style=\"color: #333333; font-family: Verdana; font-size: 13px;\">Producent: Consejo de la Alta<\/p>\n<p><span class=\"Apple-style-span\" style=\"color: #333333; font-family: Verdana; font-size: 13px;\">90% Tempranillo, 10% Garnacha<\/span> <span class=\"Apple-style-span\" style=\"color: #333333; font-family: Verdana; font-size: 13px;\"><br \/> <\/span> <span class=\"Apple-style-span\" style=\"color: #333333; font-family: Verdana; font-size: 13px;\">Wino czerwone, wytrawne o intensywnej barwie ciemnych czere\u015bni z fioletowymi refleksami, produkowane z owoc\u00f3w uzyskiwanych z 20-30-letnich szczep\u00f3w, dojrzewaj\u0105ce przez 4 miesi\u0105ce w beczkach z d\u0119bu francuskiego i europejskiego, a potem przez 6 miesi\u0119cy w butelce. W nosie wyczuwalny aromat truskawek, owoc\u00f3w le\u015bnych i orzech\u00f3w. W ustach owocowe z domieszk\u0105 szlachetnego drewna.<\/span> <span class=\"Apple-style-span\" style=\"color: #333333; font-family: Verdana; font-size: 13px;\"><br \/> <\/span> <span class=\"Apple-style-span\" style=\"color: #333333; font-family: Verdana; font-size: 13px;\">Najlepiej smakuje podane, gdy osi\u0105gnie temperatur\u0119 14\u00baC, do \u0142agodnych kozich i owczych ser\u00f3w, wyrob\u00f3w w\u0119dliniarskich, bia\u0142ego mi\u0119sa i suszonych owoc\u00f3w.<\/span><\/p>\n<div><span class=\"Apple-style-span\" style=\"color: #333333; font-family: Verdana; font-size: 13px;\"><br \/> <\/span><\/div>\n<div><span class=\"Apple-style-span\" style=\"font-family: Verdana; font-size: 12pt; color: #333333;\">Linia win z Rioja dla najbardziej wymagaj\u0105cych!<\/span><\/div>\n","protected":false},"excerpt":{"rendered":"<p>Producent: Consejo de la Alta 90% Tempranillo, 10% Garnacha Wino czerwone, wytrawne o intensywnej barwie ciemnych czere\u015bni z fioletowymi refleksami, produkowane z owoc\u00f3w uzyskiwanych z 20-30-letnich szczep\u00f3w, dojrzewaj\u0105ce przez 4 miesi\u0105ce w beczkach &#8230;<\/p>\n","protected":false},"featured_media":11569,"comment_status":"open","ping_status":"closed","template":"","meta":[],"product_cat":[90,113,80],"product_tag":[],"class_list":{"0":"post-11570","1":"product","2":"type-product","3":"status-publish","4":"has-post-thumbnail","6":"product_cat-hiszpania","7":"product_cat-hiszpania-rioja","8":"product_cat-wina-swiata","10":"first","11":"instock","12":"shipping-taxable","13":"purchasable","14":"product-type-simple"},"_links":{"self":[{"href":"https:\/\/delikatesy.wineport.pl\/index.php?rest_route=\/wp\/v2\/product\/11570","targetHints":{"allow":["GET"]}}],"collection":[{"href":"https:\/\/delikatesy.wineport.pl\/index.php?rest_route=\/wp\/v2\/product"}],"about":[{"href":"https:\/\/delikatesy.wineport.pl\/index.php?rest_route=\/wp\/v2\/types\/product"}],"replies":[{"embeddable":true,"href":"https:\/\/delikatesy.wineport.pl\/index.php?rest_route=%2Fwp%2Fv2%2Fcomments&post=11570"}],"wp:featuredmedia":[{"embeddable":true,"href":"https:\/\/delikatesy.wineport.pl\/index.php?rest_route=\/wp\/v2\/media\/11569"}],"wp:attachment":[{"href":"https:\/\/delikatesy.wineport.pl\/index.php?rest_route=%2Fwp%2Fv2%2Fmedia&parent=11570"}],"wp:term":[{"taxonomy":"product_cat","embeddable":true,"href":"https:\/\/delikatesy.wineport.pl\/index.php?rest_route=%2Fwp%2Fv2%2Fproduct_cat&post=11570"},{"taxonomy":"product_tag","embeddable":true,"href":"https:\/\/delikatesy.wineport.pl\/index.php?rest_route=%2Fwp%2Fv2%2Fproduct_tag&post=11570"}],"curies":[{"name":"wp","href":"https:\/\/api.w.org\/{rel}","templated":true}]}}