{"id":11574,"date":"2024-03-14T13:30:57","date_gmt":"2024-03-14T12:30:57","guid":{"rendered":"http:\/\/delikatesy.wineport.pl\/?product=wino-consejo-de-la-alta-reserva-d-o-rioja-075l"},"modified":"2026-05-17T20:32:58","modified_gmt":"2026-05-17T18:32:58","slug":"wino-consejo-de-la-alta-reserva-d-o-rioja-075l","status":"publish","type":"product","link":"https:\/\/delikatesy.wineport.pl\/?product=wino-consejo-de-la-alta-reserva-d-o-rioja-075l","title":{"rendered":"Wino CONSEJO DE LA ALTA Reserva \u2013 D.O. Rioja 0,75L"},"content":{"rendered":"<div>\n<h2 style=\"text-align: left; font: normal normal bold 14pt\/normal Verdana;\"><span style=\"color: #ff0000;\">UWAGA!!! NIE WYSY\u0141AMY ALKOHOLU KURIEREM W PRZYPADKU ZAM\u00d3WIE\u0143 OD OS\u00d3B PRYWATNYCH, TYLKO ODBI\u00d3R OSOBISTY NA UL. \u015aW. STANIS\u0141AWA 12 W WARSZAWIE!!! W przypadku op\u0142acenia zam\u00f3wienia alkoholu z wysy\u0142k\u0105, przy zwrocie pieni\u0119dzy zostanie potr\u0105cona prowizja\u00a0<\/span><strong style=\"color: #ff0000;\">DOTPAY<\/strong><span style=\"color: #ff0000;\">!<\/span><\/h2>\n<h2 style=\"text-align: left; font: normal normal bold 14pt\/normal Verdana;\">CONSEJO DE LA ALTA Reserva \u2013 D.O.\u00a0Rioja<\/h2>\n<p>Producent: Consejo de la Alta<\/p>\n<p>  <span class=\"Apple-style-span\" style=\"color: #333333; font-family: Verdana; font-size: 16px;\"><span class=\"Apple-style-span\" style=\"font-size: 13px;\">100% Tempranillo<br \/> Wino czerwone, wytrawne o intensywnej czere\u015bniowej barwie z rubinowymi refleksami, produkowane z owoc\u00f3w uzyskiwanych z 25-30-letnich szczep\u00f3w, dojrzewaj\u0105ce przez 12 miesi\u0119cy w beczkach z d\u0119bu francuskiego i przez co najmniej 24 miesi\u0105ce w butelce. W nosie wyczuwalna lukrecja, czere\u015bnie i palona kawa. W ustach ponownie lukrecja, brzoskwinie i nuty pochodz\u0105ce z dojrzewania w beczce ze szlachetnego drewna. Wino wywa\u017cone, o d\u0142ugim finiszu.<br \/> Wy\u015bmienite do ostrych kozich i owczych ser\u00f3w, czerwonego mi\u0119sa i s\u0142odyczy. Podawa\u0107, gdy osi\u0105gnie temperatur\u0119 16\u00baC.<\/span><\/span><\/div>\n<div><span class=\"Apple-style-span\" style=\"color: #333333; font-family: Verdana; font-size: 16px;\"> <span class=\"Apple-style-span\" style=\"font-size: 13px;\"><br \/> <\/span><\/span><\/div>\n<p><span class=\"Apple-style-span\" style=\"color: #333333; font-family: Verdana; font-size: 16px;\">Linia win z Rioja dla najbardziej wymagaj\u0105cych!<\/span><\/p>\n","protected":false},"excerpt":{"rendered":"<p>CONSEJO DE LA ALTA Reserva \u2013 D.O. Rioja Producent: Consejo de la Alta 100% Tempranillo Wino czerwone, wytrawne o intensywnej czere\u015bniowej barwie z rubinowymi refleksami, produkowane z owoc\u00f3w uzyskiwanych z 25-30-letnich szczep\u00f3w, dojrzewaj\u0105ce przez 1&#8230;<\/p>\n","protected":false},"featured_media":11573,"comment_status":"open","ping_status":"closed","template":"","meta":[],"product_cat":[90,113,80],"product_tag":[],"class_list":{"0":"post-11574","1":"product","2":"type-product","3":"status-publish","4":"has-post-thumbnail","6":"product_cat-hiszpania","7":"product_cat-hiszpania-rioja","8":"product_cat-wina-swiata","10":"first","11":"instock","12":"shipping-taxable","13":"purchasable","14":"product-type-simple"},"_links":{"self":[{"href":"https:\/\/delikatesy.wineport.pl\/index.php?rest_route=\/wp\/v2\/product\/11574","targetHints":{"allow":["GET"]}}],"collection":[{"href":"https:\/\/delikatesy.wineport.pl\/index.php?rest_route=\/wp\/v2\/product"}],"about":[{"href":"https:\/\/delikatesy.wineport.pl\/index.php?rest_route=\/wp\/v2\/types\/product"}],"replies":[{"embeddable":true,"href":"https:\/\/delikatesy.wineport.pl\/index.php?rest_route=%2Fwp%2Fv2%2Fcomments&post=11574"}],"wp:featuredmedia":[{"embeddable":true,"href":"https:\/\/delikatesy.wineport.pl\/index.php?rest_route=\/wp\/v2\/media\/11573"}],"wp:attachment":[{"href":"https:\/\/delikatesy.wineport.pl\/index.php?rest_route=%2Fwp%2Fv2%2Fmedia&parent=11574"}],"wp:term":[{"taxonomy":"product_cat","embeddable":true,"href":"https:\/\/delikatesy.wineport.pl\/index.php?rest_route=%2Fwp%2Fv2%2Fproduct_cat&post=11574"},{"taxonomy":"product_tag","embeddable":true,"href":"https:\/\/delikatesy.wineport.pl\/index.php?rest_route=%2Fwp%2Fv2%2Fproduct_tag&post=11574"}],"curies":[{"name":"wp","href":"https:\/\/api.w.org\/{rel}","templated":true}]}}