{"id":11862,"date":"2024-03-14T13:32:21","date_gmt":"2024-03-14T12:32:21","guid":{"rendered":"http:\/\/delikatesy.wineport.pl\/?product=estrella-vino-dulce-rosado-valencia-d-o"},"modified":"2026-05-10T18:27:20","modified_gmt":"2026-05-10T16:27:20","slug":"estrella-vino-dulce-rosado-valencia-d-o","status":"publish","type":"product","link":"https:\/\/delikatesy.wineport.pl\/?product=estrella-vino-dulce-rosado-valencia-d-o","title":{"rendered":"ESTRELLA VINO DULCE ROSADO, VALENCIA D.O."},"content":{"rendered":"<p><span class=\"Apple-style-span\" style=\"color: #8b0000; font-family: Tahoma, Verdana, Arial, Helvetica, sans-serif; font-size: 11px;\"><span style=\"color: #ff0000;\">UWAGA!!! NIE WYSY\u0141AMY ALKOHOLU KURIEREM W PRZYPADKU ZAM\u00d3WIE\u0143 OD OS\u00d3B PRYWATNYCH, TYLKO ODBI\u00d3R OSOBISTY NA UL. \u015aW. STANIS\u0141AWA 12 W WARSZAWIE!!! W przypadku op\u0142acenia zam\u00f3wienia alkoholu z wysy\u0142k\u0105, przy zwrocie pieni\u0119dzy zostanie potr\u0105cona prowizja\u00a0<\/span><strong style=\"color: #ff0000;\">DOTPAY<\/strong><span style=\"color: #ff0000;\">!<\/span><\/span><\/p>\n<p><span class=\"Apple-style-span\" style=\"color: #8b0000; font-family: Tahoma, Verdana, Arial, Helvetica, sans-serif; font-size: 11px;\">Wino z r\u00f3\u017cowe, s\u0142odkie z Walencji w Hiszpanii. Szczepy: Moscatel Aleksandryjski (75%)<\/span> <span class=\"Apple-style-span\" style=\"color: #8b0000; font-family: Tahoma, Verdana, Arial, Helvetica, sans-serif; font-size: 11px;\">\u00a0<\/span> <span class=\"Apple-style-span\" style=\"color: #8b0000; font-family: Tahoma, Verdana, Arial, Helvetica, sans-serif; font-size: 11px;\"><br \/> <\/span> <span class=\"Apple-style-span\" style=\"color: #8b0000; font-family: Tahoma, Verdana, Arial, Helvetica, sans-serif; font-size: 11px;\">i Garnacha (25%). Wyr\u00f3\u017cnia si\u0119 s\u0142odycz\u0105, dobrze wywa\u017con\u0105 kwasowo\u015bci\u0105, nutami truskawki<\/span> <span class=\"Apple-style-span\" style=\"color: #8b0000; font-family: Tahoma, Verdana, Arial, Helvetica, sans-serif; font-size: 11px;\">\u00a0<\/span> <span class=\"Apple-style-span\" style=\"color: #8b0000; font-family: Tahoma, Verdana, Arial, Helvetica, sans-serif; font-size: 11px;\"><br \/> <\/span> <span class=\"Apple-style-span\" style=\"color: #8b0000; font-family: Tahoma, Verdana, Arial, Helvetica, sans-serif; font-size: 11px;\">i owoc\u00f3w cytrusowych. Polecane jako aperitif, do deser\u00f3w. Podawa\u0107 sch\u0142odzone do 8-10*C.<\/span> <span class=\"Apple-style-span\" style=\"color: #8b0000; font-family: Tahoma, Verdana, Arial, Helvetica, sans-serif; font-size: 11px;\">\u00a0<\/span><\/p>\n","protected":false},"excerpt":{"rendered":"<p>Wino z r\u00f3\u017cowe, s\u0142odkie z Walencji w Hiszpanii. Szczepy: Moscatel Aleksandryjski (75%) i Garnacha (25%). Wyr\u00f3\u017cnia si\u0119 s\u0142odycz\u0105, dobrze wywa\u017con\u0105 kwasowo\u015bci\u0105, nutami truskawki i owoc\u00f3w cytrusowych. Polecane jako aperitif, do deser\u00f3w. Podawa\u0107 sch\u0142odzone &#8230;<\/p>\n","protected":false},"featured_media":11861,"comment_status":"open","ping_status":"closed","template":"","meta":[],"product_cat":[90,111,80],"product_tag":[],"class_list":{"0":"post-11862","1":"product","2":"type-product","3":"status-publish","4":"has-post-thumbnail","6":"product_cat-hiszpania","7":"product_cat-hiszpania-valencja","8":"product_cat-wina-swiata","10":"first","11":"instock","12":"shipping-taxable","13":"purchasable","14":"product-type-simple"},"_links":{"self":[{"href":"https:\/\/delikatesy.wineport.pl\/index.php?rest_route=\/wp\/v2\/product\/11862","targetHints":{"allow":["GET"]}}],"collection":[{"href":"https:\/\/delikatesy.wineport.pl\/index.php?rest_route=\/wp\/v2\/product"}],"about":[{"href":"https:\/\/delikatesy.wineport.pl\/index.php?rest_route=\/wp\/v2\/types\/product"}],"replies":[{"embeddable":true,"href":"https:\/\/delikatesy.wineport.pl\/index.php?rest_route=%2Fwp%2Fv2%2Fcomments&post=11862"}],"wp:featuredmedia":[{"embeddable":true,"href":"https:\/\/delikatesy.wineport.pl\/index.php?rest_route=\/wp\/v2\/media\/11861"}],"wp:attachment":[{"href":"https:\/\/delikatesy.wineport.pl\/index.php?rest_route=%2Fwp%2Fv2%2Fmedia&parent=11862"}],"wp:term":[{"taxonomy":"product_cat","embeddable":true,"href":"https:\/\/delikatesy.wineport.pl\/index.php?rest_route=%2Fwp%2Fv2%2Fproduct_cat&post=11862"},{"taxonomy":"product_tag","embeddable":true,"href":"https:\/\/delikatesy.wineport.pl\/index.php?rest_route=%2Fwp%2Fv2%2Fproduct_tag&post=11862"}],"curies":[{"name":"wp","href":"https:\/\/api.w.org\/{rel}","templated":true}]}}