{"id":11888,"date":"2024-03-14T13:32:26","date_gmt":"2024-03-14T12:32:26","guid":{"rendered":"http:\/\/delikatesy.wineport.pl\/?product=wino-vega-tempranillo-rioja-15l-butelka-magnum"},"modified":"2026-05-10T18:28:14","modified_gmt":"2026-05-10T16:28:14","slug":"wino-vega-tempranillo-rioja-15l-butelka-magnum","status":"publish","type":"product","link":"https:\/\/delikatesy.wineport.pl\/?product=wino-vega-tempranillo-rioja-15l-butelka-magnum","title":{"rendered":"Wino Vega Tempranillo Rioja 1,5L &#8211; butelka magnum"},"content":{"rendered":"<p><span style=\"color: #ff0000;\">UWAGA!!! NIE WYSY\u0141AMY ALKOHOLU KURIEREM W PRZYPADKU ZAM\u00d3WIE\u0143 OD OS\u00d3B PRYWATNYCH, TYLKO ODBI\u00d3R OSOBISTY NA UL. \u015aW. STANIS\u0141AWA 12 W WARSZAWIE!!! W przypadku op\u0142acenia zam\u00f3wienia alkoholu z wysy\u0142k\u0105, przy zwrocie pieni\u0119dzy zostanie potr\u0105cona prowizja\u00a0<\/span><strong style=\"color: #ff0000;\">DOTPAY<\/strong><span style=\"color: #ff0000;\">!<\/span><\/p>\n<p>czerwone wytrawne<\/p>\n<p> kraj pochodzenia:\u00a0 <span style=\"font-weight: bold;\">Hiszpania<\/span><br \/> pojemno\u015b\u0107: 0,75 l.<br \/> zawarto\u015b\u0107 alk. 12%<\/p>\n<p> Wino o pieknym kolorze rubinu. Dobrze skoncentrowane. G\u0142adkie i \u0142atwe do picia z posmakiem jag\u00f3d i aromatem zi\u00f3\u0142<\/p>\n","protected":false},"excerpt":{"rendered":"<p>czerwone wytrawne kraj pochodzenia: Hiszpania pojemno\u015b\u0107: 0,75 l. zawarto\u015b\u0107 alk. 12% Wino o pieknym kolorze rubinu. Dobrze skoncentrowane. G\u0142adkie i \u0142atwe do picia z posmakiem jag\u00f3d i aromatem zi\u00f3\u0142<\/p>\n","protected":false},"featured_media":11887,"comment_status":"open","ping_status":"closed","template":"","meta":[],"product_cat":[90,113,80],"product_tag":[],"class_list":{"0":"post-11888","1":"product","2":"type-product","3":"status-publish","4":"has-post-thumbnail","6":"product_cat-hiszpania","7":"product_cat-hiszpania-rioja","8":"product_cat-wina-swiata","10":"first","11":"instock","12":"shipping-taxable","13":"purchasable","14":"product-type-simple"},"_links":{"self":[{"href":"https:\/\/delikatesy.wineport.pl\/index.php?rest_route=\/wp\/v2\/product\/11888","targetHints":{"allow":["GET"]}}],"collection":[{"href":"https:\/\/delikatesy.wineport.pl\/index.php?rest_route=\/wp\/v2\/product"}],"about":[{"href":"https:\/\/delikatesy.wineport.pl\/index.php?rest_route=\/wp\/v2\/types\/product"}],"replies":[{"embeddable":true,"href":"https:\/\/delikatesy.wineport.pl\/index.php?rest_route=%2Fwp%2Fv2%2Fcomments&post=11888"}],"wp:featuredmedia":[{"embeddable":true,"href":"https:\/\/delikatesy.wineport.pl\/index.php?rest_route=\/wp\/v2\/media\/11887"}],"wp:attachment":[{"href":"https:\/\/delikatesy.wineport.pl\/index.php?rest_route=%2Fwp%2Fv2%2Fmedia&parent=11888"}],"wp:term":[{"taxonomy":"product_cat","embeddable":true,"href":"https:\/\/delikatesy.wineport.pl\/index.php?rest_route=%2Fwp%2Fv2%2Fproduct_cat&post=11888"},{"taxonomy":"product_tag","embeddable":true,"href":"https:\/\/delikatesy.wineport.pl\/index.php?rest_route=%2Fwp%2Fv2%2Fproduct_tag&post=11888"}],"curies":[{"name":"wp","href":"https:\/\/api.w.org\/{rel}","templated":true}]}}