{"id":11932,"date":"2024-03-14T13:32:40","date_gmt":"2024-03-14T12:32:40","guid":{"rendered":"http:\/\/delikatesy.wineport.pl\/?product=wino-absum-varietales-tinto-075l"},"modified":"2026-05-10T18:28:26","modified_gmt":"2026-05-10T16:28:26","slug":"wino-absum-varietales-tinto-075l","status":"publish","type":"product","link":"https:\/\/delikatesy.wineport.pl\/?product=wino-absum-varietales-tinto-075l","title":{"rendered":"Wino ABSUM Varietales Tinto 0,75L"},"content":{"rendered":"<p class=\"MsoNormal\"><span style=\"mso-bidi-font-size: 10.0pt; mso-bidi-font-family: Tahoma; color: black; mso-bidi-language: #00FF;\"><span style=\"color: #ff0000;\">UWAGA!!! NIE WYSY\u0141AMY ALKOHOLU KURIEREM W PRZYPADKU ZAM\u00d3WIE\u0143 OD OS\u00d3B PRYWATNYCH, TYLKO ODBI\u00d3R OSOBISTY NA UL. \u015aW. STANIS\u0141AWA 12 W WARSZAWIE!!! W przypadku op\u0142acenia zam\u00f3wienia alkoholu z wysy\u0142k\u0105, przy zwrocie pieni\u0119dzy zostanie potr\u0105cona prowizja\u00a0<\/span><strong style=\"color: #ff0000;\">DOTPAY<\/strong><span style=\"color: #ff0000;\">!\u00a0<\/span><\/span><\/p>\n<p class=\"MsoNormal\"><span style=\"mso-bidi-font-size: 10.0pt; mso-bidi-font-family: Tahoma; color: black; mso-bidi-language: #00FF;\">Hiszpa\u0144skie<\/span> <span style=\"mso-bidi-font-size: 10.0pt; mso-bidi-font-family: Tahoma; mso-bidi-language: #00FF;\">, czerwone, wytrawne wino o czystej, wi\u015bniowej barwie z fioletowymi refleksami, dojrzewaj\u0105ce przez 8 miesi\u0119cy w beczkach z d\u0119bu francuskiego na osadzie, <span style=\"color: black;\">dzi\u0119ki czemu zachowane s\u0105 jego pierwotne aromaty. Zosta\u0142o docenione poprzez przyznanie <\/span>92 pkt. Przez Gu\u00ede Pen\u00edn, 89 pkt. przez Roberta Parkera oraz srebrnego medalu na <span style=\"color: black;\">Concours Mondial de Bruxelles<\/span>. <\/span><\/p>\n<p class=\"MsoNormal\" style=\"text-align: justify;\"><span style=\"mso-bidi-font-size: 10.0pt; mso-bidi-font-family: Tahoma; mso-bidi-language: #00FF;\">Nos o wyra\u017anie warietalnym charakterze, wyczuwalnych nutach owoc\u00f3w i przypraw korzennych, kt\u00f3re nadaj\u0105 mu z\u0142o\u017cono\u015bci i klasy. <\/span><\/p>\n<p class=\"MsoNormal\" style=\"text-align: justify;\"><span style=\"mso-bidi-font-size: 10.0pt; mso-bidi-font-family: Tahoma; mso-bidi-language: #00FF;\">W ustach ponownie wyczuwalne s\u0105 owoce z domieszk\u0105 tostu pochodz\u0105cego z dojrzewania w beczkach d\u0119bowych. Wino delikatne, pe\u0142ne, dobrze zbudowane. <\/span><\/p>\n<p class=\"MsoNormal\" style=\"text-align: justify;\"><span style=\"mso-bidi-font-size: 10.0pt; mso-bidi-font-family: Tahoma; mso-bidi-language: #00FF;\">Podawa\u0107, gdy osi\u0105gnie temperatur\u0119 18\u00b0C, najlepiej po dekantacji, do duszonych warzyw, grzyb\u00f3w, ser\u00f3w i mi\u0119s. <\/span><\/p>\n<p class=\"MsoNormal\" style=\"text-align: justify;\"><span style=\"mso-bidi-font-size: 10.0pt; mso-bidi-font-family: Tahoma; color: black; mso-bidi-language: #00FF;\">kraj: Hiszpania <\/span><\/p>\n<p class=\"MsoNormal\" style=\"text-align: justify;\"><span style=\"mso-bidi-font-size: 10.0pt; mso-bidi-font-family: Tahoma; color: black; mso-bidi-language: #00FF;\">region: D.O. Somontano <\/span><\/p>\n<p class=\"MsoNormal\" style=\"text-align: justify;\"><span style=\"mso-bidi-font-size: 10.0pt; mso-bidi-font-family: Tahoma; color: black; mso-bidi-language: #00FF;\">producent: Bodega Irius <\/span><\/p>\n<p class=\"MsoNormal\"><span style=\"mso-bidi-font-size: 10.0pt; mso-bidi-font-family: Tahoma; color: black; mso-bidi-language: #00FF;\">szczep: wieloszczepowe (50% Tempranillo, 35% Merlot, 10% Cabernet Sauvignon, 5% Syrah) <\/span><\/p>\n<p class=\"MsoNormal\"><span style=\"mso-bidi-font-size: 10.0pt; mso-bidi-font-family: Tahoma; color: black; mso-bidi-language: #00FF;\">rocznik: 2008 <\/span><\/p>\n<p class=\"MsoNormal\"><span style=\"mso-bidi-font-size: 10.0pt; mso-bidi-font-family: Tahoma; color: black; mso-bidi-language: #00FF;\">zawarto\u015b\u0107 alk.: 13,5% <\/span><\/p>\n","protected":false},"excerpt":{"rendered":"<p>Hiszpa\u0144skie , czerwone, wytrawne wino o czystej, wi\u015bniowej barwie z fioletowymi refleksami, dojrzewaj\u0105ce przez 8 miesi\u0119cy w beczkach z d\u0119bu francuskiego na osadzie, dzi\u0119ki czemu zachowane s\u0105 jego pierwotne aromaty. Zosta\u0142o docenione poprzez przyznani&#8230;<\/p>\n","protected":false},"featured_media":11931,"comment_status":"open","ping_status":"closed","template":"","meta":[],"product_cat":[90,116,80],"product_tag":[],"class_list":{"0":"post-11932","1":"product","2":"type-product","3":"status-publish","4":"has-post-thumbnail","6":"product_cat-hiszpania","7":"product_cat-hiszpania-somontano","8":"product_cat-wina-swiata","10":"first","11":"instock","12":"shipping-taxable","13":"purchasable","14":"product-type-simple"},"_links":{"self":[{"href":"https:\/\/delikatesy.wineport.pl\/index.php?rest_route=\/wp\/v2\/product\/11932","targetHints":{"allow":["GET"]}}],"collection":[{"href":"https:\/\/delikatesy.wineport.pl\/index.php?rest_route=\/wp\/v2\/product"}],"about":[{"href":"https:\/\/delikatesy.wineport.pl\/index.php?rest_route=\/wp\/v2\/types\/product"}],"replies":[{"embeddable":true,"href":"https:\/\/delikatesy.wineport.pl\/index.php?rest_route=%2Fwp%2Fv2%2Fcomments&post=11932"}],"wp:featuredmedia":[{"embeddable":true,"href":"https:\/\/delikatesy.wineport.pl\/index.php?rest_route=\/wp\/v2\/media\/11931"}],"wp:attachment":[{"href":"https:\/\/delikatesy.wineport.pl\/index.php?rest_route=%2Fwp%2Fv2%2Fmedia&parent=11932"}],"wp:term":[{"taxonomy":"product_cat","embeddable":true,"href":"https:\/\/delikatesy.wineport.pl\/index.php?rest_route=%2Fwp%2Fv2%2Fproduct_cat&post=11932"},{"taxonomy":"product_tag","embeddable":true,"href":"https:\/\/delikatesy.wineport.pl\/index.php?rest_route=%2Fwp%2Fv2%2Fproduct_tag&post=11932"}],"curies":[{"name":"wp","href":"https:\/\/api.w.org\/{rel}","templated":true}]}}