{"id":11934,"date":"2024-03-14T13:32:42","date_gmt":"2024-03-14T12:32:42","guid":{"rendered":"http:\/\/delikatesy.wineport.pl\/?product=wino-cuatro-rayas-verdejo-075l"},"modified":"2026-05-10T18:28:26","modified_gmt":"2026-05-10T16:28:26","slug":"wino-cuatro-rayas-verdejo-075l","status":"publish","type":"product","link":"https:\/\/delikatesy.wineport.pl\/?product=wino-cuatro-rayas-verdejo-075l","title":{"rendered":"Wino CUATRO RAYAS Verdejo 0,75L"},"content":{"rendered":"<p class=\"MsoNormal\"><span style=\"mso-bidi-font-size: 10.0pt; mso-bidi-font-family: Tahoma; color: black; mso-bidi-language: #00FF;\"><span style=\"color: #ff0000;\">UWAGA!!! NIE WYSY\u0141AMY ALKOHOLU KURIEREM W PRZYPADKU ZAM\u00d3WIE\u0143 OD OS\u00d3B PRYWATNYCH, TYLKO ODBI\u00d3R OSOBISTY NA UL. \u015aW. STANIS\u0141AWA 12 W WARSZAWIE!!! W przypadku op\u0142acenia zam\u00f3wienia alkoholu z wysy\u0142k\u0105, przy zwrocie pieni\u0119dzy zostanie potr\u0105cona prowizja\u00a0<\/span><strong style=\"color: #ff0000;\">DOTPAY<\/strong><span style=\"color: #ff0000;\">!<\/span><\/span><\/p>\n<p class=\"MsoNormal\"><span style=\"mso-bidi-font-size: 10.0pt; mso-bidi-font-family: Tahoma; color: black; mso-bidi-language: #00FF;\">Hiszpa\u0144skie bia\u0142e, wytrawne wino, wyprodukowane z winogron pochodz\u0105cych z 35 letnich krzew\u00f3w, rosn\u0105cych w r\u00f3\u017cnych winnicach, znajduj\u0105cych si\u0119 na terenie apelacji D.O. Rueda. Jego nazwa (Cztery Linie) pochodzi od miejsca, w kt\u00f3rym 50 lat temu zbiega\u0142y si\u0119 granice czterech miejscowo\u015bci: La Seca, Rodilana, Medina del Campo i Rueda. Zosta\u0142o ono nazwane Pago de las Cuatro Rayas i sta\u0142o si\u0119 powodem wielu konflikt\u00f3w na tle w\u0142asno\u015bciowym, gdy\u017c w owym czasie stamt\u0105d pochodzi\u0142y najlepsze winogrona Verdejo. <\/span><\/p>\n<p class=\"MsoNormal\"><span style=\"mso-bidi-font-size: 10.0pt; mso-bidi-font-family: Tahoma; color: black; mso-bidi-language: #00FF;\">Wino Cuatro Rayas charakteryzuje si\u0119 czyst\u0105, po\u0142yskuj\u0105c\u0105, cytrynow\u0105 barw\u0105 z zielonkawymi refleksami. <\/span><\/p>\n<p class=\"MsoNormal\" style=\"text-align: justify;\"><span style=\"mso-bidi-font-size: 10.0pt; mso-bidi-font-family: Tahoma; color: black; mso-bidi-language: #00FF;\">W nosie wyra\u017anie wyczuwalne nuty \u015bwie\u017cych owoc\u00f3w, m.in. zielonych jab\u0142ek, z domieszk\u0105 siana i odrobin\u0105 <span style=\"mso-spacerun: yes;\">\u00a0 <\/span>miodu. <\/span><\/p>\n<p class=\"MsoNormal\" style=\"text-align: justify;\"><span style=\"mso-bidi-font-size: 10.0pt; mso-bidi-font-family: Tahoma; color: black; mso-bidi-language: #00FF;\">W ustach \u015bwie\u017ce, wywa\u017cone, smaczne, kr\u0105g\u0142e, bardzo owocowe, z charakterem. Na finiszu delikatnie wyczuwalny koper w\u0142oski, tak charakterystyczny dla win produkowanych ze szczepu Verdejo. <\/span><\/p>\n<p class=\"MsoNormal\"><span style=\"mso-bidi-font-size: 10.0pt; mso-bidi-font-family: Tahoma; color: black; mso-bidi-language: #00FF;\">Podawa\u0107 sch\u0142odzone do temperatury 6-8\u00b0C, najlepiej do ryb i \u015bwie\u017cych owoc\u00f3w morza, makaron\u00f3w, ry\u017cu, ser\u00f3w i bia\u0142ych mi\u0119s. <\/span><\/p>\n<p class=\"MsoNormal\"><span style=\"mso-bidi-font-size: 10.0pt; mso-bidi-font-family: Tahoma; color: black; mso-bidi-language: #00FF;\">Wino wielokrotnie nagradzane na narodowych i mi\u0119dzynarodowych konkursach, ostatnio srebrnymi medalami na International Wine Challenge, Decanter Wine Word i Concours Mondial De Bruxelles. <\/span><\/p>\n<p class=\"MsoNormal\" style=\"text-align: justify;\"><span style=\"mso-bidi-font-size: 10.0pt; mso-bidi-font-family: Tahoma; color: black; mso-bidi-language: #00FF;\">kraj: Hiszpania <\/span><\/p>\n<p class=\"MsoNormal\" style=\"text-align: justify;\"><span style=\"mso-bidi-font-size: 10.0pt; mso-bidi-font-family: Tahoma; color: black; mso-bidi-language: #00FF;\">region: <span style=\"mso-spacerun: yes;\">\u00a0 <\/span><\/span> <span lang=\"ES-TRAD\" style=\"mso-bidi-font-size: 10.0pt; mso-bidi-font-family: Tahoma; color: black; mso-ansi-language: ES-TRAD; mso-bidi-language: #00FF;\">D.O. Rueda <\/span><\/p>\n<p class=\"MsoNormal\" style=\"text-align: justify;\"><span style=\"mso-bidi-font-size: 10.0pt; mso-bidi-font-family: Tahoma; color: black; mso-bidi-language: #00FF;\">producent: Agricola Castellana <\/span><\/p>\n<p class=\"MsoNormal\"><span style=\"mso-bidi-font-size: 10.0pt; mso-bidi-font-family: Tahoma; color: black; mso-bidi-language: #00FF;\">szczep: 100% Verdejo <\/span><\/p>\n<p class=\"MsoNormal\"><span style=\"mso-bidi-font-size: 10.0pt; mso-bidi-font-family: Tahoma; color: black; mso-bidi-language: #00FF;\">rocznik: 2010 <\/span><\/p>\n<p class=\"MsoNormal\"><span style=\"mso-bidi-font-size: 10.0pt; mso-bidi-font-family: Tahoma; color: black; mso-bidi-language: #00FF;\">zawarto\u015b\u0107 alk.: 12,5% <\/span><\/p>\n","protected":false},"excerpt":{"rendered":"<p>Hiszpa\u0144skie bia\u0142e, wytrawne wino, wyprodukowane z winogron pochodz\u0105cych z 35 letnich krzew\u00f3w, rosn\u0105cych w r\u00f3\u017cnych winnicach, znajduj\u0105cych si\u0119 na terenie apelacji D.O. Rueda. Jego nazwa (Cztery Linie) pochodzi od miejsca, w kt\u00f3rym 50 lat temu zbiega\u0142y&#8230;<\/p>\n","protected":false},"featured_media":11933,"comment_status":"open","ping_status":"closed","template":"","meta":[],"product_cat":[90,115,80],"product_tag":[],"class_list":{"0":"post-11934","1":"product","2":"type-product","3":"status-publish","4":"has-post-thumbnail","6":"product_cat-hiszpania","7":"product_cat-hiszpania-rueda","8":"product_cat-wina-swiata","10":"first","11":"instock","12":"shipping-taxable","13":"purchasable","14":"product-type-simple"},"_links":{"self":[{"href":"https:\/\/delikatesy.wineport.pl\/index.php?rest_route=\/wp\/v2\/product\/11934","targetHints":{"allow":["GET"]}}],"collection":[{"href":"https:\/\/delikatesy.wineport.pl\/index.php?rest_route=\/wp\/v2\/product"}],"about":[{"href":"https:\/\/delikatesy.wineport.pl\/index.php?rest_route=\/wp\/v2\/types\/product"}],"replies":[{"embeddable":true,"href":"https:\/\/delikatesy.wineport.pl\/index.php?rest_route=%2Fwp%2Fv2%2Fcomments&post=11934"}],"wp:featuredmedia":[{"embeddable":true,"href":"https:\/\/delikatesy.wineport.pl\/index.php?rest_route=\/wp\/v2\/media\/11933"}],"wp:attachment":[{"href":"https:\/\/delikatesy.wineport.pl\/index.php?rest_route=%2Fwp%2Fv2%2Fmedia&parent=11934"}],"wp:term":[{"taxonomy":"product_cat","embeddable":true,"href":"https:\/\/delikatesy.wineport.pl\/index.php?rest_route=%2Fwp%2Fv2%2Fproduct_cat&post=11934"},{"taxonomy":"product_tag","embeddable":true,"href":"https:\/\/delikatesy.wineport.pl\/index.php?rest_route=%2Fwp%2Fv2%2Fproduct_tag&post=11934"}],"curies":[{"name":"wp","href":"https:\/\/api.w.org\/{rel}","templated":true}]}}