{"id":11942,"date":"2024-03-14T13:32:43","date_gmt":"2024-03-14T12:32:43","guid":{"rendered":"http:\/\/delikatesy.wineport.pl\/?product=castillo-ygay-gran-reserva-especial-rioja-d-o-c"},"modified":"2026-05-10T18:29:09","modified_gmt":"2026-05-10T16:29:09","slug":"castillo-ygay-gran-reserva-especial-rioja-d-o-c","status":"publish","type":"product","link":"https:\/\/delikatesy.wineport.pl\/?product=castillo-ygay-gran-reserva-especial-rioja-d-o-c","title":{"rendered":"CASTILLO YGAY GRAN RESERVA ESPECIAL, RIOJA D.O.C."},"content":{"rendered":"<p><span class=\"Apple-style-span\" style=\"color: #6d6c6c; font-family: georgia, tahoma, helvetica, sans-serif; font-size: 11px; line-height: 17px;\"><span style=\"color: #ff0000;\">UWAGA!!! NIE WYSY\u0141AMY ALKOHOLU KURIEREM W PRZYPADKU ZAM\u00d3WIE\u0143 OD OS\u00d3B PRYWATNYCH, TYLKO ODBI\u00d3R OSOBISTY NA UL. \u015aW. STANIS\u0141AWA 12 W WARSZAWIE!!! W przypadku op\u0142acenia zam\u00f3wienia alkoholu z wysy\u0142k\u0105, przy zwrocie pieni\u0119dzy zostanie potr\u0105cona prowizja\u00a0<\/span><strong style=\"color: #ff0000;\">DOTPAY<\/strong><span style=\"color: #ff0000;\">!<\/span><\/span><\/p>\n<p><span class=\"Apple-style-span\" style=\"color: #6d6c6c; font-family: georgia, tahoma, helvetica, sans-serif; font-size: 11px; line-height: 17px;\">Wino w starym, klasycznym stylu. Nie epatuje moc\u0105 i intensywno\u015bci\u0105, lecz wspania\u0142ym bukietem z nutami wi\u015bni, dymu, dobrego tytoniu i kwa\u015bnej \u015bmietany. W ustach stonowane i eleganckie z d\u0142ugim posmakiem.<\/span><\/p>\n","protected":false},"excerpt":{"rendered":"<p>Wino w starym, klasycznym stylu. Nie epatuje moc\u0105 i intensywno\u015bci\u0105, lecz wspania\u0142ym bukietem z nutami wi\u015bni, dymu, dobrego tytoniu i kwa\u015bnej \u015bmietany. W ustach stonowane i eleganckie z d\u0142ugim posmakiem.<\/p>\n","protected":false},"featured_media":11941,"comment_status":"open","ping_status":"closed","template":"","meta":[],"product_cat":[90,113,80],"product_tag":[],"class_list":{"0":"post-11942","1":"product","2":"type-product","3":"status-publish","4":"has-post-thumbnail","6":"product_cat-hiszpania","7":"product_cat-hiszpania-rioja","8":"product_cat-wina-swiata","10":"first","11":"instock","12":"shipping-taxable","13":"purchasable","14":"product-type-simple"},"_links":{"self":[{"href":"https:\/\/delikatesy.wineport.pl\/index.php?rest_route=\/wp\/v2\/product\/11942","targetHints":{"allow":["GET"]}}],"collection":[{"href":"https:\/\/delikatesy.wineport.pl\/index.php?rest_route=\/wp\/v2\/product"}],"about":[{"href":"https:\/\/delikatesy.wineport.pl\/index.php?rest_route=\/wp\/v2\/types\/product"}],"replies":[{"embeddable":true,"href":"https:\/\/delikatesy.wineport.pl\/index.php?rest_route=%2Fwp%2Fv2%2Fcomments&post=11942"}],"wp:featuredmedia":[{"embeddable":true,"href":"https:\/\/delikatesy.wineport.pl\/index.php?rest_route=\/wp\/v2\/media\/11941"}],"wp:attachment":[{"href":"https:\/\/delikatesy.wineport.pl\/index.php?rest_route=%2Fwp%2Fv2%2Fmedia&parent=11942"}],"wp:term":[{"taxonomy":"product_cat","embeddable":true,"href":"https:\/\/delikatesy.wineport.pl\/index.php?rest_route=%2Fwp%2Fv2%2Fproduct_cat&post=11942"},{"taxonomy":"product_tag","embeddable":true,"href":"https:\/\/delikatesy.wineport.pl\/index.php?rest_route=%2Fwp%2Fv2%2Fproduct_tag&post=11942"}],"curies":[{"name":"wp","href":"https:\/\/api.w.org\/{rel}","templated":true}]}}