{"id":12000,"date":"2024-03-14T13:32:58","date_gmt":"2024-03-14T12:32:58","guid":{"rendered":"http:\/\/delikatesy.wineport.pl\/?product=torre-aldea-doc-rioja-blanco-075l"},"modified":"2026-05-10T18:29:52","modified_gmt":"2026-05-10T16:29:52","slug":"torre-aldea-doc-rioja-blanco-075l","status":"publish","type":"product","link":"https:\/\/delikatesy.wineport.pl\/?product=torre-aldea-doc-rioja-blanco-075l","title":{"rendered":"Torre Aldea DOC Rioja Blanco 0,75l"},"content":{"rendered":"<p class=\"MsoNormal\" style=\"mso-layout-grid-align: none; text-autospace: none;\"><span style=\"font-size: 9.0pt; font-family: ChiantiPL-Roman; mso-bidi-font-family: ChiantiPL-Roman;\"><span style=\"color: #ff0000;\">UWAGA!!! NIE WYSY\u0141AMY ALKOHOLU KURIEREM W PRZYPADKU ZAM\u00d3WIE\u0143 OD OS\u00d3B PRYWATNYCH, TYLKO ODBI\u00d3R OSOBISTY NA UL. \u015aW. STANIS\u0141AWA 12 W WARSZAWIE!!! W przypadku op\u0142acenia zam\u00f3wienia alkoholu z wysy\u0142k\u0105, przy zwrocie pieni\u0119dzy zostanie potr\u0105cona prowizja\u00a0<\/span><strong style=\"color: #ff0000;\">DOTPAY<\/strong><span style=\"color: #ff0000;\">!<\/span><\/span><\/p>\n<p class=\"MsoNormal\" style=\"mso-layout-grid-align: none; text-autospace: none;\"><span style=\"font-size: 9.0pt; font-family: ChiantiPL-Roman; mso-bidi-font-family: ChiantiPL-Roman;\">Wino: Bia\u0142e, wytrawne, gronowe <\/span><\/p>\n<p class=\"MsoNormal\" style=\"mso-layout-grid-align: none; text-autospace: none;\"><span style=\"font-size: 9.0pt; font-family: ChiantiPL-Roman; mso-bidi-font-family: ChiantiPL-Roman;\">Pochodzenie: Hiszpania, region Rioja <\/span><\/p>\n<p class=\"MsoNormal\" style=\"mso-layout-grid-align: none; text-autospace: none;\"><span style=\"font-size: 9.0pt; font-family: ChiantiPL-Roman; mso-bidi-font-family: ChiantiPL-Roman;\">Alkohol: 11,5% <\/span><\/p>\n<p class=\"MsoNormal\" style=\"mso-layout-grid-align: none; text-autospace: none;\"><span style=\"font-size: 9.0pt; font-family: ChiantiPL-Roman; mso-bidi-font-family: ChiantiPL-Roman;\">Opakowanie: butelka 0,75L <\/span><\/p>\n<p class=\"MsoNormal\" style=\"mso-layout-grid-align: none; text-autospace: none;\"><span style=\"font-size: 9.0pt; font-family: ChiantiPL-Roman; mso-bidi-font-family: ChiantiPL-Roman;\">Karton: 12 butelek <\/span><\/p>\n<p class=\"MsoNormal\" style=\"mso-layout-grid-align: none; text-autospace: none;\"><span class=\"Apple-style-span\" style=\"font-size: 12px; font-family: ChiantiPL-Roman;\"><br \/> <\/span><\/p>\n<p class=\"MsoNormal\" style=\"mso-layout-grid-align: none; text-autospace: none;\"><span style=\"font-size: 9.0pt; font-family: ChiantiPL-Roman; mso-bidi-font-family: ChiantiPL-Roman;\">Wino gronowe bia\u0142e wytrawne. Hiszpa\u0144skie wino <\/span><\/p>\n<p class=\"MsoNormal\" style=\"mso-layout-grid-align: none; text-autospace: none;\"><span style=\"font-size: 9.0pt; font-family: ChiantiPL-Roman; mso-bidi-font-family: ChiantiPL-Roman;\">o jasno\u017c\u00f3\u0142tej barwie przetykanej zielonkowatymi <\/span><\/p>\n<p class=\"MsoNormal\" style=\"mso-layout-grid-align: none; text-autospace: none;\"><span style=\"font-size: 9.0pt; font-family: ChiantiPL-Roman; mso-bidi-font-family: ChiantiPL-Roman;\">refleksami. Wino o \u015bwie\u017cym i wyra\u017anym aromacie <\/span><\/p>\n<p class=\"MsoNormal\" style=\"mso-layout-grid-align: none; text-autospace: none;\"><span style=\"font-size: 9.0pt; font-family: ChiantiPL-Roman; mso-bidi-font-family: ChiantiPL-Roman;\">owoc\u00f3w tropikalnych. Doskonale podkre\u015bla smak <\/span><\/p>\n<p class=\"MsoNormal\" style=\"mso-layout-grid-align: none; text-autospace: none;\"><span style=\"font-size: 9.0pt; font-family: ChiantiPL-Roman; mso-bidi-font-family: ChiantiPL-Roman;\">potraw z owoc\u00f3w morza, bia\u0142ych ryb oraz ser\u00f3w. <\/span><\/p>\n","protected":false},"excerpt":{"rendered":"<p>Wino: Bia\u0142e, wytrawne, gronowe Pochodzenie: Hiszpania, region Rioja Alkohol: 11,5% Opakowanie: butelka 0,75L Karton: 12 butelek Wino gronowe bia\u0142e wytrawne. Hiszpa\u0144skie wino o jasno\u017c\u00f3\u0142tej barwie przetykanej zielonkowatymi refleksami. Wino o \u015bwie\u017cym i&#8230;<\/p>\n","protected":false},"featured_media":11999,"comment_status":"open","ping_status":"closed","template":"","meta":[],"product_cat":[90,113,80],"product_tag":[],"class_list":{"0":"post-12000","1":"product","2":"type-product","3":"status-publish","4":"has-post-thumbnail","6":"product_cat-hiszpania","7":"product_cat-hiszpania-rioja","8":"product_cat-wina-swiata","10":"first","11":"instock","12":"shipping-taxable","13":"purchasable","14":"product-type-simple"},"_links":{"self":[{"href":"https:\/\/delikatesy.wineport.pl\/index.php?rest_route=\/wp\/v2\/product\/12000","targetHints":{"allow":["GET"]}}],"collection":[{"href":"https:\/\/delikatesy.wineport.pl\/index.php?rest_route=\/wp\/v2\/product"}],"about":[{"href":"https:\/\/delikatesy.wineport.pl\/index.php?rest_route=\/wp\/v2\/types\/product"}],"replies":[{"embeddable":true,"href":"https:\/\/delikatesy.wineport.pl\/index.php?rest_route=%2Fwp%2Fv2%2Fcomments&post=12000"}],"wp:featuredmedia":[{"embeddable":true,"href":"https:\/\/delikatesy.wineport.pl\/index.php?rest_route=\/wp\/v2\/media\/11999"}],"wp:attachment":[{"href":"https:\/\/delikatesy.wineport.pl\/index.php?rest_route=%2Fwp%2Fv2%2Fmedia&parent=12000"}],"wp:term":[{"taxonomy":"product_cat","embeddable":true,"href":"https:\/\/delikatesy.wineport.pl\/index.php?rest_route=%2Fwp%2Fv2%2Fproduct_cat&post=12000"},{"taxonomy":"product_tag","embeddable":true,"href":"https:\/\/delikatesy.wineport.pl\/index.php?rest_route=%2Fwp%2Fv2%2Fproduct_tag&post=12000"}],"curies":[{"name":"wp","href":"https:\/\/api.w.org\/{rel}","templated":true}]}}