{"id":12299,"date":"2024-03-14T13:34:14","date_gmt":"2024-03-14T12:34:14","guid":{"rendered":"http:\/\/delikatesy.wineport.pl\/?product=wino-fedriani-lafite-075l"},"modified":"2026-05-10T18:35:05","modified_gmt":"2026-05-10T16:35:05","slug":"wino-fedriani-lafite-075l","status":"publish","type":"product","link":"https:\/\/delikatesy.wineport.pl\/?product=wino-fedriani-lafite-075l","title":{"rendered":"Wino Fedriani lafite 0,75L"},"content":{"rendered":"<p><span class=\"Apple-style-span\" style=\"color: #333333; font-family: tahoma, verdana, arial, helvetica, sans-serif; font-size: 12px; background-color: #ffffff;\"><span style=\"color: #ff0000;\">UWAGA!!! NIE WYSY\u0141AMY ALKOHOLU KURIEREM W PRZYPADKU ZAM\u00d3WIE\u0143 OD OS\u00d3B PRYWATNYCH, TYLKO ODBI\u00d3R OSOBISTY NA UL. \u015aW. STANIS\u0141AWA 12 W WARSZAWIE!!! W przypadku op\u0142acenia zam\u00f3wienia alkoholu z wysy\u0142k\u0105, przy zwrocie pieni\u0119dzy zostanie potr\u0105cona prowizja\u00a0<\/span><strong style=\"color: #ff0000;\">DOTPAY<\/strong><span style=\"color: #ff0000;\">!<\/span><\/span><\/p>\n<p><span class=\"Apple-style-span\" style=\"color: #333333; font-family: tahoma, verdana, arial, helvetica, sans-serif; font-size: 12px; background-color: #ffffff;\">Doskona\u0142e wino od Alvarez Nolting z D.O. Valencia<\/span><\/p>\n<div style=\"color: #333333; font-family: tahoma, verdana, arial, helvetica, sans-serif; font-size: 12px; text-align: left; background-color: #ffffff;\">Szczep: Syrah<\/div>\n<div style=\"color: #333333; font-family: tahoma, verdana, arial, helvetica, sans-serif; font-size: 12px; text-align: left; background-color: #ffffff;\">Alk. 13 %<\/div>\n<div style=\"color: #333333; font-family: tahoma, verdana, arial, helvetica, sans-serif; font-size: 12px; text-align: left; background-color: #ffffff;\">Eleganckie wino o doskona\u0142ej strukturze.<\/div>\n<div style=\"color: #333333; font-family: tahoma, verdana, arial, helvetica, sans-serif; font-size: 12px; text-align: left; background-color: #ffffff;\">Idealne do da\u0144 z czerwonych i grillowanych mi\u0119s.<\/div>\n<div style=\"color: #333333; font-family: tahoma, verdana, arial, helvetica, sans-serif; font-size: 12px; text-align: left; background-color: #ffffff;\">Podawa\u0107 w temperaturze 18 C<\/div>\n<div>\u00a0<\/div>\n","protected":false},"excerpt":{"rendered":"<p>Doskona\u0142e wino od Alvarez Nolting z D.O. Valencia Szczep: Syrah Alk. 13 % Eleganckie wino o doskona\u0142ej strukturze. Idealne do da\u0144 z czerwonych i grillowanych mi\u0119s. Podawa\u0107 w temperaturze 18 C<\/p>\n","protected":false},"featured_media":12298,"comment_status":"open","ping_status":"closed","template":"","meta":[],"product_cat":[90,111,80],"product_tag":[],"class_list":{"0":"post-12299","1":"product","2":"type-product","3":"status-publish","4":"has-post-thumbnail","6":"product_cat-hiszpania","7":"product_cat-hiszpania-valencja","8":"product_cat-wina-swiata","10":"first","11":"instock","12":"shipping-taxable","13":"purchasable","14":"product-type-simple"},"_links":{"self":[{"href":"https:\/\/delikatesy.wineport.pl\/index.php?rest_route=\/wp\/v2\/product\/12299","targetHints":{"allow":["GET"]}}],"collection":[{"href":"https:\/\/delikatesy.wineport.pl\/index.php?rest_route=\/wp\/v2\/product"}],"about":[{"href":"https:\/\/delikatesy.wineport.pl\/index.php?rest_route=\/wp\/v2\/types\/product"}],"replies":[{"embeddable":true,"href":"https:\/\/delikatesy.wineport.pl\/index.php?rest_route=%2Fwp%2Fv2%2Fcomments&post=12299"}],"wp:featuredmedia":[{"embeddable":true,"href":"https:\/\/delikatesy.wineport.pl\/index.php?rest_route=\/wp\/v2\/media\/12298"}],"wp:attachment":[{"href":"https:\/\/delikatesy.wineport.pl\/index.php?rest_route=%2Fwp%2Fv2%2Fmedia&parent=12299"}],"wp:term":[{"taxonomy":"product_cat","embeddable":true,"href":"https:\/\/delikatesy.wineport.pl\/index.php?rest_route=%2Fwp%2Fv2%2Fproduct_cat&post=12299"},{"taxonomy":"product_tag","embeddable":true,"href":"https:\/\/delikatesy.wineport.pl\/index.php?rest_route=%2Fwp%2Fv2%2Fproduct_tag&post=12299"}],"curies":[{"name":"wp","href":"https:\/\/api.w.org\/{rel}","templated":true}]}}