{"id":12340,"date":"2024-03-14T13:34:22","date_gmt":"2024-03-14T12:34:22","guid":{"rendered":"http:\/\/delikatesy.wineport.pl\/?product=anthon-berg-buteleczki-czekoladowe-z-likierami-250g"},"modified":"2026-05-10T18:37:10","modified_gmt":"2026-05-10T16:37:10","slug":"anthon-berg-buteleczki-czekoladowe-z-likierami-250g","status":"publish","type":"product","link":"https:\/\/delikatesy.wineport.pl\/?product=anthon-berg-buteleczki-czekoladowe-z-likierami-250g","title":{"rendered":"ANTHON BERG &#8211; buteleczki czekoladowe z likierami 250g"},"content":{"rendered":"<p class=\"MsoNormal\" style=\"margin-bottom:0cm;margin-bottom:.0001pt;line-height: 12.75pt;background:#FDFAF9\">  \t<span style=\"font-size:8.5pt;font-family:\"Tahoma\",\"sans-serif\"; mso-fareast-font-family:\"Times New Roman\";color:#323232;mso-fareast-language: PL\">Anthon Berg to znany w\u015br\u00f3d koneser\u00f3w synonim jako\u015bci, jedna z najstarszych  marek w Danii, z presti\u017cowym tytu\u0142em &#8220;Nadwornego Dostawcy&#8221;. Anthon  Berg to topowy du\u0144ski producent slodyczy klasy ultra premium. Ka\u017cdy wyr\u00f3b tej  firmy to poezja smaku..&nbsp;  \t\t<o:p><\/o:p><\/span><\/p>\n<p class=\"MsoNormal\" style=\"margin-bottom:0cm;margin-bottom:.0001pt;line-height: 12.75pt;background:#FDFAF9\">  \t<span style=\"font-size:8.5pt;font-family:\"Tahoma\",\"sans-serif\"; mso-fareast-font-family:\"Times New Roman\";color:#323232;mso-fareast-language: PL\">&nbsp;<\/span><\/p>\n<p class=\"MsoNormal\" style=\"margin-bottom:0cm;margin-bottom:.0001pt;line-height: 12.75pt;background:#FDFAF9\">  \t<span style=\"font-size:8.5pt;font-family:\"Tahoma\",\"sans-serif\"; mso-fareast-font-family:\"Times New Roman\";color:#323232;mso-fareast-language: PL\"><a href=\"http:\/\/www.anthonberg.com\/\">  \t\t\t<span style=\"color:#323232;text-decoration: none;text-underline:none\">http:\/\/www.anthonberg.com\/<\/span><\/a>  \t\t<o:p><\/o:p><\/span><\/p>\n","protected":false},"excerpt":{"rendered":"<p>Anthon Berg to znany w\u015br\u00f3d koneser\u00f3w synonim jako\u015bci, jedna z najstarszych marek w Danii, z presti\u017cowym tytu\u0142em &#8220;Nadwornego Dostawcy&#8221;. Anthon Berg to topowy du\u0144ski producent slodyczy klasy ultra premium. Ka\u017cdy wyr\u00f3b tej firmy to poezja smaku.. http:\/&#8230;<\/p>\n","protected":false},"featured_media":12339,"comment_status":"open","ping_status":"closed","template":"","meta":[],"product_cat":[173,185],"product_tag":[],"class_list":{"0":"post-12340","1":"product","2":"type-product","3":"status-publish","4":"has-post-thumbnail","6":"product_cat-artykuly-delikatesowe","7":"product_cat-wyroby-czekoladowe","9":"first","10":"instock","11":"shipping-taxable","12":"purchasable","13":"product-type-simple"},"_links":{"self":[{"href":"https:\/\/delikatesy.wineport.pl\/index.php?rest_route=\/wp\/v2\/product\/12340","targetHints":{"allow":["GET"]}}],"collection":[{"href":"https:\/\/delikatesy.wineport.pl\/index.php?rest_route=\/wp\/v2\/product"}],"about":[{"href":"https:\/\/delikatesy.wineport.pl\/index.php?rest_route=\/wp\/v2\/types\/product"}],"replies":[{"embeddable":true,"href":"https:\/\/delikatesy.wineport.pl\/index.php?rest_route=%2Fwp%2Fv2%2Fcomments&post=12340"}],"wp:featuredmedia":[{"embeddable":true,"href":"https:\/\/delikatesy.wineport.pl\/index.php?rest_route=\/wp\/v2\/media\/12339"}],"wp:attachment":[{"href":"https:\/\/delikatesy.wineport.pl\/index.php?rest_route=%2Fwp%2Fv2%2Fmedia&parent=12340"}],"wp:term":[{"taxonomy":"product_cat","embeddable":true,"href":"https:\/\/delikatesy.wineport.pl\/index.php?rest_route=%2Fwp%2Fv2%2Fproduct_cat&post=12340"},{"taxonomy":"product_tag","embeddable":true,"href":"https:\/\/delikatesy.wineport.pl\/index.php?rest_route=%2Fwp%2Fv2%2Fproduct_tag&post=12340"}],"curies":[{"name":"wp","href":"https:\/\/api.w.org\/{rel}","templated":true}]}}