{"id":12396,"date":"2024-03-14T13:34:49","date_gmt":"2024-03-14T12:34:49","guid":{"rendered":"http:\/\/delikatesy.wineport.pl\/?product=wino-protocolo-tempranillo-075l"},"modified":"2026-05-10T18:37:54","modified_gmt":"2026-05-10T16:37:54","slug":"wino-protocolo-tempranillo-075l","status":"publish","type":"product","link":"https:\/\/delikatesy.wineport.pl\/?product=wino-protocolo-tempranillo-075l","title":{"rendered":"Wino Protocolo &#8216;Tempranillo 0,75l"},"content":{"rendered":"<p><span style=\"color: #645445; font-family: Arial, Helvetica, sans-serif; font-size: 14px; line-height: 22px; background-color: #ffffff;\"><span style=\"color: #ff0000;\">UWAGA!!! NIE WYSY\u0141AMY ALKOHOLU KURIEREM W PRZYPADKU ZAM\u00d3WIE\u0143 OD OS\u00d3B PRYWATNYCH, TYLKO ODBI\u00d3R OSOBISTY NA UL. \u015aW. STANIS\u0141AWA 12 W WARSZAWIE!!! W przypadku op\u0142acenia zam\u00f3wienia alkoholu z wysy\u0142k\u0105, przy zwrocie pieni\u0119dzy zostanie potr\u0105cona prowizja\u00a0<\/span><strong style=\"color: #ff0000;\">DOTPAY<\/strong><span style=\"color: #ff0000;\">!<\/span><\/span><\/p>\n<p><span style=\"color: #645445; font-family: Arial, Helvetica, sans-serif; font-size: 14px; line-height: 22px; background-color: #ffffff;\">Rewelacyjne wino zrobione przez jednego z najwybitniejszych Hiszpa\u0144skich wine-maker\u00f3w\u00a0<\/span> <span style=\"color: #444444; font-family: Verdana, Arial, sans-serif; font-size: 12px; line-height: 18px; background-color: #ffffff;\">Marcusa Eguren.<\/span> <span style=\"color: #645445; font-family: Arial, Helvetica, sans-serif; font-size: 14px; line-height: 22px; background-color: #ffffff;\">\u00a0 Wino o nutach ciemnych owoc\u00f3w: czarna porzeczka, je\u017cyny o przyjemnym mi\u0119kkim zako\u0144czeniu. Bardzo dobra relacja jako\u015bci do ceny doceniona prze Wine Enthusiast.<\/span><\/p>\n<div><span style=\"color: #645445; font-family: Arial, Helvetica, sans-serif; font-size: 14px; line-height: 22px; background-color: #ffffff;\"><br \/> <\/span><\/div>\n<div><a href=\"http:\/\/www.obrienswine.ie\/Wine\/21059\/\">http:\/\/www.obrienswine.ie\/Wine\/\/21059\/<\/a>\u00a0w zagranicznym sklepie 8,99 EUR<\/div>\n<div>\n<h2 style=\"color: #e32523; font-size: 14px; font-family: Garamond; padding: 0px; margin: 0px 0px 2px; background-color: #ffffff;\"><br class=\"Apple-interchange-newline\" \/> Wine Enthusiast<\/h2>\n<p style=\"padding: 0px; margin: 0px 0px 10px; line-height: 18px; color: #444444; font-family: Verdana, Arial, sans-serif; font-size: 11px; background-color: #ffffff;\">&#8220;\u201cOne of the best deals in Spanish red wine you\u2019re likely to find. Protocolo has always delivered value but this vintage sets a new high standard&#8221; &#8220;it\u2019s deep, ripe and minty on the nose, with berry power foretelling a pure, lush palate that\u2019s packed with berry flavors and light herbal shadings. Impressive and super tasty, especially given the price.&#8221; &#8220;<br \/> <span style=\"font-weight: bold;\">Ranked No.2 in the Top 100 Best Buys in the World by the influential Wine Enthusiast magazine. &#8211; 01 October 2011<\/span><\/p>\n<\/p><\/div>\n","protected":false},"excerpt":{"rendered":"<p>Rewelacyjne wino zrobione przez jednego z najwybitniejszych Hiszpa\u0144skich wine-maker\u00f3w Marcusa Eguren. Wino o nutach ciemnych owoc\u00f3w: czarna porzeczka, je\u017cyny o przyjemnym mi\u0119kkim zako\u0144czeniu. Bardzo dobra relacja jako\u015bci do ceny doceniona prze Wine E&#8230;<\/p>\n","protected":false},"featured_media":12395,"comment_status":"open","ping_status":"closed","template":"","meta":[],"product_cat":[90,114,80],"product_tag":[],"class_list":{"0":"post-12396","1":"product","2":"type-product","3":"status-publish","4":"has-post-thumbnail","6":"product_cat-hiszpania","7":"product_cat-hiszpania-tierra-de-castilla","8":"product_cat-wina-swiata","10":"first","11":"instock","12":"shipping-taxable","13":"purchasable","14":"product-type-simple"},"_links":{"self":[{"href":"https:\/\/delikatesy.wineport.pl\/index.php?rest_route=\/wp\/v2\/product\/12396","targetHints":{"allow":["GET"]}}],"collection":[{"href":"https:\/\/delikatesy.wineport.pl\/index.php?rest_route=\/wp\/v2\/product"}],"about":[{"href":"https:\/\/delikatesy.wineport.pl\/index.php?rest_route=\/wp\/v2\/types\/product"}],"replies":[{"embeddable":true,"href":"https:\/\/delikatesy.wineport.pl\/index.php?rest_route=%2Fwp%2Fv2%2Fcomments&post=12396"}],"wp:featuredmedia":[{"embeddable":true,"href":"https:\/\/delikatesy.wineport.pl\/index.php?rest_route=\/wp\/v2\/media\/12395"}],"wp:attachment":[{"href":"https:\/\/delikatesy.wineport.pl\/index.php?rest_route=%2Fwp%2Fv2%2Fmedia&parent=12396"}],"wp:term":[{"taxonomy":"product_cat","embeddable":true,"href":"https:\/\/delikatesy.wineport.pl\/index.php?rest_route=%2Fwp%2Fv2%2Fproduct_cat&post=12396"},{"taxonomy":"product_tag","embeddable":true,"href":"https:\/\/delikatesy.wineport.pl\/index.php?rest_route=%2Fwp%2Fv2%2Fproduct_tag&post=12396"}],"curies":[{"name":"wp","href":"https:\/\/api.w.org\/{rel}","templated":true}]}}