{"id":12482,"date":"2024-03-14T13:36:46","date_gmt":"2024-03-14T12:36:46","guid":{"rendered":"http:\/\/delikatesy.wineport.pl\/?product=wino-besitos-valentino-moscato-d-o-valencia-075l"},"modified":"2026-05-10T18:39:05","modified_gmt":"2026-05-10T16:39:05","slug":"wino-besitos-valentino-moscato-d-o-valencia-075l","status":"publish","type":"product","link":"https:\/\/delikatesy.wineport.pl\/?product=wino-besitos-valentino-moscato-d-o-valencia-075l","title":{"rendered":"Wino Besitos Valentino Moscato D.O. Valencia 0,75L"},"content":{"rendered":"<p><span style=\"color: #606060; font-family: Tahoma, Verdana, sans-serif; font-size: 13px; line-height: 17px; text-align: justify; background-color: #ffffff;\"><span style=\"color: #ff0000;\">UWAGA!!! NIE WYSY\u0141AMY ALKOHOLU KURIEREM W PRZYPADKU ZAM\u00d3WIE\u0143 OD OS\u00d3B PRYWATNYCH, TYLKO ODBI\u00d3R OSOBISTY NA UL. \u015aW. STANIS\u0141AWA 12 W WARSZAWIE!!! W przypadku op\u0142acenia zam\u00f3wienia alkoholu z wysy\u0142k\u0105, przy zwrocie pieni\u0119dzy zostanie potr\u0105cona prowizja\u00a0<\/span><strong style=\"color: #ff0000;\">DOTPAY<\/strong><span style=\"color: #ff0000;\">!<\/span><\/span><\/p>\n<p><span style=\"color: #606060; font-family: Tahoma, Verdana, sans-serif; font-size: 13px; line-height: 17px; text-align: justify; background-color: #ffffff;\">P\u00f3\u0142s\u0142odkie bia\u0142e wino z Walencji. Pe\u0142ne, owocowe oddaj\u0105ce wp\u0142yw Morza \u015ar\u00f3dziemnego. Wyprodukowane z dojrza\u0142ych winogron Moscatel. Silny aromat z charakterystycznymi owocowymi nutami lychee oraz sk\u00f3rki pomara\u0144czowej. Podawa\u0107 w temperaturze 6-8 oC<\/span><\/p>\n","protected":false},"excerpt":{"rendered":"<p>P\u00f3\u0142s\u0142odkie bia\u0142e wino z Walencji. Pe\u0142ne, owocowe oddaj\u0105ce wp\u0142yw Morza \u015ar\u00f3dziemnego. Wyprodukowane z dojrza\u0142ych winogron Moscatel. Silny aromat z charakterystycznymi owocowymi nutami lychee oraz sk\u00f3rki pomara\u0144czowej. Podawa\u0107 w temperaturze 6-8 oC<\/p>\n","protected":false},"featured_media":12481,"comment_status":"open","ping_status":"closed","template":"","meta":[],"product_cat":[90,111,80],"product_tag":[],"class_list":{"0":"post-12482","1":"product","2":"type-product","3":"status-publish","4":"has-post-thumbnail","6":"product_cat-hiszpania","7":"product_cat-hiszpania-valencja","8":"product_cat-wina-swiata","10":"first","11":"instock","12":"shipping-taxable","13":"purchasable","14":"product-type-simple"},"_links":{"self":[{"href":"https:\/\/delikatesy.wineport.pl\/index.php?rest_route=\/wp\/v2\/product\/12482","targetHints":{"allow":["GET"]}}],"collection":[{"href":"https:\/\/delikatesy.wineport.pl\/index.php?rest_route=\/wp\/v2\/product"}],"about":[{"href":"https:\/\/delikatesy.wineport.pl\/index.php?rest_route=\/wp\/v2\/types\/product"}],"replies":[{"embeddable":true,"href":"https:\/\/delikatesy.wineport.pl\/index.php?rest_route=%2Fwp%2Fv2%2Fcomments&post=12482"}],"wp:featuredmedia":[{"embeddable":true,"href":"https:\/\/delikatesy.wineport.pl\/index.php?rest_route=\/wp\/v2\/media\/12481"}],"wp:attachment":[{"href":"https:\/\/delikatesy.wineport.pl\/index.php?rest_route=%2Fwp%2Fv2%2Fmedia&parent=12482"}],"wp:term":[{"taxonomy":"product_cat","embeddable":true,"href":"https:\/\/delikatesy.wineport.pl\/index.php?rest_route=%2Fwp%2Fv2%2Fproduct_cat&post=12482"},{"taxonomy":"product_tag","embeddable":true,"href":"https:\/\/delikatesy.wineport.pl\/index.php?rest_route=%2Fwp%2Fv2%2Fproduct_tag&post=12482"}],"curies":[{"name":"wp","href":"https:\/\/api.w.org\/{rel}","templated":true}]}}