{"id":12815,"date":"2024-03-14T13:38:50","date_gmt":"2024-03-14T12:38:50","guid":{"rendered":"http:\/\/delikatesy.wineport.pl\/?product=coto-de-imaz-d-o-c-rioja-gran-reserva"},"modified":"2026-05-10T18:46:11","modified_gmt":"2026-05-10T16:46:11","slug":"coto-de-imaz-d-o-c-rioja-gran-reserva","status":"publish","type":"product","link":"https:\/\/delikatesy.wineport.pl\/?product=coto-de-imaz-d-o-c-rioja-gran-reserva","title":{"rendered":"Coto de Imaz D.O.C. Rioja &#8211; Gran Reserva"},"content":{"rendered":"<p class=\"MsoNormal\"><span style=\"color: #ff0000;\">UWAGA!!! NIE WYSY\u0141AMY ALKOHOLU KURIEREM W PRZYPADKU ZAM\u00d3WIE\u0143 OD OS\u00d3B PRYWATNYCH, TYLKO ODBI\u00d3R OSOBISTY NA UL. \u015aW. STANIS\u0141AWA 12 W WARSZAWIE!!! W przypadku op\u0142acenia zam\u00f3wienia alkoholu z wysy\u0142k\u0105, przy zwrocie pieni\u0119dzy zostanie potr\u0105cona prowizja\u00a0<\/span><strong style=\"color: #ff0000;\">DOTPAY<\/strong><span style=\"color: #ff0000;\">!<\/span><\/p>\n<p class=\"MsoNormal\">Skoncentrowane i cieliste\u00a0<a style=\"outline: none; text-decoration: initial;\" title=\"cssbody=[hint] cssheader=[hintTitle] header=[wino] body=[Wino to nap\u00f3j alkoholowy uzyskiwany w wyniku fermentacji soku z winogron (i tylko z winogron, pozosta\u0142e napoje produkowane z owoc\u00f3w nie moga uzywa\u0107 nazwy wino) . Istniej\u0105 dziesi\u0105tki odmian, smak\" href=\"http:\/\/wineport.pl\/_admin\/index.php?area=2&amp;element=2&amp;cat_id=37&amp;action=edit&amp;id=1630&amp;new=true\"> <span style=\"color: windowtext;\">wino<\/span><\/a>, z potencja\u0142em do d\u0142ugiego le\u017cakowania. Nos zdominowany przez aromaty suszonych owoc\u00f3w, sk\u00f3ry, wanilii, tytoniu.\u00a0<a style=\"outline: none; text-decoration: initial;\" title=\"\" href=\"http:\/\/wineport.pl\/_admin\/index.php?area=2&amp;element=2&amp;cat_id=37&amp;action=edit&amp;id=1630&amp;new=true\"> <span style=\"color: windowtext;\">Wino<\/span><\/a>\u00a0z du\u017cym \u0142adunkiem bardzo mi\u0119kkich tanin, \u0142agodne, kompleksowe i d\u0142ugie. Bodega maj\u0105ca posiad\u0142o\u015bci w Roja Alta i oraz Alavesa, dzia\u0142alno\u015b\u0107 rozpocz\u0119\u0142a na pocz\u0105tku lat 70, bardzo szybko powi\u0119kszaj\u0105c area\u0142y upraw. Obecnie jeden z wiod\u0105cych producent\u00f3w w regionie, kluczem do sukcesy by\u0142a konsekwentna polityka dba\u0142o\u015bci o jako\u015b\u0107 i umiarkowanych cen.\u00a0<\/p>\n","protected":false},"excerpt":{"rendered":"<p>Skoncentrowane i cieliste wino , z potencja\u0142em do d\u0142ugiego le\u017cakowania. Nos zdominowany przez aromaty suszonych owoc\u00f3w, sk\u00f3ry, wanilii, tytoniu. Wino z du\u017cym \u0142adunkiem bardzo mi\u0119kkich tanin, \u0142agodne, kompleksowe i d\u0142ugie. Bodega maj\u0105ca posiad\u0142o\u015bci w &#8230;<\/p>\n","protected":false},"featured_media":12814,"comment_status":"open","ping_status":"closed","template":"","meta":[],"product_cat":[90,113,80],"product_tag":[],"class_list":{"0":"post-12815","1":"product","2":"type-product","3":"status-publish","4":"has-post-thumbnail","6":"product_cat-hiszpania","7":"product_cat-hiszpania-rioja","8":"product_cat-wina-swiata","10":"first","11":"instock","12":"shipping-taxable","13":"purchasable","14":"product-type-simple"},"_links":{"self":[{"href":"https:\/\/delikatesy.wineport.pl\/index.php?rest_route=\/wp\/v2\/product\/12815","targetHints":{"allow":["GET"]}}],"collection":[{"href":"https:\/\/delikatesy.wineport.pl\/index.php?rest_route=\/wp\/v2\/product"}],"about":[{"href":"https:\/\/delikatesy.wineport.pl\/index.php?rest_route=\/wp\/v2\/types\/product"}],"replies":[{"embeddable":true,"href":"https:\/\/delikatesy.wineport.pl\/index.php?rest_route=%2Fwp%2Fv2%2Fcomments&post=12815"}],"wp:featuredmedia":[{"embeddable":true,"href":"https:\/\/delikatesy.wineport.pl\/index.php?rest_route=\/wp\/v2\/media\/12814"}],"wp:attachment":[{"href":"https:\/\/delikatesy.wineport.pl\/index.php?rest_route=%2Fwp%2Fv2%2Fmedia&parent=12815"}],"wp:term":[{"taxonomy":"product_cat","embeddable":true,"href":"https:\/\/delikatesy.wineport.pl\/index.php?rest_route=%2Fwp%2Fv2%2Fproduct_cat&post=12815"},{"taxonomy":"product_tag","embeddable":true,"href":"https:\/\/delikatesy.wineport.pl\/index.php?rest_route=%2Fwp%2Fv2%2Fproduct_tag&post=12815"}],"curies":[{"name":"wp","href":"https:\/\/api.w.org\/{rel}","templated":true}]}}