{"id":12879,"date":"2024-03-14T13:39:14","date_gmt":"2024-03-14T12:39:14","guid":{"rendered":"http:\/\/delikatesy.wineport.pl\/?product=absinth-r-jelinek-70-07l"},"modified":"2026-05-10T18:47:13","modified_gmt":"2026-05-10T16:47:13","slug":"absinth-r-jelinek-70-07l","status":"publish","type":"product","link":"https:\/\/delikatesy.wineport.pl\/?product=absinth-r-jelinek-70-07l","title":{"rendered":"Absinth R Jelinek 70% 0,7L"},"content":{"rendered":"<p class=\"MsoNormal\"><span style=\"color: #ff0000;\">UWAGA!!! NIE WYSY\u0141AMY ALKOHOLU KURIEREM W PRZYPADKU ZAM\u00d3WIE\u0143 OD OS\u00d3B PRYWATNYCH, TYLKO ODBI\u00d3R OSOBISTY NA UL. \u015aW. STANIS\u0141AWA 12 W WARSZAWIE!!! W przypadku op\u0142acenia zam\u00f3wienia alkoholu z wysy\u0142k\u0105, przy zwrocie pieni\u0119dzy zostanie potr\u0105cona prowizja\u00a0<\/span><strong style=\"color: #ff0000;\">DOTPAY<\/strong><span style=\"color: #ff0000;\">!<\/span><\/p>\n<p class=\"MsoNormal\">Firma R.Jelinek ponownie o\u017cywia histori\u0119 tego tradycyjnego napoju jakim jest Absynt. Wyj\u0105tkowo\u015b\u0107 receptury opiera si\u0119 na maceracji wybranych odmian zi\u00f3\u0142 oraz starannej destylacji tego maceratu w miedzianych kot\u0142ach nowoczesnej gorzelni. Wszystkie te czynniki wypywaj\u0105 na fakt, i\u017c Absinth Premium nale\u017cy do kategorii napoj\u00f3w bardzo ekskluzywnych.\u00a0<\/p>\n","protected":false},"excerpt":{"rendered":"<p>Firma R.Jelinek ponownie o\u017cywia histori\u0119 tego tradycyjnego napoju jakim jest Absynt. Wyj\u0105tkowo\u015b\u0107 receptury opiera si\u0119 na maceracji wybranych odmian zi\u00f3\u0142 oraz starannej destylacji tego maceratu w miedzianych kot\u0142ach nowoczesnej gorzelni. Wszystkie te &#8230;<\/p>\n","protected":false},"featured_media":12878,"comment_status":"open","ping_status":"closed","template":"","meta":[],"product_cat":[203,142],"product_tag":[],"class_list":{"0":"post-12879","1":"product","2":"type-product","3":"status-publish","4":"has-post-thumbnail","6":"product_cat-absynt","7":"product_cat-alkohole-mocne","9":"first","10":"instock","11":"shipping-taxable","12":"purchasable","13":"product-type-simple"},"_links":{"self":[{"href":"https:\/\/delikatesy.wineport.pl\/index.php?rest_route=\/wp\/v2\/product\/12879","targetHints":{"allow":["GET"]}}],"collection":[{"href":"https:\/\/delikatesy.wineport.pl\/index.php?rest_route=\/wp\/v2\/product"}],"about":[{"href":"https:\/\/delikatesy.wineport.pl\/index.php?rest_route=\/wp\/v2\/types\/product"}],"replies":[{"embeddable":true,"href":"https:\/\/delikatesy.wineport.pl\/index.php?rest_route=%2Fwp%2Fv2%2Fcomments&post=12879"}],"wp:featuredmedia":[{"embeddable":true,"href":"https:\/\/delikatesy.wineport.pl\/index.php?rest_route=\/wp\/v2\/media\/12878"}],"wp:attachment":[{"href":"https:\/\/delikatesy.wineport.pl\/index.php?rest_route=%2Fwp%2Fv2%2Fmedia&parent=12879"}],"wp:term":[{"taxonomy":"product_cat","embeddable":true,"href":"https:\/\/delikatesy.wineport.pl\/index.php?rest_route=%2Fwp%2Fv2%2Fproduct_cat&post=12879"},{"taxonomy":"product_tag","embeddable":true,"href":"https:\/\/delikatesy.wineport.pl\/index.php?rest_route=%2Fwp%2Fv2%2Fproduct_tag&post=12879"}],"curies":[{"name":"wp","href":"https:\/\/api.w.org\/{rel}","templated":true}]}}