{"id":12881,"date":"2024-03-14T13:39:14","date_gmt":"2024-03-14T12:39:14","guid":{"rendered":"http:\/\/delikatesy.wineport.pl\/?product=absynt-couperosse-05l-60"},"modified":"2026-05-10T18:47:14","modified_gmt":"2026-05-10T16:47:14","slug":"absynt-couperosse-05l-60","status":"publish","type":"product","link":"https:\/\/delikatesy.wineport.pl\/?product=absynt-couperosse-05l-60","title":{"rendered":"Absynt Couperosse 0,5l 60%"},"content":{"rendered":"<p class=\"MsoNormal\"><span style=\"color: #ff0000;\">UWAGA!!! NIE WYSY\u0141AMY ALKOHOLU KURIEREM W PRZYPADKU ZAM\u00d3WIE\u0143 OD OS\u00d3B PRYWATNYCH, TYLKO ODBI\u00d3R OSOBISTY NA UL. \u015aW. STANIS\u0141AWA 12 W WARSZAWIE!!! W przypadku op\u0142acenia zam\u00f3wienia alkoholu z wysy\u0142k\u0105, przy zwrocie pieni\u0119dzy zostanie potr\u0105cona prowizja\u00a0<\/span><strong style=\"color: #ff0000;\">DOTPAY<\/strong><span style=\"color: #ff0000;\">!<\/span><\/p>\n<p class=\"MsoNormal\">Absinthe Couperosee to wyj\u0105tkowy czeski absynt, otrzymywany w procesie destylacji r\u00f3\u017cnego rodzaju zi\u00f3\u0142, przede wszystkim kwiat\u00f3w i li\u015bci pio\u0142unu (Artemisia absinthium) oraz any\u017cu z dodatkiem kopru w\u0142oskiego, hyzopu i innych. Po po\u0142\u0105czeniu z wod\u0105 mlecznieje &#8220;efekt louche&#8221;.\u00a0<br \/> Absinthe Couperose o nietypowym kolorze ognistoczerwonym, jest symbolem M\u0142odo\u015bci, Si\u0142y i Osobowo\u015bci.<\/p>\n<p class=\"MsoNormal\" style=\"outline: none 0px;\">Ste\u017ceniu tujonu 10mg\/ kg mog\u0105ce wywo\u0142a\u0107 w\u0142a\u015bciwo\u015bci psychoaktywne.<\/p>\n<p class=\"MsoNormal\" style=\"outline: none 0px;\">Absinthe Couperose nazywany jest potocznie Czerwon\u0105 Wr\u00f3\u017ck\u0105.<\/p>\n","protected":false},"excerpt":{"rendered":"<p>Absinthe Couperosee to wyj\u0105tkowy czeski absynt, otrzymywany w procesie destylacji r\u00f3\u017cnego rodzaju zi\u00f3\u0142, przede wszystkim kwiat\u00f3w i li\u015bci pio\u0142unu (Artemisia absinthium) oraz any\u017cu z dodatkiem kopru w\u0142oskiego, hyzopu i innych. Po po\u0142\u0105czeniu z wod\u0105 mlec&#8230;<\/p>\n","protected":false},"featured_media":12880,"comment_status":"open","ping_status":"closed","template":"","meta":[],"product_cat":[203,142],"product_tag":[],"class_list":{"0":"post-12881","1":"product","2":"type-product","3":"status-publish","4":"has-post-thumbnail","6":"product_cat-absynt","7":"product_cat-alkohole-mocne","9":"first","10":"instock","11":"shipping-taxable","12":"purchasable","13":"product-type-simple"},"_links":{"self":[{"href":"https:\/\/delikatesy.wineport.pl\/index.php?rest_route=\/wp\/v2\/product\/12881","targetHints":{"allow":["GET"]}}],"collection":[{"href":"https:\/\/delikatesy.wineport.pl\/index.php?rest_route=\/wp\/v2\/product"}],"about":[{"href":"https:\/\/delikatesy.wineport.pl\/index.php?rest_route=\/wp\/v2\/types\/product"}],"replies":[{"embeddable":true,"href":"https:\/\/delikatesy.wineport.pl\/index.php?rest_route=%2Fwp%2Fv2%2Fcomments&post=12881"}],"wp:featuredmedia":[{"embeddable":true,"href":"https:\/\/delikatesy.wineport.pl\/index.php?rest_route=\/wp\/v2\/media\/12880"}],"wp:attachment":[{"href":"https:\/\/delikatesy.wineport.pl\/index.php?rest_route=%2Fwp%2Fv2%2Fmedia&parent=12881"}],"wp:term":[{"taxonomy":"product_cat","embeddable":true,"href":"https:\/\/delikatesy.wineport.pl\/index.php?rest_route=%2Fwp%2Fv2%2Fproduct_cat&post=12881"},{"taxonomy":"product_tag","embeddable":true,"href":"https:\/\/delikatesy.wineport.pl\/index.php?rest_route=%2Fwp%2Fv2%2Fproduct_tag&post=12881"}],"curies":[{"name":"wp","href":"https:\/\/api.w.org\/{rel}","templated":true}]}}