{"id":12889,"date":"2024-03-14T13:39:15","date_gmt":"2024-03-14T12:39:15","guid":{"rendered":"http:\/\/delikatesy.wineport.pl\/?product=absynt-verdoyante-05l-60"},"modified":"2026-05-10T18:47:16","modified_gmt":"2026-05-10T16:47:16","slug":"absynt-verdoyante-05l-60","status":"publish","type":"product","link":"https:\/\/delikatesy.wineport.pl\/?product=absynt-verdoyante-05l-60","title":{"rendered":"Absynt Verdoyante 0,5l 60%"},"content":{"rendered":"<p class=\"MsoNormal\"><span style=\"color: #ff0000;\">UWAGA!!! NIE WYSY\u0141AMY ALKOHOLU KURIEREM W PRZYPADKU ZAM\u00d3WIE\u0143 OD OS\u00d3B PRYWATNYCH, TYLKO ODBI\u00d3R OSOBISTY NA UL. \u015aW. STANIS\u0141AWA 12 W WARSZAWIE!!! W przypadku op\u0142acenia zam\u00f3wienia alkoholu z wysy\u0142k\u0105, przy zwrocie pieni\u0119dzy zostanie potr\u0105cona prowizja\u00a0<\/span><strong style=\"color: #ff0000;\">DOTPAY<\/strong><span style=\"color: #ff0000;\">!<\/span><\/p>\n<p class=\"MsoNormal\">Oryginalny absynt pochodz\u0105cy z Czech. Jest to gorzki trunek w charakterystycznym zielonym kolorze o smaku any\u017cu i kopru w\u0142oskiego z dodatkiem destylatu z pio\u0142unu, kolendry oraz wielu innych zi\u00f3\u0142 i przypraw. Po dolaniu do niego wody m\u0119tnieje co jest charakterystyczne dla absynt\u00f3w z wy\u017cszym st\u0119\u017ceniem olejku any\u017cowego.<\/p>\n","protected":false},"excerpt":{"rendered":"<p>Oryginalny absynt pochodz\u0105cy z Czech. Jest to gorzki trunek w charakterystycznym zielonym kolorze o smaku any\u017cu i kopru w\u0142oskiego z dodatkiem destylatu z pio\u0142unu, kolendry oraz wielu innych zi\u00f3\u0142 i przypraw. Po dolaniu do niego wody m\u0119tnieje co jest c&#8230;<\/p>\n","protected":false},"featured_media":12888,"comment_status":"open","ping_status":"closed","template":"","meta":[],"product_cat":[203,142],"product_tag":[],"class_list":{"0":"post-12889","1":"product","2":"type-product","3":"status-publish","4":"has-post-thumbnail","6":"product_cat-absynt","7":"product_cat-alkohole-mocne","9":"first","10":"instock","11":"shipping-taxable","12":"purchasable","13":"product-type-simple"},"_links":{"self":[{"href":"https:\/\/delikatesy.wineport.pl\/index.php?rest_route=\/wp\/v2\/product\/12889","targetHints":{"allow":["GET"]}}],"collection":[{"href":"https:\/\/delikatesy.wineport.pl\/index.php?rest_route=\/wp\/v2\/product"}],"about":[{"href":"https:\/\/delikatesy.wineport.pl\/index.php?rest_route=\/wp\/v2\/types\/product"}],"replies":[{"embeddable":true,"href":"https:\/\/delikatesy.wineport.pl\/index.php?rest_route=%2Fwp%2Fv2%2Fcomments&post=12889"}],"wp:featuredmedia":[{"embeddable":true,"href":"https:\/\/delikatesy.wineport.pl\/index.php?rest_route=\/wp\/v2\/media\/12888"}],"wp:attachment":[{"href":"https:\/\/delikatesy.wineport.pl\/index.php?rest_route=%2Fwp%2Fv2%2Fmedia&parent=12889"}],"wp:term":[{"taxonomy":"product_cat","embeddable":true,"href":"https:\/\/delikatesy.wineport.pl\/index.php?rest_route=%2Fwp%2Fv2%2Fproduct_cat&post=12889"},{"taxonomy":"product_tag","embeddable":true,"href":"https:\/\/delikatesy.wineport.pl\/index.php?rest_route=%2Fwp%2Fv2%2Fproduct_tag&post=12889"}],"curies":[{"name":"wp","href":"https:\/\/api.w.org\/{rel}","templated":true}]}}