{"id":13088,"date":"2024-03-14T13:40:09","date_gmt":"2024-03-14T12:40:09","guid":{"rendered":"http:\/\/delikatesy.wineport.pl\/?product=brandy-stock-xo-07l-40"},"modified":"2026-05-10T18:51:13","modified_gmt":"2026-05-10T16:51:13","slug":"brandy-stock-xo-07l-40","status":"publish","type":"product","link":"https:\/\/delikatesy.wineport.pl\/?product=brandy-stock-xo-07l-40","title":{"rendered":"BRANDY STOCK XO 0,7L 40%"},"content":{"rendered":"<p class=\"MsoNormal\"><span style=\"color: #ff0000;\">UWAGA!!! NIE WYSY\u0141AMY ALKOHOLU KURIEREM W PRZYPADKU ZAM\u00d3WIE\u0143 OD OS\u00d3B PRYWATNYCH, TYLKO ODBI\u00d3R OSOBISTY NA UL. \u015aW. STANIS\u0141AWA 12 W WARSZAWIE!!! W przypadku op\u0142acenia zam\u00f3wienia alkoholu z wysy\u0142k\u0105, przy zwrocie pieni\u0119dzy zostanie potr\u0105cona prowizja\u00a0<\/span><strong style=\"color: #ff0000;\">DOTPAY<\/strong><span style=\"color: #ff0000;\">!<\/span><\/p>\n<p class=\"MsoNormal\">Stock XO &#8220;Extra Old&#8221; le\u017cakuje w palonych d\u0119bowych beczkach przynajmniej 8 lat, a cz\u0119sto d\u0142u\u017cej. To w\u0142a\u015bnie porowato\u015b\u0107 przepalonych beczek umo\u017cliwia ci\u0105g\u0142y, ograniczony kontakt brandy z powietrzem, kt\u00f3re \u0142agodzi &#8216;surowo\u015b\u0107&#8217; alkoholu. W trakcie le\u017cakowania nabiera klarowno\u015bci, jego cierpki smak uszlachetnia si\u0119, a barwa powoli osi\u0105ga ten jedyny w swoim rodzaju karmelowy odcie\u0144.Stock XO najlepiej smakuje podany w kieliszkach w kszta\u0142cie tulipana, sch\u0142odzony do temperatury 16 st. Celsjusza. Wtedy mo\u017cna delikatnie ogrza\u0107 go ciep\u0142em d\u0142oni. Wydobywa to z niego pe\u0142n\u0105 gam\u0119 aromat\u00f3w. Dojrza\u0142ych, stanowczych , ale delikatnych, starannie dopracowanych.<\/p>\n","protected":false},"excerpt":{"rendered":"<p>Stock XO &#8220;Extra Old&#8221; le\u017cakuje w palonych d\u0119bowych beczkach przynajmniej 8 lat, a cz\u0119sto d\u0142u\u017cej. To w\u0142a\u015bnie porowato\u015b\u0107 przepalonych beczek umo\u017cliwia ci\u0105g\u0142y, ograniczony kontakt brandy z powietrzem, kt\u00f3re \u0142agodzi &#8216;surowo\u015b\u0107&#8217; alkoholu. W trakcie le\u017cakowa&#8230;<\/p>\n","protected":false},"featured_media":13087,"comment_status":"open","ping_status":"closed","template":"","meta":[],"product_cat":[142,146,145,148],"product_tag":[],"class_list":{"0":"post-13088","1":"product","2":"type-product","3":"status-publish","4":"has-post-thumbnail","6":"product_cat-alkohole-mocne","7":"product_cat-armagnac-i-brandy","8":"product_cat-cognac","9":"product_cat-wlochy-armagnac-i-brandy","11":"first","12":"instock","13":"shipping-taxable","14":"purchasable","15":"product-type-simple"},"_links":{"self":[{"href":"https:\/\/delikatesy.wineport.pl\/index.php?rest_route=\/wp\/v2\/product\/13088","targetHints":{"allow":["GET"]}}],"collection":[{"href":"https:\/\/delikatesy.wineport.pl\/index.php?rest_route=\/wp\/v2\/product"}],"about":[{"href":"https:\/\/delikatesy.wineport.pl\/index.php?rest_route=\/wp\/v2\/types\/product"}],"replies":[{"embeddable":true,"href":"https:\/\/delikatesy.wineport.pl\/index.php?rest_route=%2Fwp%2Fv2%2Fcomments&post=13088"}],"wp:featuredmedia":[{"embeddable":true,"href":"https:\/\/delikatesy.wineport.pl\/index.php?rest_route=\/wp\/v2\/media\/13087"}],"wp:attachment":[{"href":"https:\/\/delikatesy.wineport.pl\/index.php?rest_route=%2Fwp%2Fv2%2Fmedia&parent=13088"}],"wp:term":[{"taxonomy":"product_cat","embeddable":true,"href":"https:\/\/delikatesy.wineport.pl\/index.php?rest_route=%2Fwp%2Fv2%2Fproduct_cat&post=13088"},{"taxonomy":"product_tag","embeddable":true,"href":"https:\/\/delikatesy.wineport.pl\/index.php?rest_route=%2Fwp%2Fv2%2Fproduct_tag&post=13088"}],"curies":[{"name":"wp","href":"https:\/\/api.w.org\/{rel}","templated":true}]}}