{"id":13096,"date":"2024-03-14T13:40:10","date_gmt":"2024-03-14T12:40:10","guid":{"rendered":"http:\/\/delikatesy.wineport.pl\/?product=brandy-xo-renaissance-07l"},"modified":"2026-05-10T18:51:15","modified_gmt":"2026-05-10T16:51:15","slug":"brandy-xo-renaissance-07l","status":"publish","type":"product","link":"https:\/\/delikatesy.wineport.pl\/?product=brandy-xo-renaissance-07l","title":{"rendered":"Brandy XO Renaissance 0,7l"},"content":{"rendered":"<p class=\"MsoNormal\"><span style=\"color: #ff0000;\">UWAGA!!! NIE WYSY\u0141AMY ALKOHOLU KURIEREM W PRZYPADKU ZAM\u00d3WIE\u0143 OD OS\u00d3B PRYWATNYCH, TYLKO ODBI\u00d3R OSOBISTY NA UL. \u015aW. STANIS\u0141AWA 12 W WARSZAWIE!!! W przypadku op\u0142acenia zam\u00f3wienia alkoholu z wysy\u0142k\u0105, przy zwrocie pieni\u0119dzy zostanie potr\u0105cona prowizja\u00a0<\/span><strong style=\"color: #ff0000;\">DOTPAY<\/strong><span style=\"color: #ff0000;\">!<\/span><\/p>\n<p class=\"MsoNormal\">Oryginalna francuska brandy wyprodukowana ze starannie wyselekcjonowanych najwy\u017cszej jako\u015bci destylat\u00f3w winnych dojrzewaj\u0105cych w beczkach przez minimum 6 lat. Posiada delikatny, lekko d\u0119bowy smak, intensywny aromat oraz naturalny bursztynowy kolor.<\/p>\n","protected":false},"excerpt":{"rendered":"<p>Oryginalna francuska brandy wyprodukowana ze starannie wyselekcjonowanych najwy\u017cszej jako\u015bci destylat\u00f3w winnych dojrzewaj\u0105cych w beczkach przez minimum 6 lat. Posiada delikatny, lekko d\u0119bowy smak, intensywny aromat oraz naturalny bursztynowy kolor.<\/p>\n","protected":false},"featured_media":13095,"comment_status":"open","ping_status":"closed","template":"","meta":[],"product_cat":[142,146,152,145,149],"product_tag":[],"class_list":{"0":"post-13096","1":"product","2":"type-product","3":"status-publish","4":"has-post-thumbnail","6":"product_cat-alkohole-mocne","7":"product_cat-armagnac-i-brandy","8":"product_cat-brandy","9":"product_cat-cognac","10":"product_cat-francja-armagnac-i-brandy","12":"first","13":"instock","14":"shipping-taxable","15":"purchasable","16":"product-type-simple"},"_links":{"self":[{"href":"https:\/\/delikatesy.wineport.pl\/index.php?rest_route=\/wp\/v2\/product\/13096","targetHints":{"allow":["GET"]}}],"collection":[{"href":"https:\/\/delikatesy.wineport.pl\/index.php?rest_route=\/wp\/v2\/product"}],"about":[{"href":"https:\/\/delikatesy.wineport.pl\/index.php?rest_route=\/wp\/v2\/types\/product"}],"replies":[{"embeddable":true,"href":"https:\/\/delikatesy.wineport.pl\/index.php?rest_route=%2Fwp%2Fv2%2Fcomments&post=13096"}],"wp:featuredmedia":[{"embeddable":true,"href":"https:\/\/delikatesy.wineport.pl\/index.php?rest_route=\/wp\/v2\/media\/13095"}],"wp:attachment":[{"href":"https:\/\/delikatesy.wineport.pl\/index.php?rest_route=%2Fwp%2Fv2%2Fmedia&parent=13096"}],"wp:term":[{"taxonomy":"product_cat","embeddable":true,"href":"https:\/\/delikatesy.wineport.pl\/index.php?rest_route=%2Fwp%2Fv2%2Fproduct_cat&post=13096"},{"taxonomy":"product_tag","embeddable":true,"href":"https:\/\/delikatesy.wineport.pl\/index.php?rest_route=%2Fwp%2Fv2%2Fproduct_tag&post=13096"}],"curies":[{"name":"wp","href":"https:\/\/api.w.org\/{rel}","templated":true}]}}