{"id":13112,"date":"2024-03-14T13:40:13","date_gmt":"2024-03-14T12:40:13","guid":{"rendered":"http:\/\/delikatesy.wineport.pl\/?product=wino-cervantes-polwytrawne-rozowe-075l"},"modified":"2026-05-10T18:51:19","modified_gmt":"2026-05-10T16:51:19","slug":"wino-cervantes-polwytrawne-rozowe-075l","status":"publish","type":"product","link":"https:\/\/delikatesy.wineport.pl\/?product=wino-cervantes-polwytrawne-rozowe-075l","title":{"rendered":"Wino Cervantes &#8211; P\u00f3\u0142wytrawne r\u00f3\u017cowe 0,75L"},"content":{"rendered":"<p><span style=\"color: #ff0000;\">UWAGA!!! NIE WYSY\u0141AMY ALKOHOLU KURIEREM W PRZYPADKU ZAM\u00d3WIE\u0143 OD OS\u00d3B PRYWATNYCH, TYLKO ODBI\u00d3R OSOBISTY NA UL. \u015aW. STANIS\u0141AWA 12 W WARSZAWIE!!! W przypadku op\u0142acenia zam\u00f3wienia alkoholu z wysy\u0142k\u0105, przy zwrocie pieni\u0119dzy zostanie potr\u0105cona prowizja\u00a0<\/span><strong style=\"color: #ff0000;\">DOTPAY<\/strong><span style=\"color: #ff0000;\">!<\/span><\/p>\n<p>Nowo\u015b\u0107 orze\u017awiaj\u0105ce p\u00f3\u0142wytrawne r\u00f3\u017cowe wino z regionu la mancha idealne jako aperitif!<\/p>\n","protected":false},"excerpt":{"rendered":"<p>Nowo\u015b\u0107 orze\u017awiaj\u0105ce p\u00f3\u0142wytrawne r\u00f3\u017cowe wino z regionu la mancha idealne jako aperitif!<\/p>\n","protected":false},"featured_media":13111,"comment_status":"open","ping_status":"closed","template":"","meta":[],"product_cat":[90,91,80],"product_tag":[],"class_list":{"0":"post-13112","1":"product","2":"type-product","3":"status-publish","4":"has-post-thumbnail","6":"product_cat-hiszpania","7":"product_cat-hiszpania-la-mancha","8":"product_cat-wina-swiata","10":"first","11":"instock","12":"shipping-taxable","13":"purchasable","14":"product-type-simple"},"_links":{"self":[{"href":"https:\/\/delikatesy.wineport.pl\/index.php?rest_route=\/wp\/v2\/product\/13112","targetHints":{"allow":["GET"]}}],"collection":[{"href":"https:\/\/delikatesy.wineport.pl\/index.php?rest_route=\/wp\/v2\/product"}],"about":[{"href":"https:\/\/delikatesy.wineport.pl\/index.php?rest_route=\/wp\/v2\/types\/product"}],"replies":[{"embeddable":true,"href":"https:\/\/delikatesy.wineport.pl\/index.php?rest_route=%2Fwp%2Fv2%2Fcomments&post=13112"}],"wp:featuredmedia":[{"embeddable":true,"href":"https:\/\/delikatesy.wineport.pl\/index.php?rest_route=\/wp\/v2\/media\/13111"}],"wp:attachment":[{"href":"https:\/\/delikatesy.wineport.pl\/index.php?rest_route=%2Fwp%2Fv2%2Fmedia&parent=13112"}],"wp:term":[{"taxonomy":"product_cat","embeddable":true,"href":"https:\/\/delikatesy.wineport.pl\/index.php?rest_route=%2Fwp%2Fv2%2Fproduct_cat&post=13112"},{"taxonomy":"product_tag","embeddable":true,"href":"https:\/\/delikatesy.wineport.pl\/index.php?rest_route=%2Fwp%2Fv2%2Fproduct_tag&post=13112"}],"curies":[{"name":"wp","href":"https:\/\/api.w.org\/{rel}","templated":true}]}}