{"id":13216,"date":"2024-03-14T13:40:36","date_gmt":"2024-03-14T12:40:36","guid":{"rendered":"http:\/\/delikatesy.wineport.pl\/?product=likier-malibu-07l"},"modified":"2026-05-10T18:53:05","modified_gmt":"2026-05-10T16:53:05","slug":"likier-malibu-07l","status":"publish","type":"product","link":"https:\/\/delikatesy.wineport.pl\/?product=likier-malibu-07l","title":{"rendered":"Likier Malibu 0,7L"},"content":{"rendered":"<p><span style=\"color: #ff0000; font-size: 16px; font-family: arial, helvetica, sans-serif;\">UWAGA!!! NIE WYSY\u0141AMY ALKOHOLU W PRZYPADKU ZAM\u00d3WIE\u0143 OD OS\u00d3B PRYWATNYCH, TYLKO ODBI\u00d3R OSOBISTY NA UL. \u015aW. STANIS\u0141AWA 12 W WARSZAWIE!!! W przypadku op\u0142acenia zam\u00f3wienia alkoholu z wysy\u0142k\u0105, przy zwrocie pieni\u0119dzy zostanie potr\u0105cona prowizja\u00a0DOTPAY!<\/span><\/p>\n<p><span style=\"color: #ff0000; font-size: 16px; font-family: arial, helvetica, sans-serif;\">\u00a0<\/span><\/p>\n<p class=\"MsoNormal\">Malibu\u00a0\u00a0\u00a0to przyrz\u0105dzany na bazie\u00a0<a title=\"Karaiby\" href=\"http:\/\/pl.wikipedia.org\/wiki\/Karaiby\"> <span style=\"color: black; mso-themecolor: text1; text-decoration: none; text-underline: none;\">karaibskiego<\/span><\/a>\u00a0\u00a0\u00a0<a title=\"Rum\" href=\"http:\/\/pl.wikipedia.org\/wiki\/Rum\"> <span style=\"color: black; mso-themecolor: text1; text-decoration: none; text-underline: none;\">rumu<\/span><\/a>\u00a0\u00a0\u00a0<a title=\"Likier\" href=\"http:\/\/pl.wikipedia.org\/wiki\/Likier\"> <span style=\"color: black; mso-themecolor: text1; text-decoration: none; text-underline: none;\">likier<\/span><\/a>\u00a0\u00a0\u00a0kokosowy o obj\u0119to\u015bciowej zawarto\u015bci\u00a0<a title=\"Etanol\" href=\"http:\/\/pl.wikipedia.org\/wiki\/Etanol\"> <span style=\"color: black; mso-themecolor: text1; text-decoration: none; text-underline: none;\">alkoholu<\/span><\/a>\u00a0\u00a0\u00a018%. Malibu jest mi\u0119dzynarodow\u0105 mark\u0105 dost\u0119pn\u0105 w ponad 150 krajach \u015bwiata, a jej w\u0142a\u015bcicielem jest francuska kompania\u00a0<a title=\"Pernod Ricard\" href=\"http:\/\/pl.wikipedia.org\/wiki\/Pernod_Ricard\"> <span style=\"color: black; mso-themecolor: text1; text-decoration: none; text-underline: none;\">Pernod Ricard<\/span><\/a>\u00a0\u00a0\u00a0. W Polsce Malibu zajmuje pozycj\u0119 lidera w segmencie likier\u00f3w Premium.<\/p>\n","protected":false},"excerpt":{"rendered":"<p>Malibu to przyrz\u0105dzany na bazie karaibskiego rumu likier kokosowy o obj\u0119to\u015bciowej zawarto\u015bci alkoholu 18%. Malibu jest mi\u0119dzynarodow\u0105 mark\u0105 dost\u0119pn\u0105 w ponad 150 krajach \u015bwiata, a jej w\u0142a\u015bcicielem jest francuska kompania Pernod Ricard . W Polsce Malib&#8230;<\/p>\n","protected":false},"featured_media":13215,"comment_status":"open","ping_status":"closed","template":"","meta":[],"product_cat":[105,104,107,106],"product_tag":[],"class_list":{"0":"post-13216","1":"product","2":"type-product","3":"status-publish","4":"has-post-thumbnail","6":"product_cat-kremy","7":"product_cat-likiery","8":"product_cat-likiery-i-kremy","9":"product_cat-nalewki-i-miody","11":"first","12":"instock","13":"shipping-taxable","14":"purchasable","15":"product-type-simple"},"_links":{"self":[{"href":"https:\/\/delikatesy.wineport.pl\/index.php?rest_route=\/wp\/v2\/product\/13216","targetHints":{"allow":["GET"]}}],"collection":[{"href":"https:\/\/delikatesy.wineport.pl\/index.php?rest_route=\/wp\/v2\/product"}],"about":[{"href":"https:\/\/delikatesy.wineport.pl\/index.php?rest_route=\/wp\/v2\/types\/product"}],"replies":[{"embeddable":true,"href":"https:\/\/delikatesy.wineport.pl\/index.php?rest_route=%2Fwp%2Fv2%2Fcomments&post=13216"}],"wp:featuredmedia":[{"embeddable":true,"href":"https:\/\/delikatesy.wineport.pl\/index.php?rest_route=\/wp\/v2\/media\/13215"}],"wp:attachment":[{"href":"https:\/\/delikatesy.wineport.pl\/index.php?rest_route=%2Fwp%2Fv2%2Fmedia&parent=13216"}],"wp:term":[{"taxonomy":"product_cat","embeddable":true,"href":"https:\/\/delikatesy.wineport.pl\/index.php?rest_route=%2Fwp%2Fv2%2Fproduct_cat&post=13216"},{"taxonomy":"product_tag","embeddable":true,"href":"https:\/\/delikatesy.wineport.pl\/index.php?rest_route=%2Fwp%2Fv2%2Fproduct_tag&post=13216"}],"curies":[{"name":"wp","href":"https:\/\/api.w.org\/{rel}","templated":true}]}}