{"id":13234,"date":"2024-03-14T13:40:40","date_gmt":"2024-03-14T12:40:40","guid":{"rendered":"http:\/\/delikatesy.wineport.pl\/?product=whisky-single-malt-arran-10y-07l-46"},"modified":"2026-05-10T18:53:06","modified_gmt":"2026-05-10T16:53:06","slug":"whisky-single-malt-arran-10y-07l-46","status":"publish","type":"product","link":"https:\/\/delikatesy.wineport.pl\/?product=whisky-single-malt-arran-10y-07l-46","title":{"rendered":"WHISKY SINGLE MALT ARRAN 10Y 0,7L 46%"},"content":{"rendered":"<p><span style=\"color: #ff0000; font-size: 16px; font-family: arial, helvetica, sans-serif;\">UWAGA!!! NIE WYSY\u0141AMY ALKOHOLU W PRZYPADKU ZAM\u00d3WIE\u0143 OD OS\u00d3B PRYWATNYCH, TYLKO ODBI\u00d3R OSOBISTY NA UL. \u015aW. STANIS\u0141AWA 12 W WARSZAWIE!!! W przypadku op\u0142acenia zam\u00f3wienia alkoholu z wysy\u0142k\u0105, przy zwrocie pieni\u0119dzy zostanie potr\u0105cona prowizja\u00a0DOTPAY!<\/span><\/p>\n<p><span style=\"color: #ff0000; font-size: 16px; font-family: arial, helvetica, sans-serif;\">\u00a0<\/span><\/p>\n<p class=\"MsoNormal\">Ta 10 letnia whisky o\u017cywia zmys\u0142y niezwykle aromatycznym cytrusowym bukietem po\u0142\u0105czonym z nutami pieczonego jab\u0142ka, czekolady, wanilii oraz toffi, w tle natomiast odczuwalny delikatny posmak miodu i pistacji. To wszystko sprawia ze trunek ten w smaku jest wyj\u0105tkowo delikatny i wysublimowany. Finisz niezwykle \u0142agodny i aksamitnie g\u0142adki. Warto podkre\u015bli\u0107, i\u017c produkt ten zdoby\u0142 srebrny medal oraz tytu\u0142 \u201eBest In Class\u201d na presti\u017cowym, londy\u0144skim konkursie \u201eInternational Wine &amp; Spirit Competition\u201d.<\/p>\n","protected":false},"excerpt":{"rendered":"<p>Ta 10 letnia whisky o\u017cywia zmys\u0142y niezwykle aromatycznym cytrusowym bukietem po\u0142\u0105czonym z nutami pieczonego jab\u0142ka, czekolady, wanilii oraz toffi, w tle natomiast odczuwalny delikatny posmak miodu i pistacji. To wszystko sprawia ze trunek ten w smaku&#8230;<\/p>\n","protected":false},"featured_media":13233,"comment_status":"open","ping_status":"closed","template":"","meta":[],"product_cat":[142,154,143],"product_tag":[],"class_list":{"0":"post-13234","1":"product","2":"type-product","3":"status-publish","4":"has-post-thumbnail","6":"product_cat-alkohole-mocne","7":"product_cat-szkocja","8":"product_cat-whisky","10":"first","11":"instock","12":"shipping-taxable","13":"purchasable","14":"product-type-simple"},"_links":{"self":[{"href":"https:\/\/delikatesy.wineport.pl\/index.php?rest_route=\/wp\/v2\/product\/13234","targetHints":{"allow":["GET"]}}],"collection":[{"href":"https:\/\/delikatesy.wineport.pl\/index.php?rest_route=\/wp\/v2\/product"}],"about":[{"href":"https:\/\/delikatesy.wineport.pl\/index.php?rest_route=\/wp\/v2\/types\/product"}],"replies":[{"embeddable":true,"href":"https:\/\/delikatesy.wineport.pl\/index.php?rest_route=%2Fwp%2Fv2%2Fcomments&post=13234"}],"wp:featuredmedia":[{"embeddable":true,"href":"https:\/\/delikatesy.wineport.pl\/index.php?rest_route=\/wp\/v2\/media\/13233"}],"wp:attachment":[{"href":"https:\/\/delikatesy.wineport.pl\/index.php?rest_route=%2Fwp%2Fv2%2Fmedia&parent=13234"}],"wp:term":[{"taxonomy":"product_cat","embeddable":true,"href":"https:\/\/delikatesy.wineport.pl\/index.php?rest_route=%2Fwp%2Fv2%2Fproduct_cat&post=13234"},{"taxonomy":"product_tag","embeddable":true,"href":"https:\/\/delikatesy.wineport.pl\/index.php?rest_route=%2Fwp%2Fv2%2Fproduct_tag&post=13234"}],"curies":[{"name":"wp","href":"https:\/\/api.w.org\/{rel}","templated":true}]}}