{"id":13455,"date":"2024-03-14T13:44:53","date_gmt":"2024-03-14T12:44:53","guid":{"rendered":"http:\/\/delikatesy.wineport.pl\/?product=cognac-camus-vsop-07l"},"modified":"2026-05-10T18:57:12","modified_gmt":"2026-05-10T16:57:12","slug":"cognac-camus-vsop-07l","status":"publish","type":"product","link":"https:\/\/delikatesy.wineport.pl\/?product=cognac-camus-vsop-07l","title":{"rendered":"COGNAC CAMUS VSOP 0,7L"},"content":{"rendered":"<p class=\"MsoNormal\">\u00a0<span style=\"color: #ff0000;\">UWAGA!!! NIE WYSY\u0141AMY ALKOHOLU KURIEREM W PRZYPADKU ZAM\u00d3WIE\u0143 OD OS\u00d3B PRYWATNYCH, TYLKO ODBI\u00d3R OSOBISTY NA UL. \u015aW. STANIS\u0141AWA 12 W WARSZAWIE!!! W przypadku op\u0142acenia zam\u00f3wienia alkoholu z wysy\u0142k\u0105, przy zwrocie pieni\u0119dzy zostanie potr\u0105cona prowizja\u00a0<\/span><strong style=\"color: #ff0000;\">DOTPAY<\/strong><span style=\"color: #ff0000;\">!<\/span><\/p>\n<p class=\"MsoNormal\">Zachwycaj\u0105cy, presti\u017cowy francuski koniak z region\u00f3w \u0142\u0105cz\u0105cych umiej\u0119tnie i harmonijnie tak odleg\u0142e doznania smakowe, jak soczysto\u015b\u0107 owoc\u00f3w, wo\u0144 kwiat\u00f3w i lekkie nuty kory d\u0119bowej. Camus VSOP to budz\u0105ca respekt fuzja nowoczesno\u015bci, \u017cywio\u0142owo\u015bci z tradycyjnymi metodami produkcji. Butelka z nieszablonow\u0105 etykiet\u0105 opasuj\u0105c\u0105 ca\u0142y jej obw\u00f3d.<\/p>\n<p class=\"MsoNormal\">\u00a0<\/p>\n<p class=\"MsoNormal\">\u00a0<\/p>\n","protected":false},"excerpt":{"rendered":"<p>Zachwycaj\u0105cy, presti\u017cowy francuski koniak z region\u00f3w \u0142\u0105cz\u0105cych umiej\u0119tnie i harmonijnie tak odleg\u0142e doznania smakowe, jak soczysto\u015b\u0107 owoc\u00f3w, wo\u0144 kwiat\u00f3w i lekkie nuty kory d\u0119bowej. Camus VSOP to budz\u0105ca respekt fuzja nowoczesno\u015bci, \u017cywio\u0142owo\u015bci z tra&#8230;<\/p>\n","protected":false},"featured_media":13454,"comment_status":"open","ping_status":"closed","template":"","meta":[],"product_cat":[142,146,150,145,149],"product_tag":[],"class_list":{"0":"post-13455","1":"product","2":"type-product","3":"status-publish","4":"has-post-thumbnail","6":"product_cat-alkohole-mocne","7":"product_cat-armagnac-i-brandy","8":"product_cat-cognac-francja-armagnac-i-brandy","9":"product_cat-cognac","10":"product_cat-francja-armagnac-i-brandy","12":"first","13":"instock","14":"shipping-taxable","15":"purchasable","16":"product-type-simple"},"_links":{"self":[{"href":"https:\/\/delikatesy.wineport.pl\/index.php?rest_route=\/wp\/v2\/product\/13455","targetHints":{"allow":["GET"]}}],"collection":[{"href":"https:\/\/delikatesy.wineport.pl\/index.php?rest_route=\/wp\/v2\/product"}],"about":[{"href":"https:\/\/delikatesy.wineport.pl\/index.php?rest_route=\/wp\/v2\/types\/product"}],"replies":[{"embeddable":true,"href":"https:\/\/delikatesy.wineport.pl\/index.php?rest_route=%2Fwp%2Fv2%2Fcomments&post=13455"}],"wp:featuredmedia":[{"embeddable":true,"href":"https:\/\/delikatesy.wineport.pl\/index.php?rest_route=\/wp\/v2\/media\/13454"}],"wp:attachment":[{"href":"https:\/\/delikatesy.wineport.pl\/index.php?rest_route=%2Fwp%2Fv2%2Fmedia&parent=13455"}],"wp:term":[{"taxonomy":"product_cat","embeddable":true,"href":"https:\/\/delikatesy.wineport.pl\/index.php?rest_route=%2Fwp%2Fv2%2Fproduct_cat&post=13455"},{"taxonomy":"product_tag","embeddable":true,"href":"https:\/\/delikatesy.wineport.pl\/index.php?rest_route=%2Fwp%2Fv2%2Fproduct_tag&post=13455"}],"curies":[{"name":"wp","href":"https:\/\/api.w.org\/{rel}","templated":true}]}}