{"id":13515,"date":"2024-03-14T13:45:15","date_gmt":"2024-03-14T12:45:15","guid":{"rendered":"http:\/\/delikatesy.wineport.pl\/?product=amatista-moscato-blanco-dulce-valencia-d-o"},"modified":"2026-05-10T18:57:59","modified_gmt":"2026-05-10T16:57:59","slug":"amatista-moscato-blanco-dulce-valencia-d-o","status":"publish","type":"product","link":"https:\/\/delikatesy.wineport.pl\/?product=amatista-moscato-blanco-dulce-valencia-d-o","title":{"rendered":"AMATISTA MOSCATO BLANCO DULCE, VALENCIA D.O."},"content":{"rendered":"<p class=\"MsoNormal\"><span style=\"color: #ff0000;\">UWAGA!!! NIE WYSY\u0141AMY ALKOHOLU KURIEREM W PRZYPADKU ZAM\u00d3WIE\u0143 OD OS\u00d3B PRYWATNYCH, TYLKO ODBI\u00d3R OSOBISTY NA UL. \u015aW. STANIS\u0141AWA 12 W WARSZAWIE!!! W przypadku op\u0142acenia zam\u00f3wienia alkoholu z wysy\u0142k\u0105, przy zwrocie pieni\u0119dzy zostanie potr\u0105cona prowizja\u00a0<\/span><strong style=\"color: #ff0000;\">DOTPAY<\/strong><span style=\"color: #ff0000;\">!<\/span><\/p>\n<p class=\"MsoNormal\">nakomite wino klasy frizante czyli lekko musuj\u0105ce z Walencji. Charakteryzuje si\u0119 s\u0142omkowo-\u017c\u00f3\u0142t\u0105 barw\u0105 z zielonymi refleksami. Bukiet jest owocowy, \u015bwie\u017cy, z nutami kwiat\u00f3w.\u00a0 Polecane\u00a0 jako aperitif a tak\u017ce do przystawek i deser\u00f3w. A tak\u017ce do pizzy i sa\u0142at.<\/p>\n","protected":false},"excerpt":{"rendered":"<p>Znakomite wino klasy frizante czyli lekko musuj\u0105ce z Walencji. Charakteryzuje si\u0119 s\u0142omkowo-\u017c\u00f3\u0142t\u0105 barw\u0105 z zielonymi refleksami. Bukiet jest owocowy, \u015bwie\u017cy, z nutami kwiat\u00f3w. Polecane jako aperitif a tak\u017ce do przystawek i deser\u00f3w. A tak\u017ce do pizzy i s&#8230;<\/p>\n","protected":false},"featured_media":13514,"comment_status":"open","ping_status":"closed","template":"","meta":[],"product_cat":[90,111,80],"product_tag":[],"class_list":{"0":"post-13515","1":"product","2":"type-product","3":"status-publish","4":"has-post-thumbnail","6":"product_cat-hiszpania","7":"product_cat-hiszpania-valencja","8":"product_cat-wina-swiata","10":"first","11":"instock","12":"shipping-taxable","13":"purchasable","14":"product-type-simple"},"_links":{"self":[{"href":"https:\/\/delikatesy.wineport.pl\/index.php?rest_route=\/wp\/v2\/product\/13515","targetHints":{"allow":["GET"]}}],"collection":[{"href":"https:\/\/delikatesy.wineport.pl\/index.php?rest_route=\/wp\/v2\/product"}],"about":[{"href":"https:\/\/delikatesy.wineport.pl\/index.php?rest_route=\/wp\/v2\/types\/product"}],"replies":[{"embeddable":true,"href":"https:\/\/delikatesy.wineport.pl\/index.php?rest_route=%2Fwp%2Fv2%2Fcomments&post=13515"}],"wp:featuredmedia":[{"embeddable":true,"href":"https:\/\/delikatesy.wineport.pl\/index.php?rest_route=\/wp\/v2\/media\/13514"}],"wp:attachment":[{"href":"https:\/\/delikatesy.wineport.pl\/index.php?rest_route=%2Fwp%2Fv2%2Fmedia&parent=13515"}],"wp:term":[{"taxonomy":"product_cat","embeddable":true,"href":"https:\/\/delikatesy.wineport.pl\/index.php?rest_route=%2Fwp%2Fv2%2Fproduct_cat&post=13515"},{"taxonomy":"product_tag","embeddable":true,"href":"https:\/\/delikatesy.wineport.pl\/index.php?rest_route=%2Fwp%2Fv2%2Fproduct_tag&post=13515"}],"curies":[{"name":"wp","href":"https:\/\/api.w.org\/{rel}","templated":true}]}}