{"id":13744,"date":"2024-03-14T13:47:37","date_gmt":"2024-03-14T12:47:37","guid":{"rendered":"http:\/\/delikatesy.wineport.pl\/?product=wino-tres-toros-czerwone-polslodkie-075l"},"modified":"2026-05-10T19:02:10","modified_gmt":"2026-05-10T17:02:10","slug":"wino-tres-toros-czerwone-polslodkie-075l","status":"publish","type":"product","link":"https:\/\/delikatesy.wineport.pl\/?product=wino-tres-toros-czerwone-polslodkie-075l","title":{"rendered":"Wino Tres Toros czerwone p\u00f3\u0142s\u0142odkie 0,75L"},"content":{"rendered":"<p><span style=\"color: #ff0000;\">UWAGA!!! NIE WYSY\u0141AMY ALKOHOLU KURIEREM W PRZYPADKU ZAM\u00d3WIE\u0143 OD OS\u00d3B PRYWATNYCH, TYLKO ODBI\u00d3R OSOBISTY NA UL. \u015aW. STANIS\u0141AWA 12 W WARSZAWIE!!! W przypadku op\u0142acenia zam\u00f3wienia alkoholu z wysy\u0142k\u0105, przy zwrocie pieni\u0119dzy zostanie potr\u0105cona prowizja\u00a0<\/span><strong style=\"color: #ff0000;\">DOTPAY<\/strong><span style=\"color: #ff0000;\">!<\/span><\/p>\n<p>Tres Toros to hiszpa\u0144skie czerwone wino, zachwycaj\u0105ce swoj\u0105 pi\u0119kn\u0105, rubinow\u0105 barw\u0105. Dzi\u0119ki dojrzewaniu w pe\u0142nym s\u0142o\u0144cu hiszpa\u0144skich winnic, owoce wytwarzaj\u0105 naturalne pektyny, co skutkuje subteln\u0105 s\u0142odycz\u0105 wina. Jest lekkie i orze\u017awiaj\u0105ce ze\u00a0\u015bwie\u017cym owocowym bukietem. Jest to wino o\u00a0ognistym temperamencie. Owocowe akcenty przeplataj\u0105 si\u0119 wzajemnie przy ka\u017cdym \u0142yku. Wino doskonale nadaje si\u0119 jako aperitif. Nale\u017cy serwowa\u0107 w temperaturze 14-16 stopni Celsjusza. Zawarto\u015b\u0107 alkoholu: 11%<\/p>\n","protected":false},"excerpt":{"rendered":"<p>Tres Toros to hiszpa\u0144skie czerwone wino, zachwycaj\u0105ce swoj\u0105 pi\u0119kn\u0105, rubinow\u0105 barw\u0105. Dzi\u0119ki dojrzewaniu w pe\u0142nym s\u0142o\u0144cu hiszpa\u0144skich winnic, owoce wytwarzaj\u0105 naturalne pektyny, co skutkuje subteln\u0105 s\u0142odycz\u0105 wina. Jest lekkie i orze\u017awiaj\u0105ce ze\u00a0\u015bwie\u017cym owocowym bukietem. Jest to wino o\u00a0ognistym temperamencie. Owocowe akcenty przeplataj\u0105 si\u0119 wzajemnie przy ka\u017cdym \u0142yku. Wino doskonale nadaje si\u0119 jako aperitif. Nale\u017cy serwowa\u0107 w temperaturze 14-16 stopni Celsjusza. Zawarto\u015b\u0107 alkoholu: 11%<\/p>\n","protected":false},"featured_media":13743,"comment_status":"open","ping_status":"closed","template":"","meta":[],"product_cat":[90,91,80],"product_tag":[],"class_list":{"0":"post-13744","1":"product","2":"type-product","3":"status-publish","4":"has-post-thumbnail","6":"product_cat-hiszpania","7":"product_cat-hiszpania-la-mancha","8":"product_cat-wina-swiata","10":"first","11":"instock","12":"shipping-taxable","13":"purchasable","14":"product-type-simple"},"_links":{"self":[{"href":"https:\/\/delikatesy.wineport.pl\/index.php?rest_route=\/wp\/v2\/product\/13744","targetHints":{"allow":["GET"]}}],"collection":[{"href":"https:\/\/delikatesy.wineport.pl\/index.php?rest_route=\/wp\/v2\/product"}],"about":[{"href":"https:\/\/delikatesy.wineport.pl\/index.php?rest_route=\/wp\/v2\/types\/product"}],"replies":[{"embeddable":true,"href":"https:\/\/delikatesy.wineport.pl\/index.php?rest_route=%2Fwp%2Fv2%2Fcomments&post=13744"}],"wp:featuredmedia":[{"embeddable":true,"href":"https:\/\/delikatesy.wineport.pl\/index.php?rest_route=\/wp\/v2\/media\/13743"}],"wp:attachment":[{"href":"https:\/\/delikatesy.wineport.pl\/index.php?rest_route=%2Fwp%2Fv2%2Fmedia&parent=13744"}],"wp:term":[{"taxonomy":"product_cat","embeddable":true,"href":"https:\/\/delikatesy.wineport.pl\/index.php?rest_route=%2Fwp%2Fv2%2Fproduct_cat&post=13744"},{"taxonomy":"product_tag","embeddable":true,"href":"https:\/\/delikatesy.wineport.pl\/index.php?rest_route=%2Fwp%2Fv2%2Fproduct_tag&post=13744"}],"curies":[{"name":"wp","href":"https:\/\/api.w.org\/{rel}","templated":true}]}}