{"id":13902,"date":"2024-03-14T13:49:26","date_gmt":"2024-03-14T12:49:26","guid":{"rendered":"http:\/\/delikatesy.wineport.pl\/?product=wino-fiesta-flamenca-la-mancha-b-pw-075l"},"modified":"2026-05-10T19:04:02","modified_gmt":"2026-05-10T17:04:02","slug":"wino-fiesta-flamenca-la-mancha-b-pw-075l","status":"publish","type":"product","link":"https:\/\/delikatesy.wineport.pl\/?product=wino-fiesta-flamenca-la-mancha-b-pw-075l","title":{"rendered":"Wino Fiesta Flamenca la Mancha b\/pw 0,75L"},"content":{"rendered":"<p><span style=\"color: #ff0000;\">UWAGA!!! NIE WYSY\u0141AMY ALKOHOLU KURIEREM W PRZYPADKU ZAM\u00d3WIE\u0143 OD OS\u00d3B PRYWATNYCH, TYLKO ODBI\u00d3R OSOBISTY NA UL. \u015aW. STANIS\u0141AWA 12 W WARSZAWIE!!! W przypadku op\u0142acenia zam\u00f3wienia alkoholu z wysy\u0142k\u0105, przy zwrocie pieni\u0119dzy zostanie potr\u0105cona prowizja\u00a0<\/span><strong style=\"color: #ff0000;\">DOTPAY<\/strong><span style=\"color: #ff0000;\">!<\/span><\/p>\n<p>Dobrej jako\u015bci bia\u0142e po\u0142wytrawne wino sto\u0142owe z Hiszpa\u0144skim temperamentem. Wino pochodzi\u00a0z regionu La Mancha jest wyprodukowane z wyselekcjonowanych winogron zgodnie z tradycyjnymi metodami. Dzi\u0119ki temu powsta\u0142o dobrze wywa\u017cone i przyjemne w konsumpcji wino. Serwowa\u0107 w temperaturze od 15-16C.\u00a0<\/p>\n","protected":false},"excerpt":{"rendered":"<p>Dobrej jako\u015bci bia\u0142e po\u0142wytrawne wino sto\u0142owe z Hiszpa\u0144skim temperamentem. Wino pochodzi\u00a0z regionu La Mancha jest wyprodukowane z wyselekcjonowanych winogron zgodnie z tradycyjnymi metodami. Dzi\u0119ki temu powsta\u0142o dobrze wywa\u017cone i przyjemne w konsumpcji wino. Serwowa\u0107 w temperaturze od 15-16C.\u00a0<\/p>\n","protected":false},"featured_media":13901,"comment_status":"open","ping_status":"closed","template":"","meta":[],"product_cat":[90,91,80],"product_tag":[],"class_list":{"0":"post-13902","1":"product","2":"type-product","3":"status-publish","4":"has-post-thumbnail","6":"product_cat-hiszpania","7":"product_cat-hiszpania-la-mancha","8":"product_cat-wina-swiata","10":"first","11":"instock","12":"shipping-taxable","13":"purchasable","14":"product-type-simple"},"_links":{"self":[{"href":"https:\/\/delikatesy.wineport.pl\/index.php?rest_route=\/wp\/v2\/product\/13902","targetHints":{"allow":["GET"]}}],"collection":[{"href":"https:\/\/delikatesy.wineport.pl\/index.php?rest_route=\/wp\/v2\/product"}],"about":[{"href":"https:\/\/delikatesy.wineport.pl\/index.php?rest_route=\/wp\/v2\/types\/product"}],"replies":[{"embeddable":true,"href":"https:\/\/delikatesy.wineport.pl\/index.php?rest_route=%2Fwp%2Fv2%2Fcomments&post=13902"}],"wp:featuredmedia":[{"embeddable":true,"href":"https:\/\/delikatesy.wineport.pl\/index.php?rest_route=\/wp\/v2\/media\/13901"}],"wp:attachment":[{"href":"https:\/\/delikatesy.wineport.pl\/index.php?rest_route=%2Fwp%2Fv2%2Fmedia&parent=13902"}],"wp:term":[{"taxonomy":"product_cat","embeddable":true,"href":"https:\/\/delikatesy.wineport.pl\/index.php?rest_route=%2Fwp%2Fv2%2Fproduct_cat&post=13902"},{"taxonomy":"product_tag","embeddable":true,"href":"https:\/\/delikatesy.wineport.pl\/index.php?rest_route=%2Fwp%2Fv2%2Fproduct_tag&post=13902"}],"curies":[{"name":"wp","href":"https:\/\/api.w.org\/{rel}","templated":true}]}}