{"id":13920,"date":"2024-03-14T13:49:32","date_gmt":"2024-03-14T12:49:32","guid":{"rendered":"http:\/\/delikatesy.wineport.pl\/?product=aberlour-16yo-double-cask-40-07l"},"modified":"2026-05-10T19:04:57","modified_gmt":"2026-05-10T17:04:57","slug":"aberlour-16yo-double-cask-40-07l","status":"publish","type":"product","link":"https:\/\/delikatesy.wineport.pl\/?product=aberlour-16yo-double-cask-40-07l","title":{"rendered":"ABERLOUR 16YO DOUBLE CASK 40% 0,7L"},"content":{"rendered":"<p>\u00a0<\/p>\n<p><span style=\"color: #ff0000; font-size: 16px; font-family: arial, helvetica, sans-serif;\">UWAGA!!! NIE WYSY\u0141AMY ALKOHOLU W PRZYPADKU ZAM\u00d3WIE\u0143 OD OS\u00d3B PRYWATNYCH, TYLKO ODBI\u00d3R OSOBISTY NA UL. \u015aW. STANIS\u0141AWA 12 W WARSZAWIE!!! W przypadku op\u0142acenia zam\u00f3wienia alkoholu z wysy\u0142k\u0105, przy zwrocie pieni\u0119dzy zostanie potr\u0105cona prowizja\u00a0DOTPAY!<\/span><\/p>\n<p>\u00a0<\/p>\n<p><span style=\"color: #ff0000; font-size: 16px; font-family: arial, helvetica, sans-serif;\">\u00a0<\/span><\/p>\n<p><span style=\"color: #333333; font-size: 13px; font-family: Arial, sans-serif;\">Aberlour 16 years old trafi\u0142 do podstawowej oferty firmy w 2010 roku. Destylaty pochodz\u0105 z beczek po sherry (w sporej cz\u0119\u015bci pierwsze nape\u0142nienie) i po bourbonie i zosta\u0142y zmieszane bezpo\u015brednio przed butelkowaniem. Wyd\u0142u\u017cona maturacja sprawi\u0142a, \u017ce paleta whisky jest zar\u00f3wno delikatna, jak i pi\u0119knie zbalansowana, co czyni degustacj\u0119\u00a0niezapomnianym prze\u017cyciem. W 2012 roku whisky ta zdoby\u0142a z\u0142oty medal podczas International Wine &amp; Spirit Competition. Aromat: bogaty i kompleksowy, suche p\u0142atki r\u00f3\u017c, pomara\u0144cze, cytryny, rodzynki, suszone \u015bliwki, cynamon, orzechy i goryczka d\u0119bu.Smak: pi\u0119kny balans owocowej s\u0142odyczy, korzennych przypraw, d\u0119biny i gorzkich migda\u0142\u00f3w. Finisz: d\u0142ugi i rozgrzewaj\u0105cy, mi\u00f3d, go\u017adziki i delikatna d\u0119bowa goryczka.<\/span><\/p>\n","protected":false},"excerpt":{"rendered":"<p style=\"color: #333333; font-size: 13px; font-family: Arial, sans-serif;\">Aberlour 16 years old trafi\u0142 do podstawowej oferty firmy w 2010 roku. Destylaty pochodz\u0105 z beczek po sherry (w sporej cz\u0119\u015bci pierwsze nape\u0142nienie) i po bourbonie i zosta\u0142y zmieszane bezpo\u015brednio przed butelkowaniem. Wyd\u0142u\u017cona maturacja sprawi\u0142a, \u017ce paleta whisky jest zar\u00f3wno delikatna, jak i pi\u0119knie zbalansowana, co czyni degustacj\u0119\u00a0niezapomnianym prze\u017cyciem. W 2012 roku whisky ta zdoby\u0142a z\u0142oty medal podczas International Wine &amp; Spirit Competition. Aromat: bogaty i kompleksowy, suche p\u0142atki r\u00f3\u017c, pomara\u0144cze, cytryny, rodzynki, suszone \u015bliwki, cynamon, orzechy i goryczka d\u0119bu.Smak: pi\u0119kny balans owocowej s\u0142odyczy, korzennych przypraw, d\u0119biny i gorzkich migda\u0142\u00f3w. Finisz: d\u0142ugi i rozgrzewaj\u0105cy, mi\u00f3d, go\u017adziki i delikatna d\u0119bowa goryczka.<\/p>\n","protected":false},"featured_media":13919,"comment_status":"open","ping_status":"closed","template":"","meta":[],"product_cat":[142,154,143],"product_tag":[],"class_list":{"0":"post-13920","1":"product","2":"type-product","3":"status-publish","4":"has-post-thumbnail","6":"product_cat-alkohole-mocne","7":"product_cat-szkocja","8":"product_cat-whisky","10":"first","11":"instock","12":"shipping-taxable","13":"purchasable","14":"product-type-simple"},"_links":{"self":[{"href":"https:\/\/delikatesy.wineport.pl\/index.php?rest_route=\/wp\/v2\/product\/13920","targetHints":{"allow":["GET"]}}],"collection":[{"href":"https:\/\/delikatesy.wineport.pl\/index.php?rest_route=\/wp\/v2\/product"}],"about":[{"href":"https:\/\/delikatesy.wineport.pl\/index.php?rest_route=\/wp\/v2\/types\/product"}],"replies":[{"embeddable":true,"href":"https:\/\/delikatesy.wineport.pl\/index.php?rest_route=%2Fwp%2Fv2%2Fcomments&post=13920"}],"wp:featuredmedia":[{"embeddable":true,"href":"https:\/\/delikatesy.wineport.pl\/index.php?rest_route=\/wp\/v2\/media\/13919"}],"wp:attachment":[{"href":"https:\/\/delikatesy.wineport.pl\/index.php?rest_route=%2Fwp%2Fv2%2Fmedia&parent=13920"}],"wp:term":[{"taxonomy":"product_cat","embeddable":true,"href":"https:\/\/delikatesy.wineport.pl\/index.php?rest_route=%2Fwp%2Fv2%2Fproduct_cat&post=13920"},{"taxonomy":"product_tag","embeddable":true,"href":"https:\/\/delikatesy.wineport.pl\/index.php?rest_route=%2Fwp%2Fv2%2Fproduct_tag&post=13920"}],"curies":[{"name":"wp","href":"https:\/\/api.w.org\/{rel}","templated":true}]}}