{"id":14044,"date":"2024-03-14T13:51:21","date_gmt":"2024-03-14T12:51:21","guid":{"rendered":"http:\/\/delikatesy.wineport.pl\/?product=senorio-de-iniesta-syrah-czerwone-wytrawne-075l"},"modified":"2026-05-10T19:07:02","modified_gmt":"2026-05-10T17:07:02","slug":"senorio-de-iniesta-syrah-czerwone-wytrawne-075l","status":"publish","type":"product","link":"https:\/\/delikatesy.wineport.pl\/?product=senorio-de-iniesta-syrah-czerwone-wytrawne-075l","title":{"rendered":"SENORIO DE INIESTA &#8211; SYRAH &#8211; CZERWONE WYTRAWNE 0,75L"},"content":{"rendered":"<p>\u00a0<span style=\"color: #ff0000;\">UWAGA!!! NIE WYSY\u0141AMY ALKOHOLU KURIEREM W PRZYPADKU ZAM\u00d3WIE\u0143 OD OS\u00d3B PRYWATNYCH, TYLKO ODBI\u00d3R OSOBISTY NA UL. \u015aW. STANIS\u0141AWA 12 W WARSZAWIE!!! W przypadku op\u0142acenia zam\u00f3wienia alkoholu z wysy\u0142k\u0105, przy zwrocie pieni\u0119dzy zostanie potr\u0105cona prowizja\u00a0<\/span><strong style=\"color: #ff0000;\">DOTPAY<\/strong><span style=\"color: #ff0000;\">!<\/span><\/p>\n<p align=\"LEFT\"><span style=\"font-family: 'Times New Roman', serif;\"><span style=\"font-size: small;\">Ta edycja specjalna sk\u0142ada si\u0119 z winogron syrah, kt\u00f3re s\u0105 starannie wyselekcjonowane z winnic uprawianych w glebach gliniastych na obrze\u017cach rzeki Cabriel.<\/span><\/span><\/p>\n<p align=\"LEFT\"><span style=\"font-family: 'Times New Roman', serif;\"><span style=\"font-size: small;\">Jasny, mocny fioletowy kolor z fioletowymi odcieniami.\u00a0Owocowy zapach z aromatami dojrza\u0142ych czere\u015bni, czarnej porzeczki i \u015bliwek, w towarzystwie s\u0142odkich przypraw i palonych ziaren kawy.\u00a0<\/span><\/span><\/p>\n<p align=\"LEFT\"><span style=\"font-family: 'Times New Roman', serif;\"><span style=\"font-size: small;\">W ustach wino jest \u015bwie\u017ce i soczyste, z dobrze zintegrowanymi taninami i kwasowo\u015bci\u0105.\u00a0Pi\u0119kne, owocowe wyko\u0144czenie z wybornymi, smacznymi nutami.<\/span><\/span><\/p>\n<p align=\"LEFT\"><span style=\"font-family: 'Times New Roman', serif;\"><span style=\"font-size: small;\">Doskona\u0142y dodatek do kotlet\u00f3w jagni\u0119cych, empanad, \u015brednio dojrza\u0142ych twardych ser\u00f3w, takich jak Manchego lub stary Goud i daty zapakowane w bekon.\u00a0Lepiej podawane na zimno (14-16 \u00b0 C).<\/span><\/span><\/p>\n","protected":false},"excerpt":{"rendered":"<p>\u00a0<\/p>\n<p align=\"LEFT\"><span style=\"font-family: 'Times New Roman', serif;\"><span style=\"font-size: small;\">Ta edycja specjalna sk\u0142ada si\u0119 z winogron syrah, kt\u00f3re s\u0105 starannie wyselekcjonowane z winnic uprawianych w glebach gliniastych na obrze\u017cach rzeki Cabriel.<\/span><\/span><\/p>\n<p align=\"LEFT\"><span style=\"font-family: 'Times New Roman', serif;\"><span style=\"font-size: small;\">Jasny, mocny fioletowy kolor z fioletowymi odcieniami.\u00a0Owocowy zapach z aromatami dojrza\u0142ych czere\u015bni, czarnej porzeczki i \u015bliwek, w towarzystwie s\u0142odkich przypraw i palonych ziaren kawy.\u00a0<\/span><\/span><\/p>\n<p align=\"LEFT\"><span style=\"font-family: 'Times New Roman', serif;\"><span style=\"font-size: small;\">W ustach wino jest \u015bwie\u017ce i soczyste, z dobrze zintegrowanymi taninami i kwasowo\u015bci\u0105.\u00a0Pi\u0119kne, owocowe wyko\u0144czenie z wybornymi, smacznymi nutami.<\/span><\/span><\/p>\n<p align=\"LEFT\"><span style=\"font-family: 'Times New Roman', serif;\"><span style=\"font-size: small;\">Doskona\u0142y dodatek do kotlet\u00f3w jagni\u0119cych, empanad, \u015brednio dojrza\u0142ych twardych ser\u00f3w, takich jak Manchego lub stary Goud i daty zapakowane w bekon.\u00a0Lepiej podawane na zimno (14-16 \u00b0 C).<\/span><\/span><\/p>\n","protected":false},"featured_media":14043,"comment_status":"open","ping_status":"closed","template":"","meta":[],"product_cat":[90,114,80],"product_tag":[],"class_list":{"0":"post-14044","1":"product","2":"type-product","3":"status-publish","4":"has-post-thumbnail","6":"product_cat-hiszpania","7":"product_cat-hiszpania-tierra-de-castilla","8":"product_cat-wina-swiata","10":"first","11":"instock","12":"shipping-taxable","13":"purchasable","14":"product-type-simple"},"_links":{"self":[{"href":"https:\/\/delikatesy.wineport.pl\/index.php?rest_route=\/wp\/v2\/product\/14044","targetHints":{"allow":["GET"]}}],"collection":[{"href":"https:\/\/delikatesy.wineport.pl\/index.php?rest_route=\/wp\/v2\/product"}],"about":[{"href":"https:\/\/delikatesy.wineport.pl\/index.php?rest_route=\/wp\/v2\/types\/product"}],"replies":[{"embeddable":true,"href":"https:\/\/delikatesy.wineport.pl\/index.php?rest_route=%2Fwp%2Fv2%2Fcomments&post=14044"}],"wp:featuredmedia":[{"embeddable":true,"href":"https:\/\/delikatesy.wineport.pl\/index.php?rest_route=\/wp\/v2\/media\/14043"}],"wp:attachment":[{"href":"https:\/\/delikatesy.wineport.pl\/index.php?rest_route=%2Fwp%2Fv2%2Fmedia&parent=14044"}],"wp:term":[{"taxonomy":"product_cat","embeddable":true,"href":"https:\/\/delikatesy.wineport.pl\/index.php?rest_route=%2Fwp%2Fv2%2Fproduct_cat&post=14044"},{"taxonomy":"product_tag","embeddable":true,"href":"https:\/\/delikatesy.wineport.pl\/index.php?rest_route=%2Fwp%2Fv2%2Fproduct_tag&post=14044"}],"curies":[{"name":"wp","href":"https:\/\/api.w.org\/{rel}","templated":true}]}}