{"id":14746,"date":"2024-03-14T14:08:41","date_gmt":"2024-03-14T13:08:41","guid":{"rendered":"http:\/\/delikatesy.wineport.pl\/?product=whisky-scallywag-cask-strength-no-2-541-07l"},"modified":"2026-05-10T19:18:11","modified_gmt":"2026-05-10T17:18:11","slug":"whisky-scallywag-cask-strength-no-2-541-07l","status":"publish","type":"product","link":"https:\/\/delikatesy.wineport.pl\/?product=whisky-scallywag-cask-strength-no-2-541-07l","title":{"rendered":"Whisky Scallywag Cask Strength NO.2 54,1% 0,7L"},"content":{"rendered":"<p>\u00a0<\/p>\n<p><span style=\"color: #ff0000; font-size: 16px; font-family: arial, helvetica, sans-serif;\">UWAGA!!! NIE WYSY\u0141AMY ALKOHOLU W PRZYPADKU ZAM\u00d3WIE\u0143 OD OS\u00d3B PRYWATNYCH, TYLKO ODBI\u00d3R OSOBISTY NA UL. \u015aW. STANIS\u0141AWA 12 W WARSZAWIE!!! W przypadku op\u0142acenia zam\u00f3wienia alkoholu z wysy\u0142k\u0105, przy zwrocie pieni\u0119dzy zostanie potr\u0105cona prowizja\u00a0DOTPAY!<\/span><\/p>\n<p>\u00a0<\/p>\n<p><span style=\"color: #ff0000; font-size: 16px; font-family: arial, helvetica, sans-serif;\">\u00a0<\/span><\/p>\n<p><span style=\"color: #323232; font-family: Tahoma;\">Limitowana edycja blended malt od Douglas Laing &#8211; Scallywag, butelkowana z moc\u0105 54,1%. \u0141\u0105czna edycja to 4800 butelek. W sk\u0142ad receptury wchodz\u0105 destylaty z tak renomowanych destylarni jak Mortlach, Macallan czy Glenrothes. Whisky posiada intensywnie ciemny kolor oraz aromat pomara\u0144czy, cynamonu, imbiru, pieczonych jab\u0142ek i porannej kawy, co jest z pewno\u015bci\u0105 zas\u0142ug\u0105 beczek po sherry.<\/span><\/p>\n","protected":false},"excerpt":{"rendered":"<p><span style=\"color: #323232; font-family: Tahoma;\">Limitowana edycja blended malt od Douglas Laing &#8211; Scallywag, butelkowana z moc\u0105 54,1%. \u0141\u0105czna edycja to 4800 butelek. W sk\u0142ad receptury wchodz\u0105 destylaty z tak renomowanych destylarni jak Mortlach, Macallan czy Glenrothes. Whisky posiada intensywnie ciemny kolor oraz aromat pomara\u0144czy, cynamonu, imbiru, pieczonych jab\u0142ek i porannej kawy, co jest z pewno\u015bci\u0105 zas\u0142ug\u0105 beczek po sherry.<\/span><\/p>\n","protected":false},"featured_media":14745,"comment_status":"open","ping_status":"closed","template":"","meta":[],"product_cat":[142,154,143],"product_tag":[],"class_list":{"0":"post-14746","1":"product","2":"type-product","3":"status-publish","4":"has-post-thumbnail","6":"product_cat-alkohole-mocne","7":"product_cat-szkocja","8":"product_cat-whisky","10":"first","11":"instock","12":"shipping-taxable","13":"purchasable","14":"product-type-simple"},"_links":{"self":[{"href":"https:\/\/delikatesy.wineport.pl\/index.php?rest_route=\/wp\/v2\/product\/14746","targetHints":{"allow":["GET"]}}],"collection":[{"href":"https:\/\/delikatesy.wineport.pl\/index.php?rest_route=\/wp\/v2\/product"}],"about":[{"href":"https:\/\/delikatesy.wineport.pl\/index.php?rest_route=\/wp\/v2\/types\/product"}],"replies":[{"embeddable":true,"href":"https:\/\/delikatesy.wineport.pl\/index.php?rest_route=%2Fwp%2Fv2%2Fcomments&post=14746"}],"wp:featuredmedia":[{"embeddable":true,"href":"https:\/\/delikatesy.wineport.pl\/index.php?rest_route=\/wp\/v2\/media\/14745"}],"wp:attachment":[{"href":"https:\/\/delikatesy.wineport.pl\/index.php?rest_route=%2Fwp%2Fv2%2Fmedia&parent=14746"}],"wp:term":[{"taxonomy":"product_cat","embeddable":true,"href":"https:\/\/delikatesy.wineport.pl\/index.php?rest_route=%2Fwp%2Fv2%2Fproduct_cat&post=14746"},{"taxonomy":"product_tag","embeddable":true,"href":"https:\/\/delikatesy.wineport.pl\/index.php?rest_route=%2Fwp%2Fv2%2Fproduct_tag&post=14746"}],"curies":[{"name":"wp","href":"https:\/\/api.w.org\/{rel}","templated":true}]}}