{"id":15148,"date":"2024-03-14T14:11:21","date_gmt":"2024-03-14T13:11:21","guid":{"rendered":"http:\/\/delikatesy.wineport.pl\/?product=absente-absinthe-55"},"modified":"2026-05-10T19:24:59","modified_gmt":"2026-05-10T17:24:59","slug":"absente-absinthe-55","status":"publish","type":"product","link":"https:\/\/delikatesy.wineport.pl\/?product=absente-absinthe-55","title":{"rendered":"Absente Absinthe 55%"},"content":{"rendered":"<div class=\"c-product__details c-text\" style=\"font-size: 1.4rem; font-family: Helvetica, Tahoma, sans-serif;\">\n<p><span class=\"h-nowrap\"><span style=\"color: #ff0000;\">UWAGA!!! NIE WYSY\u0141AMY ALKOHOLU KURIEREM W PRZYPADKU ZAM\u00d3WIE\u0143 OD OS\u00d3B PRYWATNYCH, TYLKO ODBI\u00d3R OSOBISTY NA UL. \u015aW. STANIS\u0141AWA 12 W WARSZAWIE!!! W przypadku op\u0142acenia zam\u00f3wienia alkoholu z wysy\u0142k\u0105, przy zwrocie pieni\u0119dzy zostanie potr\u0105cona prowizja\u00a0<\/span><strong style=\"color: #ff0000;\">DOTPAY<\/strong><span style=\"color: #ff0000;\">!<\/span><\/span><\/p>\n<p><span class=\"h-nowrap\">Kraj: Francja<\/span>\u00a0<span class=\"h-nowrap\">Region: Prowansja<\/span>\u00a0<span class=\"h-nowrap\">Producent:\u00a0<a href=\"https:\/\/wina-mp.pl\/producent\/distilleries-et-domaines-prove\">Distilleries Et Domaines Prove<\/a>\u00a0<\/span>\u00a0<span class=\"h-nowrap\">Poj.: 0.7<\/span>\u00a0<span class=\"h-nowrap\">Zaw. Alk. %: 55.0<\/span><\/p>\n<\/p><\/div>\n<div class=\"c-product__desc c-text c-text--lh\" style=\"font-size: 1.4rem; font-family: Helvetica, Tahoma, sans-serif;\">\n<p>Absente to likier skomponowany z alkoholu, cukru i wyci\u0105gu z zi\u00f3\u0142, przede wszystkim pio\u0142unu, any\u017cku, melisy i mi\u0119ty. Pio\u0142un jest bardzo gorzki, jednak w tym trunku gorycz ta jest zr\u00f3wnowa\u017cona dosy\u0107 wysok\u0105 zawarto\u015bci\u0105 cukru. Ilo\u015b\u0107 tujonu jest \u015bci\u015ble nadzorowana i zgodna z prawem. Likier o pi\u0119knej, jasnozielonej barwie z \u017c\u00f3\u0142tymi refleksami i subtelnych zio\u0142owych aromatach z wyczuwalnym, dominuj\u0105cym any\u017ckiem. Usta kr\u0105g\u0142e i dobrze zbudowane, ze \u015bwie\u017cym, lekko korzennym finiszem.<\/p>\n<\/p><\/div>\n","protected":false},"excerpt":{"rendered":"<div class=\"c-product__details c-text\" style=\"font-size: 1.4rem; font-family: Helvetica, Tahoma, sans-serif;\">\n<p><span class=\"h-nowrap\">Kraj: Francja<\/span>\u00a0<span class=\"h-nowrap\">Region: Prowansja<\/span>\u00a0<span class=\"h-nowrap\">Producent:\u00a0<a href=\"https:\/\/wina-mp.pl\/producent\/distilleries-et-domaines-prove\">Distilleries Et Domaines Prove<\/a>\u00a0<\/span>\u00a0<span class=\"h-nowrap\">Poj.: 0.7<\/span>\u00a0<span class=\"h-nowrap\">Zaw. Alk. %: 55.0<\/span><\/p>\n<\/p><\/div>\n<div class=\"c-product__desc c-text c-text--lh\" style=\"font-size: 1.4rem; font-family: Helvetica, Tahoma, sans-serif;\">\n<p>Absente to likier skomponowany z alkoholu, cukru i wyci\u0105gu z zi\u00f3\u0142, przede wszystkim pio\u0142unu, any\u017cku, melisy i mi\u0119ty. Pio\u0142un jest bardzo gorzki, jednak w tym trunku gorycz ta jest zr\u00f3wnowa\u017cona dosy\u0107 wysok\u0105 zawarto\u015bci\u0105 cukru. Ilo\u015b\u0107 tujonu jest \u015bci\u015ble nadzorowana i zgodna z prawem. Likier o pi\u0119knej, jasnozielonej barwie z \u017c\u00f3\u0142tymi refleksami i subtelnych zio\u0142owych aromatach z wyczuwalnym, dominuj\u0105cym any\u017ckiem. Usta kr\u0105g\u0142e i dobrze zbudowane, ze \u015bwie\u017cym, lekko korzennym finiszem.<\/p>\n<\/p><\/div>\n","protected":false},"featured_media":15147,"comment_status":"open","ping_status":"closed","template":"","meta":[],"product_cat":[203,142],"product_tag":[],"class_list":{"0":"post-15148","1":"product","2":"type-product","3":"status-publish","4":"has-post-thumbnail","6":"product_cat-absynt","7":"product_cat-alkohole-mocne","9":"first","10":"instock","11":"shipping-taxable","12":"purchasable","13":"product-type-simple"},"_links":{"self":[{"href":"https:\/\/delikatesy.wineport.pl\/index.php?rest_route=\/wp\/v2\/product\/15148","targetHints":{"allow":["GET"]}}],"collection":[{"href":"https:\/\/delikatesy.wineport.pl\/index.php?rest_route=\/wp\/v2\/product"}],"about":[{"href":"https:\/\/delikatesy.wineport.pl\/index.php?rest_route=\/wp\/v2\/types\/product"}],"replies":[{"embeddable":true,"href":"https:\/\/delikatesy.wineport.pl\/index.php?rest_route=%2Fwp%2Fv2%2Fcomments&post=15148"}],"wp:featuredmedia":[{"embeddable":true,"href":"https:\/\/delikatesy.wineport.pl\/index.php?rest_route=\/wp\/v2\/media\/15147"}],"wp:attachment":[{"href":"https:\/\/delikatesy.wineport.pl\/index.php?rest_route=%2Fwp%2Fv2%2Fmedia&parent=15148"}],"wp:term":[{"taxonomy":"product_cat","embeddable":true,"href":"https:\/\/delikatesy.wineport.pl\/index.php?rest_route=%2Fwp%2Fv2%2Fproduct_cat&post=15148"},{"taxonomy":"product_tag","embeddable":true,"href":"https:\/\/delikatesy.wineport.pl\/index.php?rest_route=%2Fwp%2Fv2%2Fproduct_tag&post=15148"}],"curies":[{"name":"wp","href":"https:\/\/api.w.org\/{rel}","templated":true}]}}