{"id":15150,"date":"2024-03-14T14:11:22","date_gmt":"2024-03-14T13:11:22","guid":{"rendered":"http:\/\/delikatesy.wineport.pl\/?product=grande-absente-69"},"modified":"2026-05-10T19:24:59","modified_gmt":"2026-05-10T17:24:59","slug":"grande-absente-69","status":"publish","type":"product","link":"https:\/\/delikatesy.wineport.pl\/?product=grande-absente-69","title":{"rendered":"Grande Absente 69%"},"content":{"rendered":"<div class=\"c-product__details c-text\" style=\"font-size: 1.4rem; font-family: Helvetica, Tahoma, sans-serif;\">\n<p><span class=\"h-nowrap\"><span style=\"color: #ff0000;\">UWAGA!!! NIE WYSY\u0141AMY ALKOHOLU KURIEREM W PRZYPADKU ZAM\u00d3WIE\u0143 OD OS\u00d3B PRYWATNYCH, TYLKO ODBI\u00d3R OSOBISTY NA UL. \u015aW. STANIS\u0141AWA 12 W WARSZAWIE!!! W przypadku op\u0142acenia zam\u00f3wienia alkoholu z wysy\u0142k\u0105, przy zwrocie pieni\u0119dzy zostanie potr\u0105cona prowizja\u00a0<\/span><strong style=\"color: #ff0000;\">DOTPAY<\/strong><span style=\"color: #ff0000;\">!<\/span><\/span><\/p>\n<p><span class=\"h-nowrap\">Kraj: Francja<\/span>\u00a0<span class=\"h-nowrap\">Region: Prowansja<\/span>\u00a0<span class=\"h-nowrap\">Producent:\u00a0<a href=\"https:\/\/wina-mp.pl\/producent\/distilleries-et-domaines-prove\">Distilleries Et Domaines Prove<\/a>\u00a0<\/span>\u00a0<span class=\"h-nowrap\">Poj.: 0.7<\/span>\u00a0<span class=\"h-nowrap\">Zaw. Alk. %: 69.0<\/span><\/p>\n<\/p><\/div>\n<div class=\"c-product__desc c-text c-text--lh\" style=\"font-size: 1.4rem; font-family: Helvetica, Tahoma, sans-serif;\">\n<p>Grande Absente to kompozycja alkoholu, cukru, wyci\u0105gu z pio\u0142unu, any\u017cu, melisy, mi\u0119ty i naturalnych barwnik\u00f3w. Trunek charakteryzuje si\u0119 bardzo intensywnymi aromatami mentolu, kamfory, \u015bwie\u017cego any\u017cu i przypraw korzennych. Grande Absente zawiera du\u017co pio\u0142unu, kt\u00f3ry nadaje mu charakterystycznej goryczy. R\u00f3wnie\u017c zawarto\u015b\u0107 alkoholu jest do\u015b\u0107 wysoka (69%), a zawarto\u015b\u0107 tujonu w Zielonej Wr\u00f3\u017cce \u2013 najwy\u017csza dopuszczalna prawnie. To produkt autentyczny, prowokacyjny i wyj\u0105tkowy. Typowy bitter o wysokim alkoholu i wyczuwalnej goryczy.<\/p>\n<\/p><\/div>\n","protected":false},"excerpt":{"rendered":"<div class=\"c-product__details c-text\" style=\"font-size: 1.4rem; font-family: Helvetica, Tahoma, sans-serif;\">\n<p><span class=\"h-nowrap\">Kraj: Francja<\/span>\u00a0<span class=\"h-nowrap\">Region: Prowansja<\/span>\u00a0<span class=\"h-nowrap\">Producent:\u00a0<a href=\"https:\/\/wina-mp.pl\/producent\/distilleries-et-domaines-prove\">Distilleries Et Domaines Prove<\/a>\u00a0<\/span>\u00a0<span class=\"h-nowrap\">Poj.: 0.7<\/span>\u00a0<span class=\"h-nowrap\">Zaw. Alk. %: 69.0<\/span><\/p>\n<\/p><\/div>\n<div class=\"c-product__desc c-text c-text--lh\" style=\"font-size: 1.4rem; font-family: Helvetica, Tahoma, sans-serif;\">\n<p>Grande Absente to kompozycja alkoholu, cukru, wyci\u0105gu z pio\u0142unu, any\u017cu, melisy, mi\u0119ty i naturalnych barwnik\u00f3w. Trunek charakteryzuje si\u0119 bardzo intensywnymi aromatami mentolu, kamfory, \u015bwie\u017cego any\u017cu i przypraw korzennych. Grande Absente zawiera du\u017co pio\u0142unu, kt\u00f3ry nadaje mu charakterystycznej goryczy. R\u00f3wnie\u017c zawarto\u015b\u0107 alkoholu jest do\u015b\u0107 wysoka (69%), a zawarto\u015b\u0107 tujonu w Zielonej Wr\u00f3\u017cce \u2013 najwy\u017csza dopuszczalna prawnie. To produkt autentyczny, prowokacyjny i wyj\u0105tkowy. Typowy bitter o wysokim alkoholu i wyczuwalnej goryczy.<\/p>\n<\/p><\/div>\n","protected":false},"featured_media":15149,"comment_status":"open","ping_status":"closed","template":"","meta":[],"product_cat":[203,142],"product_tag":[],"class_list":{"0":"post-15150","1":"product","2":"type-product","3":"status-publish","4":"has-post-thumbnail","6":"product_cat-absynt","7":"product_cat-alkohole-mocne","9":"first","10":"instock","11":"shipping-taxable","12":"purchasable","13":"product-type-simple"},"_links":{"self":[{"href":"https:\/\/delikatesy.wineport.pl\/index.php?rest_route=\/wp\/v2\/product\/15150","targetHints":{"allow":["GET"]}}],"collection":[{"href":"https:\/\/delikatesy.wineport.pl\/index.php?rest_route=\/wp\/v2\/product"}],"about":[{"href":"https:\/\/delikatesy.wineport.pl\/index.php?rest_route=\/wp\/v2\/types\/product"}],"replies":[{"embeddable":true,"href":"https:\/\/delikatesy.wineport.pl\/index.php?rest_route=%2Fwp%2Fv2%2Fcomments&post=15150"}],"wp:featuredmedia":[{"embeddable":true,"href":"https:\/\/delikatesy.wineport.pl\/index.php?rest_route=\/wp\/v2\/media\/15149"}],"wp:attachment":[{"href":"https:\/\/delikatesy.wineport.pl\/index.php?rest_route=%2Fwp%2Fv2%2Fmedia&parent=15150"}],"wp:term":[{"taxonomy":"product_cat","embeddable":true,"href":"https:\/\/delikatesy.wineport.pl\/index.php?rest_route=%2Fwp%2Fv2%2Fproduct_cat&post=15150"},{"taxonomy":"product_tag","embeddable":true,"href":"https:\/\/delikatesy.wineport.pl\/index.php?rest_route=%2Fwp%2Fv2%2Fproduct_tag&post=15150"}],"curies":[{"name":"wp","href":"https:\/\/api.w.org\/{rel}","templated":true}]}}