{"id":15498,"date":"2024-03-14T14:14:55","date_gmt":"2024-03-14T13:14:55","guid":{"rendered":"http:\/\/delikatesy.wineport.pl\/?product=meukow-5-stars-07-karton"},"modified":"2026-05-10T19:31:07","modified_gmt":"2026-05-10T17:31:07","slug":"meukow-5-stars-07-karton","status":"publish","type":"product","link":"https:\/\/delikatesy.wineport.pl\/?product=meukow-5-stars-07-karton","title":{"rendered":"Meukow 5 Stars 0,7 karton"},"content":{"rendered":"<p style=\"font-family: Montserrat, sans-serif;\"><span style=\"color: #ff0000;\">UWAGA!!! NIE WYSY\u0141AMY ALKOHOLU KURIEREM W PRZYPADKU ZAM\u00d3WIE\u0143 OD OS\u00d3B PRYWATNYCH, TYLKO ODBI\u00d3R OSOBISTY NA UL. \u015aW. STANIS\u0141AWA 12 W WARSZAWIE!!! W przypadku op\u0142acenia zam\u00f3wienia alkoholu z wysy\u0142k\u0105, przy zwrocie pieni\u0119dzy zostanie potr\u0105cona prowizja\u00a0<\/span><strong style=\"color: #ff0000;\">DOTPAY<\/strong><span style=\"color: #ff0000;\">!<\/span><\/p>\n<p style=\"font-family: Montserrat, sans-serif;\">Meukow Special 5* jest m\u0142odym koniakiem powszechnie cenionego producenta tych trunk\u00f3w. Ma przyjemny, s\u0142odkawy aromat\u00a0dojrza\u0142ych i suszonych owoc\u00f3w, prze\u0142amany niuansami beczkowymi. W smaku g\u0142adki i oleisty, Meukow Special 5*\u00a0robi bardzo udane wra\u017cenie dzi\u0119ki swej g\u0142\u0119bi, na kt\u00f3r\u0105 sk\u0142adaj\u0105 si\u0119 nuty owocowe, ale te\u017c korzenne: lukrecji, ga\u0142ki muszkato\u0142owej, cynamonu, wanilii i d\u0119biny. Wszystko to jest zas\u0142ug\u0105 optymalnej kompozycji destylat\u00f3w z r\u00f3\u017cnych cz\u0119\u015bci regionu Cognac.<\/p>\n<p style=\"font-family: Montserrat, sans-serif;\">Dom Meukow powsta\u0142 w XIX wieku. Za\u0142o\u017cyli go dwaj bracia, Auguste-Christophe i Gustav, pochodz\u0105cy ze \u015al\u0105ska, kt\u00f3rych w 1850 roku car Aleksander II wys\u0142a\u0142 do Francji, aby zabezpieczyli regularne dostawy koniaku dla petersburskiego dworu. Po kilku takich podr\u00f3\u017cach, w sierpniu 1862 roku, bracia rozszerzyli sw\u0105 rol\u0119 po\u015brednik\u00f3w i zaj\u0119li si\u0119 r\u00f3wnie\u017c produkcj\u0105 zdobywaj\u0105cego coraz wi\u0119ksz\u0105 popularno\u015b\u0107 alkoholu. W kolejnych dziesi\u0119cioleciach firma rozwija\u0142a si\u0119 dynamicznie, zdobywaj\u0105c mi\u0119dzynarodow\u0105 s\u0142aw\u0119 i powszechne uznanie. Obecnie koniaki marki Meukow sprzedaje si\u0119 w ponad 80 krajach na ca\u0142ym \u015bwiecie.<\/p>\n","protected":false},"excerpt":{"rendered":"<p style=\"font-family: Montserrat, sans-serif;\">Meukow Special 5* jest m\u0142odym koniakiem powszechnie cenionego producenta tych trunk\u00f3w. Ma przyjemny, s\u0142odkawy aromat\u00a0dojrza\u0142ych i suszonych owoc\u00f3w, prze\u0142amany niuansami beczkowymi. W smaku g\u0142adki i oleisty, Meukow Special 5*\u00a0robi bardzo udane wra\u017cenie dzi\u0119ki swej g\u0142\u0119bi, na kt\u00f3r\u0105 sk\u0142adaj\u0105 si\u0119 nuty owocowe, ale te\u017c korzenne: lukrecji, ga\u0142ki muszkato\u0142owej, cynamonu, wanilii i d\u0119biny. Wszystko to jest zas\u0142ug\u0105 optymalnej kompozycji destylat\u00f3w z r\u00f3\u017cnych cz\u0119\u015bci regionu Cognac.<\/p>\n<p style=\"font-family: Montserrat, sans-serif;\">Dom Meukow powsta\u0142 w XIX wieku. Za\u0142o\u017cyli go dwaj bracia, Auguste-Christophe i Gustav, pochodz\u0105cy ze \u015al\u0105ska, kt\u00f3rych w 1850 roku car Aleksander II wys\u0142a\u0142 do Francji, aby zabezpieczyli regularne dostawy koniaku dla petersburskiego dworu. Po kilku takich podr\u00f3\u017cach, w sierpniu 1862 roku, bracia rozszerzyli sw\u0105 rol\u0119 po\u015brednik\u00f3w i zaj\u0119li si\u0119 r\u00f3wnie\u017c produkcj\u0105 zdobywaj\u0105cego coraz wi\u0119ksz\u0105 popularno\u015b\u0107 alkoholu. W kolejnych dziesi\u0119cioleciach firma rozwija\u0142a si\u0119 dynamicznie, zdobywaj\u0105c mi\u0119dzynarodow\u0105 s\u0142aw\u0119 i powszechne uznanie. Obecnie koniaki marki Meukow sprzedaje si\u0119 w ponad 80 krajach na ca\u0142ym \u015bwiecie.<\/p>\n","protected":false},"featured_media":15497,"comment_status":"open","ping_status":"closed","template":"","meta":[],"product_cat":[142,146,150,145,149],"product_tag":[],"class_list":{"0":"post-15498","1":"product","2":"type-product","3":"status-publish","4":"has-post-thumbnail","6":"product_cat-alkohole-mocne","7":"product_cat-armagnac-i-brandy","8":"product_cat-cognac-francja-armagnac-i-brandy","9":"product_cat-cognac","10":"product_cat-francja-armagnac-i-brandy","12":"first","13":"instock","14":"shipping-taxable","15":"purchasable","16":"product-type-simple"},"_links":{"self":[{"href":"https:\/\/delikatesy.wineport.pl\/index.php?rest_route=\/wp\/v2\/product\/15498","targetHints":{"allow":["GET"]}}],"collection":[{"href":"https:\/\/delikatesy.wineport.pl\/index.php?rest_route=\/wp\/v2\/product"}],"about":[{"href":"https:\/\/delikatesy.wineport.pl\/index.php?rest_route=\/wp\/v2\/types\/product"}],"replies":[{"embeddable":true,"href":"https:\/\/delikatesy.wineport.pl\/index.php?rest_route=%2Fwp%2Fv2%2Fcomments&post=15498"}],"wp:featuredmedia":[{"embeddable":true,"href":"https:\/\/delikatesy.wineport.pl\/index.php?rest_route=\/wp\/v2\/media\/15497"}],"wp:attachment":[{"href":"https:\/\/delikatesy.wineport.pl\/index.php?rest_route=%2Fwp%2Fv2%2Fmedia&parent=15498"}],"wp:term":[{"taxonomy":"product_cat","embeddable":true,"href":"https:\/\/delikatesy.wineport.pl\/index.php?rest_route=%2Fwp%2Fv2%2Fproduct_cat&post=15498"},{"taxonomy":"product_tag","embeddable":true,"href":"https:\/\/delikatesy.wineport.pl\/index.php?rest_route=%2Fwp%2Fv2%2Fproduct_tag&post=15498"}],"curies":[{"name":"wp","href":"https:\/\/api.w.org\/{rel}","templated":true}]}}