{"id":15506,"date":"2024-03-14T14:14:57","date_gmt":"2024-03-14T13:14:57","guid":{"rendered":"http:\/\/delikatesy.wineport.pl\/?product=meukow-vsop-clear-panther-17-karton"},"modified":"2026-05-10T19:31:08","modified_gmt":"2026-05-10T17:31:08","slug":"meukow-vsop-clear-panther-17-karton","status":"publish","type":"product","link":"https:\/\/delikatesy.wineport.pl\/?product=meukow-vsop-clear-panther-17-karton","title":{"rendered":"Meukow VSOP Clear Panther 1,7 karton"},"content":{"rendered":"<p><span style=\"color: #3b3b3b; font-size: 15px; font-family: Roboto, sans-serif;\"><span style=\"color: #ff0000;\">UWAGA!!! NIE WYSY\u0141AMY ALKOHOLU KURIEREM W PRZYPADKU ZAM\u00d3WIE\u0143 OD OS\u00d3B PRYWATNYCH, TYLKO ODBI\u00d3R OSOBISTY NA UL. \u015aW. STANIS\u0141AWA 12 W WARSZAWIE!!! W przypadku op\u0142acenia zam\u00f3wienia alkoholu z wysy\u0142k\u0105, przy zwrocie pieni\u0119dzy zostanie potr\u0105cona prowizja\u00a0<\/span><strong style=\"color: #ff0000;\">DOTPAY<\/strong><span style=\"color: #ff0000;\">!<\/span><\/span><\/p>\n<p><span style=\"color: #3b3b3b; font-size: 15px; font-family: Roboto, sans-serif;\">Meukow VSOP to koniak o niezwyk\u0142ej jedwabisto\u015bci i \u0142agodno\u015bci, kt\u00f3re s\u0105 owocem starannej selekcji r\u00f3\u017cnorodnych &#8220;Eaux- de- Vie&#8221;. Barwa czysta, bursztynowa ze z\u0142otawymi refleksami, nuty nosa tworz\u0105 owoce, rodzynki, kandyzowane pomara\u0144cze i m\u0142ode brzoskwinie, smak rozwija si\u0119 w akordy orzechowowo- waniliowe, finiszuj\u0105c \u0142agodnymi taninami z drapie\u017cn\u0105 nutk\u0105 korzeni.<\/span><\/p>\n","protected":false},"excerpt":{"rendered":"<p><span style=\"color: #3b3b3b; font-size: 15px; font-family: Roboto, sans-serif;\">Meukow VSOP to koniak o niezwyk\u0142ej jedwabisto\u015bci i \u0142agodno\u015bci, kt\u00f3re s\u0105 owocem starannej selekcji r\u00f3\u017cnorodnych &#8220;Eaux- de- Vie&#8221;. Barwa czysta, bursztynowa ze z\u0142otawymi refleksami, nuty nosa tworz\u0105 owoce, rodzynki, kandyzowane pomara\u0144cze i m\u0142ode brzoskwinie, smak rozwija si\u0119 w akordy orzechowowo- waniliowe, finiszuj\u0105c \u0142agodnymi taninami z drapie\u017cn\u0105 nutk\u0105 korzeni.<\/span><\/p>\n","protected":false},"featured_media":15505,"comment_status":"open","ping_status":"closed","template":"","meta":[],"product_cat":[142,146,150,145,149],"product_tag":[],"class_list":{"0":"post-15506","1":"product","2":"type-product","3":"status-publish","4":"has-post-thumbnail","6":"product_cat-alkohole-mocne","7":"product_cat-armagnac-i-brandy","8":"product_cat-cognac-francja-armagnac-i-brandy","9":"product_cat-cognac","10":"product_cat-francja-armagnac-i-brandy","12":"first","13":"instock","14":"shipping-taxable","15":"purchasable","16":"product-type-simple"},"_links":{"self":[{"href":"https:\/\/delikatesy.wineport.pl\/index.php?rest_route=\/wp\/v2\/product\/15506","targetHints":{"allow":["GET"]}}],"collection":[{"href":"https:\/\/delikatesy.wineport.pl\/index.php?rest_route=\/wp\/v2\/product"}],"about":[{"href":"https:\/\/delikatesy.wineport.pl\/index.php?rest_route=\/wp\/v2\/types\/product"}],"replies":[{"embeddable":true,"href":"https:\/\/delikatesy.wineport.pl\/index.php?rest_route=%2Fwp%2Fv2%2Fcomments&post=15506"}],"wp:featuredmedia":[{"embeddable":true,"href":"https:\/\/delikatesy.wineport.pl\/index.php?rest_route=\/wp\/v2\/media\/15505"}],"wp:attachment":[{"href":"https:\/\/delikatesy.wineport.pl\/index.php?rest_route=%2Fwp%2Fv2%2Fmedia&parent=15506"}],"wp:term":[{"taxonomy":"product_cat","embeddable":true,"href":"https:\/\/delikatesy.wineport.pl\/index.php?rest_route=%2Fwp%2Fv2%2Fproduct_cat&post=15506"},{"taxonomy":"product_tag","embeddable":true,"href":"https:\/\/delikatesy.wineport.pl\/index.php?rest_route=%2Fwp%2Fv2%2Fproduct_tag&post=15506"}],"curies":[{"name":"wp","href":"https:\/\/api.w.org\/{rel}","templated":true}]}}