{"id":15524,"date":"2024-03-14T14:15:07","date_gmt":"2024-03-14T13:15:07","guid":{"rendered":"http:\/\/delikatesy.wineport.pl\/?product=meukow-esprit-de-famille-07-karton"},"modified":"2026-05-10T19:31:11","modified_gmt":"2026-05-10T17:31:11","slug":"meukow-esprit-de-famille-07-karton","status":"publish","type":"product","link":"https:\/\/delikatesy.wineport.pl\/?product=meukow-esprit-de-famille-07-karton","title":{"rendered":"Meukow Esprit de Famille 0,7 karton"},"content":{"rendered":"<p style=\"font-family: Montserrat, sans-serif;\"><span style=\"color: #ff0000;\">UWAGA!!! NIE WYSY\u0141AMY ALKOHOLU KURIEREM W PRZYPADKU ZAM\u00d3WIE\u0143 OD OS\u00d3B PRYWATNYCH, TYLKO ODBI\u00d3R OSOBISTY NA UL. \u015aW. STANIS\u0141AWA 12 W WARSZAWIE!!! W przypadku op\u0142acenia zam\u00f3wienia alkoholu z wysy\u0142k\u0105, przy zwrocie pieni\u0119dzy zostanie potr\u0105cona prowizja\u00a0<\/span><strong style=\"color: #ff0000;\">DOTPAY<\/strong><span style=\"color: #ff0000;\">!<\/span><\/p>\n<p style=\"font-family: Montserrat, sans-serif;\">Unikalna mieszanka najbardziej presti\u017cowych koniak\u00f3w, pieczo\u0142owicie przechowywanych w piwnicy paradis Domu Meukow. Ukazuje ca\u0142\u0105 wspania\u0142o\u015b\u0107 dziedzictwa marki, jej wspania\u0142\u0105 histori\u0119 i przebogat\u0105 tradycj\u0119. &#8220;L&#8217;Esprit de Famille&#8221; to nic innego jak &#8220;duch rodziny&#8221; &#8211; tajemnicza iskra przenikaj\u0105ca wszystkie\u00a0pokolenia,\u00a0zaanga\u017cowane\u00a0w tworzenie wybornego koniaku, kt\u00f3ry l\u015bni niepowtarzalnym blaskiem szacunku do czasu i pracy.<\/p>\n<p style=\"font-family: Montserrat, sans-serif;\">L&#8217;Esprit de Famille to harmonijna kompozycja eaux-de-vie z Grande i Petite Champagne, kt\u00f3re dojrzewa\u0142y nawet kilkadziesi\u0105t lat.<\/p>\n<p style=\"font-family: Montserrat, sans-serif;\">Dom Meukow powsta\u0142 w XIX wieku. Za\u0142o\u017cyli go dwaj bracia, Auguste-Christophe i Gustav, pochodz\u0105cy ze \u015al\u0105ska, kt\u00f3rych w 1850 roku car Aleksander II wys\u0142a\u0142 do Francji, aby zabezpieczyli regularne dostawy koniaku dla petersburskiego dworu. Po kilku takich podr\u00f3\u017cach, w sierpniu 1862 roku, bracia rozszerzyli sw\u0105 rol\u0119 po\u015brednik\u00f3w i zaj\u0119li si\u0119 r\u00f3wnie\u017c produkcj\u0105 zdobywaj\u0105cego coraz wi\u0119ksz\u0105 popularno\u015b\u0107 alkoholu. W kolejnych dziesi\u0119cioleciach firma rozwija\u0142a si\u0119 dynamicznie, zdobywaj\u0105c mi\u0119dzynarodow\u0105 s\u0142aw\u0119 i powszechne uznanie. Obecnie koniaki marki Meukow sprzedaje si\u0119 w ponad 80 krajach, a sama marka nale\u017cy do pi\u0119ciu najwy\u017cej cenionych na \u015bwiecie.<\/p>\n","protected":false},"excerpt":{"rendered":"<p style=\"font-family: Montserrat, sans-serif;\">Unikalna mieszanka najbardziej presti\u017cowych koniak\u00f3w, pieczo\u0142owicie przechowywanych w piwnicy paradis Domu Meukow. Ukazuje ca\u0142\u0105 wspania\u0142o\u015b\u0107 dziedzictwa marki, jej wspania\u0142\u0105 histori\u0119 i przebogat\u0105 tradycj\u0119. &#8220;L&#8217;Esprit de Famille&#8221; to nic innego jak &#8220;duch rodziny&#8221; &#8211; tajemnicza iskra przenikaj\u0105ca wszystkie\u00a0pokolenia,\u00a0zaanga\u017cowane\u00a0w tworzenie wybornego koniaku, kt\u00f3ry l\u015bni niepowtarzalnym blaskiem szacunku do czasu i pracy.<\/p>\n<p style=\"font-family: Montserrat, sans-serif;\">L&#8217;Esprit de Famille to harmonijna kompozycja eaux-de-vie z Grande i Petite Champagne, kt\u00f3re dojrzewa\u0142y nawet kilkadziesi\u0105t lat.<\/p>\n<p style=\"font-family: Montserrat, sans-serif;\">Dom Meukow powsta\u0142 w XIX wieku. Za\u0142o\u017cyli go dwaj bracia, Auguste-Christophe i Gustav, pochodz\u0105cy ze \u015al\u0105ska, kt\u00f3rych w 1850 roku car Aleksander II wys\u0142a\u0142 do Francji, aby zabezpieczyli regularne dostawy koniaku dla petersburskiego dworu. Po kilku takich podr\u00f3\u017cach, w sierpniu 1862 roku, bracia rozszerzyli sw\u0105 rol\u0119 po\u015brednik\u00f3w i zaj\u0119li si\u0119 r\u00f3wnie\u017c produkcj\u0105 zdobywaj\u0105cego coraz wi\u0119ksz\u0105 popularno\u015b\u0107 alkoholu. W kolejnych dziesi\u0119cioleciach firma rozwija\u0142a si\u0119 dynamicznie, zdobywaj\u0105c mi\u0119dzynarodow\u0105 s\u0142aw\u0119 i powszechne uznanie. Obecnie koniaki marki Meukow sprzedaje si\u0119 w ponad 80 krajach, a sama marka nale\u017cy do pi\u0119ciu najwy\u017cej cenionych na \u015bwiecie.<\/p>\n","protected":false},"featured_media":15523,"comment_status":"open","ping_status":"closed","template":"","meta":[],"product_cat":[142,146,145,150,149],"product_tag":[],"class_list":{"0":"post-15524","1":"product","2":"type-product","3":"status-publish","4":"has-post-thumbnail","6":"product_cat-alkohole-mocne","7":"product_cat-armagnac-i-brandy","8":"product_cat-cognac","9":"product_cat-cognac-francja-armagnac-i-brandy","10":"product_cat-francja-armagnac-i-brandy","12":"first","13":"instock","14":"shipping-taxable","15":"purchasable","16":"product-type-simple"},"_links":{"self":[{"href":"https:\/\/delikatesy.wineport.pl\/index.php?rest_route=\/wp\/v2\/product\/15524","targetHints":{"allow":["GET"]}}],"collection":[{"href":"https:\/\/delikatesy.wineport.pl\/index.php?rest_route=\/wp\/v2\/product"}],"about":[{"href":"https:\/\/delikatesy.wineport.pl\/index.php?rest_route=\/wp\/v2\/types\/product"}],"replies":[{"embeddable":true,"href":"https:\/\/delikatesy.wineport.pl\/index.php?rest_route=%2Fwp%2Fv2%2Fcomments&post=15524"}],"wp:featuredmedia":[{"embeddable":true,"href":"https:\/\/delikatesy.wineport.pl\/index.php?rest_route=\/wp\/v2\/media\/15523"}],"wp:attachment":[{"href":"https:\/\/delikatesy.wineport.pl\/index.php?rest_route=%2Fwp%2Fv2%2Fmedia&parent=15524"}],"wp:term":[{"taxonomy":"product_cat","embeddable":true,"href":"https:\/\/delikatesy.wineport.pl\/index.php?rest_route=%2Fwp%2Fv2%2Fproduct_cat&post=15524"},{"taxonomy":"product_tag","embeddable":true,"href":"https:\/\/delikatesy.wineport.pl\/index.php?rest_route=%2Fwp%2Fv2%2Fproduct_tag&post=15524"}],"curies":[{"name":"wp","href":"https:\/\/api.w.org\/{rel}","templated":true}]}}