{"id":15532,"date":"2024-03-14T14:15:11","date_gmt":"2024-03-14T13:15:11","guid":{"rendered":"http:\/\/delikatesy.wineport.pl\/?product=3-kilos-silver-1l-40"},"modified":"2026-05-10T19:32:02","modified_gmt":"2026-05-10T17:32:02","slug":"3-kilos-silver-1l-40","status":"publish","type":"product","link":"https:\/\/delikatesy.wineport.pl\/?product=3-kilos-silver-1l-40","title":{"rendered":"3 Kilos Silver 1L 40%"},"content":{"rendered":"<p><span style=\"color: #ff0000; font-size: 16px; font-family: arial, helvetica, sans-serif;\">UWAGA!!! NIE WYSY\u0141AMY ALKOHOLU W PRZYPADKU ZAM\u00d3WIE\u0143 OD OS\u00d3B PRYWATNYCH, TYLKO ODBI\u00d3R OSOBISTY NA UL. \u015aW. STANIS\u0141AWA 12 W WARSZAWIE!!! W przypadku op\u0142acenia zam\u00f3wienia alkoholu z wysy\u0142k\u0105, przy zwrocie pieni\u0119dzy zostanie potr\u0105cona prowizja\u00a0DOTPAY!<\/span><\/p>\n<p><span style=\"color: #ff0000; font-size: 16px; font-family: arial, helvetica, sans-serif;\">\u00a0<\/span><\/p>\n<p style=\"font-family: &quot;;\">3 Kilos Silver\u00a0to najwy\u017cszej jako\u015bci pi\u0119ciokrotnie destylowana w\u00f3dka, do kt\u00f3rej produkcji u\u017cyto burak\u00f3w cukrowych. Dodatkowo filtrowana jest przez w\u0119giel drzewny. Zamkni\u0119ta w butelce o kszta\u0142cie sztabki srebra, z pewno\u015bci\u0105 zrobi furor\u0119 na niejednym przyj\u0119ciu. To tylko kwestia czasu, zanim zobaczymy j\u0105 w teledyskach i filmach. Poza opakowaniem, kt\u00f3re robi niesamowite wra\u017cenie r\u00f3wnie\u017c i zawarto\u015b\u0107 zachwyci niejednego konesera w\u00f3dki.<\/p>\n<p style=\"font-family: &quot;;\">W\u00f3dka ta nie zawiera glutenu.<\/p>\n<p style=\"font-family: &quot;;\">Rozmiar sztabki 3 Kilos w cm to 34\u00a0\u00d7\u00a010,5\u00a0\u00d7\u00a06,3 (wysoko\u015b\u0107 x szeroko\u015b\u0107 x grubo\u015b\u0107).<\/p>\n","protected":false},"excerpt":{"rendered":"<p style=\"font-family: &quot;;\">3 Kilos Silver\u00a0to najwy\u017cszej jako\u015bci pi\u0119ciokrotnie destylowana w\u00f3dka, do kt\u00f3rej produkcji u\u017cyto burak\u00f3w cukrowych. Dodatkowo filtrowana jest przez w\u0119giel drzewny. Zamkni\u0119ta w butelce o kszta\u0142cie sztabki srebra, z pewno\u015bci\u0105 zrobi furor\u0119 na niejednym przyj\u0119ciu. To tylko kwestia czasu, zanim zobaczymy j\u0105 w teledyskach i filmach. Poza opakowaniem, kt\u00f3re robi niesamowite wra\u017cenie r\u00f3wnie\u017c i zawarto\u015b\u0107 zachwyci niejednego konesera w\u00f3dki.<\/p>\n<p style=\"font-family: &quot;;\">W\u00f3dka ta nie zawiera glutenu.<\/p>\n<p style=\"font-family: &quot;;\">Rozmiar sztabki 3 Kilos w cm to 34\u00a0\u00d7\u00a010,5\u00a0\u00d7\u00a06,3 (wysoko\u015b\u0107 x szeroko\u015b\u0107 x grubo\u015b\u0107).<\/p>\n","protected":false},"featured_media":15531,"comment_status":"open","ping_status":"closed","template":"","meta":[],"product_cat":[190,142],"product_tag":[],"class_list":{"0":"post-15532","1":"product","2":"type-product","3":"status-publish","4":"has-post-thumbnail","6":"product_cat-wodka","7":"product_cat-alkohole-mocne","9":"first","10":"instock","11":"shipping-taxable","12":"purchasable","13":"product-type-simple"},"_links":{"self":[{"href":"https:\/\/delikatesy.wineport.pl\/index.php?rest_route=\/wp\/v2\/product\/15532","targetHints":{"allow":["GET"]}}],"collection":[{"href":"https:\/\/delikatesy.wineport.pl\/index.php?rest_route=\/wp\/v2\/product"}],"about":[{"href":"https:\/\/delikatesy.wineport.pl\/index.php?rest_route=\/wp\/v2\/types\/product"}],"replies":[{"embeddable":true,"href":"https:\/\/delikatesy.wineport.pl\/index.php?rest_route=%2Fwp%2Fv2%2Fcomments&post=15532"}],"wp:featuredmedia":[{"embeddable":true,"href":"https:\/\/delikatesy.wineport.pl\/index.php?rest_route=\/wp\/v2\/media\/15531"}],"wp:attachment":[{"href":"https:\/\/delikatesy.wineport.pl\/index.php?rest_route=%2Fwp%2Fv2%2Fmedia&parent=15532"}],"wp:term":[{"taxonomy":"product_cat","embeddable":true,"href":"https:\/\/delikatesy.wineport.pl\/index.php?rest_route=%2Fwp%2Fv2%2Fproduct_cat&post=15532"},{"taxonomy":"product_tag","embeddable":true,"href":"https:\/\/delikatesy.wineport.pl\/index.php?rest_route=%2Fwp%2Fv2%2Fproduct_tag&post=15532"}],"curies":[{"name":"wp","href":"https:\/\/api.w.org\/{rel}","templated":true}]}}