{"id":15568,"date":"2024-03-14T14:15:32","date_gmt":"2024-03-14T13:15:32","guid":{"rendered":"http:\/\/delikatesy.wineport.pl\/?product=aberlour-12yo-40-07l"},"modified":"2026-05-10T19:32:05","modified_gmt":"2026-05-10T17:32:05","slug":"aberlour-12yo-40-07l","status":"publish","type":"product","link":"https:\/\/delikatesy.wineport.pl\/?product=aberlour-12yo-40-07l","title":{"rendered":"ABERLOUR 12YO 40% 0,7L"},"content":{"rendered":"<p>\u00a0<\/p>\n<p><span style=\"color: #ff0000; font-size: 16px; font-family: arial, helvetica, sans-serif;\">UWAGA!!! NIE WYSY\u0141AMY ALKOHOLU W PRZYPADKU ZAM\u00d3WIE\u0143 OD OS\u00d3B PRYWATNYCH, TYLKO ODBI\u00d3R OSOBISTY NA UL. \u015aW. STANIS\u0141AWA 12 W WARSZAWIE!!! W przypadku op\u0142acenia zam\u00f3wienia alkoholu z wysy\u0142k\u0105, przy zwrocie pieni\u0119dzy zostanie potr\u0105cona prowizja\u00a0DOTPAY!<\/span><\/p>\n<p>\u00a0<\/p>\n<p><span style=\"color: #ff0000; font-size: 16px; font-family: arial, helvetica, sans-serif;\">\u00a0<\/span><\/p>\n<p><span style=\"font-family: Helvetica, Tahoma, sans-serif;\">Aberlour 12YO to whisky single malt, kt\u00f3ra dzi\u0119ki maturacji w\u00a0dw\u00f3ch rodzajach beczek, po\u00a0sherry i\u00a0burbonie, wyr\u00f3\u017cnia si\u0119 mocnym charakterem i\u00a0wyj\u0105tkowym smakiem korzenno &#8211; owocowym. Owocowe aromaty zbalansowane bogatym smakiem czekolady, zwie\u0144czone s\u0105 d\u0142ugo utrzymuj\u0105cym si\u0119 i\u00a0rozgrzewaj\u0105cym finiszem.<\/span><\/p>\n","protected":false},"excerpt":{"rendered":"<p style=\"color: #333333; font-size: 13px; font-family: Arial, sans-serif;\"><span style=\"font-family: Helvetica, Tahoma, sans-serif;\">Aberlour 12YO to whisky single malt, kt\u00f3ra dzi\u0119ki maturacji w\u00a0dw\u00f3ch rodzajach beczek, po\u00a0sherry i\u00a0burbonie, wyr\u00f3\u017cnia si\u0119 mocnym charakterem i\u00a0wyj\u0105tkowym smakiem korzenno &#8211; owocowym. Owocowe aromaty zbalansowane bogatym smakiem czekolady, zwie\u0144czone s\u0105 d\u0142ugo utrzymuj\u0105cym si\u0119 i\u00a0rozgrzewaj\u0105cym finiszem.<\/span><\/p>\n","protected":false},"featured_media":15567,"comment_status":"open","ping_status":"closed","template":"","meta":[],"product_cat":[142,154,143],"product_tag":[],"class_list":{"0":"post-15568","1":"product","2":"type-product","3":"status-publish","4":"has-post-thumbnail","6":"product_cat-alkohole-mocne","7":"product_cat-szkocja","8":"product_cat-whisky","10":"first","11":"instock","12":"shipping-taxable","13":"purchasable","14":"product-type-simple"},"_links":{"self":[{"href":"https:\/\/delikatesy.wineport.pl\/index.php?rest_route=\/wp\/v2\/product\/15568","targetHints":{"allow":["GET"]}}],"collection":[{"href":"https:\/\/delikatesy.wineport.pl\/index.php?rest_route=\/wp\/v2\/product"}],"about":[{"href":"https:\/\/delikatesy.wineport.pl\/index.php?rest_route=\/wp\/v2\/types\/product"}],"replies":[{"embeddable":true,"href":"https:\/\/delikatesy.wineport.pl\/index.php?rest_route=%2Fwp%2Fv2%2Fcomments&post=15568"}],"wp:featuredmedia":[{"embeddable":true,"href":"https:\/\/delikatesy.wineport.pl\/index.php?rest_route=\/wp\/v2\/media\/15567"}],"wp:attachment":[{"href":"https:\/\/delikatesy.wineport.pl\/index.php?rest_route=%2Fwp%2Fv2%2Fmedia&parent=15568"}],"wp:term":[{"taxonomy":"product_cat","embeddable":true,"href":"https:\/\/delikatesy.wineport.pl\/index.php?rest_route=%2Fwp%2Fv2%2Fproduct_cat&post=15568"},{"taxonomy":"product_tag","embeddable":true,"href":"https:\/\/delikatesy.wineport.pl\/index.php?rest_route=%2Fwp%2Fv2%2Fproduct_tag&post=15568"}],"curies":[{"name":"wp","href":"https:\/\/api.w.org\/{rel}","templated":true}]}}