{"id":15869,"date":"2024-03-14T14:16:28","date_gmt":"2024-03-14T13:16:28","guid":{"rendered":"http:\/\/delikatesy.wineport.pl\/?product=audentia-reserva-murviedro"},"modified":"2026-05-10T19:37:05","modified_gmt":"2026-05-10T17:37:05","slug":"audentia-reserva-murviedro","status":"publish","type":"product","link":"https:\/\/delikatesy.wineport.pl\/?product=audentia-reserva-murviedro","title":{"rendered":"AUDENTIA RESERVA MURVIEDRO"},"content":{"rendered":"<p class=\"OPIS\" style=\"color: #939393; font-size: 15px; font-family: &quot;;\"><span lang=\"EN-US\" style=\"font-size: inherit; font-family: inherit;\"><span style=\"color: #ff0000;\">UWAGA!!! NIE WYSY\u0141AMY ALKOHOLU KURIEREM W PRZYPADKU ZAM\u00d3WIE\u0143 OD OS\u00d3B PRYWATNYCH, TYLKO ODBI\u00d3R OSOBISTY NA UL. \u015aW. STANIS\u0141AWA 12 W WARSZAWIE!!! W przypadku op\u0142acenia zam\u00f3wienia alkoholu z wysy\u0142k\u0105, przy zwrocie pieni\u0119dzy zostanie potr\u0105cona prowizja\u00a0<\/span><strong style=\"color: #ff0000;\">DOTPAY<\/strong><span style=\"color: #ff0000;\">!<\/span><\/span><\/p>\n<p class=\"OPIS\" style=\"color: #939393; font-size: 15px; font-family: &quot;;\"><span lang=\"EN-US\" style=\"font-size: inherit; font-family: inherit;\">Wino dojrzewa\u0142o minimum rok w nowych ameryka\u0144skich i francuskich beczkach. Nos dojrza\u0142y i delikatny z eleganckimi nutami owocowego kompotu, wanilii, dymu oraz czekolady. W smaku pe\u0142ne, spokojne, pozostawiaj\u0105ce d\u0142ugi finisz. Znakomita pozycja do domowej piwniczki. Wino rekomendowane do wykwintnych potraw, mi\u0119sa, pieczeni, ser\u00f3w. Kompozycja: 40% Tempranillo, 40% Monastrell, 20% Cabernet Sauvignon.<\/span><\/p>\n<p style=\"color: #939393; font-size: 15px; font-family: &quot;;\">\u00a0<\/p>\n<div class=\"sliders-content\" style=\"font-size: medium; font-family: &quot;;\">\u00a0<\/div>\n","protected":false},"excerpt":{"rendered":"<p class=\"OPIS\" style=\"color: #939393; font-size: 15px; font-family: &quot;;\"><span lang=\"EN-US\" style=\"font-size: inherit; font-family: inherit;\">Wino dojrzewa\u0142o minimum rok w nowych ameryka\u0144skich i francuskich beczkach. Nos dojrza\u0142y i delikatny z eleganckimi nutami owocowego kompotu, wanilii, dymu oraz czekolady. W smaku pe\u0142ne, spokojne, pozostawiaj\u0105ce d\u0142ugi finisz. Znakomita pozycja do domowej piwniczki. Wino rekomendowane do wykwintnych potraw, mi\u0119sa, pieczeni, ser\u00f3w. Kompozycja: 40% Tempranillo, 40% Monastrell, 20% Cabernet Sauvignon.<\/span><\/p>\n<p style=\"color: #939393; font-size: 15px; font-family: &quot;;\">\u00a0<\/p>\n<div class=\"sliders-content\" style=\"font-size: medium; font-family: &quot;;\">\u00a0<\/div>\n","protected":false},"featured_media":15868,"comment_status":"open","ping_status":"closed","template":"","meta":[],"product_cat":[90,80],"product_tag":[],"class_list":{"0":"post-15869","1":"product","2":"type-product","3":"status-publish","4":"has-post-thumbnail","6":"product_cat-hiszpania","7":"product_cat-wina-swiata","9":"first","10":"instock","11":"shipping-taxable","12":"purchasable","13":"product-type-simple"},"_links":{"self":[{"href":"https:\/\/delikatesy.wineport.pl\/index.php?rest_route=\/wp\/v2\/product\/15869","targetHints":{"allow":["GET"]}}],"collection":[{"href":"https:\/\/delikatesy.wineport.pl\/index.php?rest_route=\/wp\/v2\/product"}],"about":[{"href":"https:\/\/delikatesy.wineport.pl\/index.php?rest_route=\/wp\/v2\/types\/product"}],"replies":[{"embeddable":true,"href":"https:\/\/delikatesy.wineport.pl\/index.php?rest_route=%2Fwp%2Fv2%2Fcomments&post=15869"}],"wp:featuredmedia":[{"embeddable":true,"href":"https:\/\/delikatesy.wineport.pl\/index.php?rest_route=\/wp\/v2\/media\/15868"}],"wp:attachment":[{"href":"https:\/\/delikatesy.wineport.pl\/index.php?rest_route=%2Fwp%2Fv2%2Fmedia&parent=15869"}],"wp:term":[{"taxonomy":"product_cat","embeddable":true,"href":"https:\/\/delikatesy.wineport.pl\/index.php?rest_route=%2Fwp%2Fv2%2Fproduct_cat&post=15869"},{"taxonomy":"product_tag","embeddable":true,"href":"https:\/\/delikatesy.wineport.pl\/index.php?rest_route=%2Fwp%2Fv2%2Fproduct_tag&post=15869"}],"curies":[{"name":"wp","href":"https:\/\/api.w.org\/{rel}","templated":true}]}}