{"id":15873,"date":"2024-03-14T14:16:29","date_gmt":"2024-03-14T13:16:29","guid":{"rendered":"http:\/\/delikatesy.wineport.pl\/?product=99-rosas-tempranillo-merlot-organic-wine"},"modified":"2026-05-10T19:37:06","modified_gmt":"2026-05-10T17:37:06","slug":"99-rosas-tempranillo-merlot-organic-wine","status":"publish","type":"product","link":"https:\/\/delikatesy.wineport.pl\/?product=99-rosas-tempranillo-merlot-organic-wine","title":{"rendered":"99 Rosas Tempranillo Merlot Organic Wine"},"content":{"rendered":"<div class=\"column\" style=\"font-size: medium; font-family: &quot;;\">\n<p style=\"font-size: inherit; font-family: inherit;\"><span style=\"color: #ff0000;\">UWAGA!!! NIE WYSY\u0141AMY ALKOHOLU KURIEREM W PRZYPADKU ZAM\u00d3WIE\u0143 OD OS\u00d3B PRYWATNYCH, TYLKO ODBI\u00d3R OSOBISTY NA UL. \u015aW. STANIS\u0141AWA 12 W WARSZAWIE!!! W przypadku op\u0142acenia zam\u00f3wienia alkoholu z wysy\u0142k\u0105, przy zwrocie pieni\u0119dzy zostanie potr\u0105cona prowizja\u00a0<\/span><strong style=\"color: #ff0000;\">DOTPAY<\/strong><span style=\"color: #ff0000;\">!<\/span><\/p>\n<p style=\"font-size: inherit; font-family: inherit;\">Kompozycja: 70% Tempranillo, 30% Merlot. Wino o g\u0142e\u0328bokim rubinowym kolorze z aromatem przepysznych czerwonych wis\u0301ni. Na podniebieniu wyraz\u0307a sie\u0328 jako g\u0142adkie, eleganckie i dobrze zorganizowane. Polecane do pieczeni wo\u0142owej. Wino jest produkowane z ekologicznych upraw szczepo\u0301w winogron Tempranillo oraz Merlot. Uprzednio macerowane przez 5 dni w temperaturze 7 \u00b0 C, naste\u0328pnie stopniowo podnoszono temp. do 27 \u00b0C w okresie fermentacji.<\/p>\n<p>\u00a0<\/p>\n<\/p><\/div>\n<div class=\"page\" style=\"font-size: medium; font-family: &quot;;\" title=\"Page 61\">\u00a0<\/div>\n","protected":false},"excerpt":{"rendered":"<div class=\"column\" style=\"font-size: medium; font-family: &quot;;\">\n<p style=\"font-size: inherit; font-family: inherit;\">Kompozycja: 70% Tempranillo, 30% Merlot. Wino o g\u0142e\u0328bokim rubinowym kolorze z aromatem przepysznych czerwonych wis\u0301ni. Na podniebieniu wyraz\u0307a sie\u0328 jako g\u0142adkie, eleganckie i dobrze zorganizowane. Polecane do pieczeni wo\u0142owej. Wino jest produkowane z ekologicznych upraw szczepo\u0301w winogron Tempranillo oraz Merlot. Uprzednio macerowane przez 5 dni w temperaturze 7 \u00b0 C, naste\u0328pnie stopniowo podnoszono temp. do 27 \u00b0C w okresie fermentacji.<\/p>\n<p>\u00a0<\/p>\n<\/p><\/div>\n<div class=\"page\" style=\"font-size: medium; font-family: &quot;;\" title=\"Page 61\">\u00a0<\/div>\n","protected":false},"featured_media":15872,"comment_status":"open","ping_status":"closed","template":"","meta":[],"product_cat":[90,80],"product_tag":[],"class_list":{"0":"post-15873","1":"product","2":"type-product","3":"status-publish","4":"has-post-thumbnail","6":"product_cat-hiszpania","7":"product_cat-wina-swiata","9":"first","10":"instock","11":"shipping-taxable","12":"purchasable","13":"product-type-simple"},"_links":{"self":[{"href":"https:\/\/delikatesy.wineport.pl\/index.php?rest_route=\/wp\/v2\/product\/15873","targetHints":{"allow":["GET"]}}],"collection":[{"href":"https:\/\/delikatesy.wineport.pl\/index.php?rest_route=\/wp\/v2\/product"}],"about":[{"href":"https:\/\/delikatesy.wineport.pl\/index.php?rest_route=\/wp\/v2\/types\/product"}],"replies":[{"embeddable":true,"href":"https:\/\/delikatesy.wineport.pl\/index.php?rest_route=%2Fwp%2Fv2%2Fcomments&post=15873"}],"wp:featuredmedia":[{"embeddable":true,"href":"https:\/\/delikatesy.wineport.pl\/index.php?rest_route=\/wp\/v2\/media\/15872"}],"wp:attachment":[{"href":"https:\/\/delikatesy.wineport.pl\/index.php?rest_route=%2Fwp%2Fv2%2Fmedia&parent=15873"}],"wp:term":[{"taxonomy":"product_cat","embeddable":true,"href":"https:\/\/delikatesy.wineport.pl\/index.php?rest_route=%2Fwp%2Fv2%2Fproduct_cat&post=15873"},{"taxonomy":"product_tag","embeddable":true,"href":"https:\/\/delikatesy.wineport.pl\/index.php?rest_route=%2Fwp%2Fv2%2Fproduct_tag&post=15873"}],"curies":[{"name":"wp","href":"https:\/\/api.w.org\/{rel}","templated":true}]}}