{"id":16090,"date":"2024-03-14T14:17:09","date_gmt":"2024-03-14T13:17:09","guid":{"rendered":"http:\/\/delikatesy.wineport.pl\/?product=likier-meukow-vs-vanilla-05l"},"modified":"2026-05-10T19:41:08","modified_gmt":"2026-05-10T17:41:08","slug":"likier-meukow-vs-vanilla-05l","status":"publish","type":"product","link":"https:\/\/delikatesy.wineport.pl\/?product=likier-meukow-vs-vanilla-05l","title":{"rendered":"Likier Meukow VS Vanilla 0,5l"},"content":{"rendered":"<p style=\"font-family: Montserrat, sans-serif;\">Niesamowicie wonne po\u0142\u0105czenie wanilii z koniakiem VS. Naturalny aromat wanilii dodawany jest do alkoholu jeszcze przed le\u017cakowaniem, co pozwala mu idealnie wkomponowa\u0107 si\u0119 w owocowy, lekko orzechowy i beczkowy bukiet, tak charakterystyczny dla koniak\u00f3w marki Meukow.<\/p>\n<p style=\"font-family: Montserrat, sans-serif;\">Meukow VS cechuje bardziej zdecydowany smak ni\u017c wi\u0119kszo\u015b\u0107 koniak\u00f3w VS. Barwa starego z\u0142ota z refleksami miedzi, w zapachu suszone owoce, kt\u00f3re z wolna ust\u0119puj\u0105 miejsca nutom drzewnym i aromatom drewnianej beczki. Na finiszu d\u0142ugi posmak orzech\u00f3w i likieru. Dzi\u0119ki dodatkowi wanilii ca\u0142o\u015b\u0107 zdaje si\u0119 nabiera\u0107 nieziemskiej, kwiatowej, niemal\u017ce mlecznej s\u0142odyczy.<\/p>\n<p style=\"font-family: Montserrat, sans-serif;\">Dom Meukow powsta\u0142 w XIX wieku. Za\u0142o\u017cyli go dwaj bracia, Auguste-Christophe i Gustav, pochodz\u0105cy ze \u015al\u0105ska, kt\u00f3rych w 1850 roku car Aleksander II wys\u0142a\u0142 do Francji, aby zabezpieczyli regularne dostawy koniaku dla petersburskiego dworu. Po kilku takich podr\u00f3\u017cach, w sierpniu 1862 roku, bracia rozszerzyli sw\u0105 rol\u0119 po\u015brednik\u00f3w i zaj\u0119li si\u0119 r\u00f3wnie\u017c produkcj\u0105 zdobywaj\u0105cego coraz wi\u0119ksz\u0105 popularno\u015b\u0107 alkoholu. W kolejnych dziesi\u0119cioleciach firma rozwija\u0142a si\u0119 dynamicznie, zdobywaj\u0105c mi\u0119dzynarodow\u0105 s\u0142aw\u0119 i powszechne uznanie. Obecnie koniaki marki Meukow sprzedaje si\u0119 w ponad 80 krajach, a sama marka nale\u017cy do pi\u0119ciu najwy\u017cej cenionych na \u015bwiecie.<\/p>\n","protected":false},"excerpt":{"rendered":"<p style=\"font-family: Montserrat, sans-serif;\">Niesamowicie wonne po\u0142\u0105czenie wanilii z koniakiem VS. Naturalny aromat wanilii dodawany jest do alkoholu jeszcze przed le\u017cakowaniem, co pozwala mu idealnie wkomponowa\u0107 si\u0119 w owocowy, lekko orzechowy i beczkowy bukiet, tak charakterystyczny dla koniak\u00f3w marki Meukow.<\/p>\n<p style=\"font-family: Montserrat, sans-serif;\">Meukow VS cechuje bardziej zdecydowany smak ni\u017c wi\u0119kszo\u015b\u0107 koniak\u00f3w VS. Barwa starego z\u0142ota z refleksami miedzi, w zapachu suszone owoce, kt\u00f3re z wolna ust\u0119puj\u0105 miejsca nutom drzewnym i aromatom drewnianej beczki. Na finiszu d\u0142ugi posmak orzech\u00f3w i likieru. Dzi\u0119ki dodatkowi wanilii ca\u0142o\u015b\u0107 zdaje si\u0119 nabiera\u0107 nieziemskiej, kwiatowej, niemal\u017ce mlecznej s\u0142odyczy.<\/p>\n<p style=\"font-family: Montserrat, sans-serif;\">Dom Meukow powsta\u0142 w XIX wieku. Za\u0142o\u017cyli go dwaj bracia, Auguste-Christophe i Gustav, pochodz\u0105cy ze \u015al\u0105ska, kt\u00f3rych w 1850 roku car Aleksander II wys\u0142a\u0142 do Francji, aby zabezpieczyli regularne dostawy koniaku dla petersburskiego dworu. Po kilku takich podr\u00f3\u017cach, w sierpniu 1862 roku, bracia rozszerzyli sw\u0105 rol\u0119 po\u015brednik\u00f3w i zaj\u0119li si\u0119 r\u00f3wnie\u017c produkcj\u0105 zdobywaj\u0105cego coraz wi\u0119ksz\u0105 popularno\u015b\u0107 alkoholu. W kolejnych dziesi\u0119cioleciach firma rozwija\u0142a si\u0119 dynamicznie, zdobywaj\u0105c mi\u0119dzynarodow\u0105 s\u0142aw\u0119 i powszechne uznanie. Obecnie koniaki marki Meukow sprzedaje si\u0119 w ponad 80 krajach, a sama marka nale\u017cy do pi\u0119ciu najwy\u017cej cenionych na \u015bwiecie.<\/p>\n","protected":false},"featured_media":16089,"comment_status":"open","ping_status":"closed","template":"","meta":[],"product_cat":[105,104,106],"product_tag":[],"class_list":{"0":"post-16090","1":"product","2":"type-product","3":"status-publish","4":"has-post-thumbnail","6":"product_cat-kremy","7":"product_cat-likiery","8":"product_cat-nalewki-i-miody","10":"first","11":"instock","12":"shipping-taxable","13":"purchasable","14":"product-type-simple"},"_links":{"self":[{"href":"https:\/\/delikatesy.wineport.pl\/index.php?rest_route=\/wp\/v2\/product\/16090","targetHints":{"allow":["GET"]}}],"collection":[{"href":"https:\/\/delikatesy.wineport.pl\/index.php?rest_route=\/wp\/v2\/product"}],"about":[{"href":"https:\/\/delikatesy.wineport.pl\/index.php?rest_route=\/wp\/v2\/types\/product"}],"replies":[{"embeddable":true,"href":"https:\/\/delikatesy.wineport.pl\/index.php?rest_route=%2Fwp%2Fv2%2Fcomments&post=16090"}],"wp:featuredmedia":[{"embeddable":true,"href":"https:\/\/delikatesy.wineport.pl\/index.php?rest_route=\/wp\/v2\/media\/16089"}],"wp:attachment":[{"href":"https:\/\/delikatesy.wineport.pl\/index.php?rest_route=%2Fwp%2Fv2%2Fmedia&parent=16090"}],"wp:term":[{"taxonomy":"product_cat","embeddable":true,"href":"https:\/\/delikatesy.wineport.pl\/index.php?rest_route=%2Fwp%2Fv2%2Fproduct_cat&post=16090"},{"taxonomy":"product_tag","embeddable":true,"href":"https:\/\/delikatesy.wineport.pl\/index.php?rest_route=%2Fwp%2Fv2%2Fproduct_tag&post=16090"}],"curies":[{"name":"wp","href":"https:\/\/api.w.org\/{rel}","templated":true}]}}