{"id":16323,"date":"2024-03-14T14:18:13","date_gmt":"2024-03-14T13:18:13","guid":{"rendered":"http:\/\/delikatesy.wineport.pl\/?product=casajuana-reserva-vsop-0-7l"},"modified":"2026-05-10T19:45:04","modified_gmt":"2026-05-10T17:45:04","slug":"casajuana-reserva-vsop-0-7l","status":"publish","type":"product","link":"https:\/\/delikatesy.wineport.pl\/?product=casajuana-reserva-vsop-0-7l","title":{"rendered":"CASAJUANA RESERVA VSOP 0.7l"},"content":{"rendered":"<div class=\"c-product__details c-text\" style=\"font-size: 1.4rem; font-family: Helvetica, Tahoma, sans-serif;\">\n<p><span class=\"h-ws-nw\">Kraj: Hiszpania<\/span>\u00a0<span class=\"h-ws-nw\">Region: La Mancha<\/span>\u00a0<span class=\"h-ws-nw\">Producent:\u00a0<a href=\"https:\/\/wina-mp.pl\/producent\/allozo-la-mancha\">Allozo La Mancha<\/a>\u00a0<\/span>\u00a0<span class=\"h-ws-nw\">Poj.: 0.7<\/span>\u00a0<span class=\"h-ws-nw\">Zaw. Alk. %: 40.0<\/span><\/p>\n<\/p><\/div>\n<div class=\"c-product__desc c-text c-text--lh\" style=\"font-size: 1.4rem; font-family: Helvetica, Tahoma, sans-serif;\">\n<p>Znakomita, pi\u0119knie prezentuj\u0105ca si\u0119 brandy prosto z hiszpa\u0144skiej La Manchy. Bursztynowa, b\u0142yszcz\u0105ca barwa. W bukiecie odnajdziemy aromaty suszonych owoc\u00f3w, tost\u00f3w i d\u0119biny z lekk\u0105, dymn\u0105 nut\u0105 w tle. W smaku mi\u0119kka, z do\u015b\u0107 s\u0142odkim i kr\u0105g\u0142ym finiszem.<\/p>\n<\/p><\/div>\n","protected":false},"excerpt":{"rendered":"<div class=\"c-product__details c-text\" style=\"font-size: 1.4rem; font-family: Helvetica, Tahoma, sans-serif;\">\n<p><span class=\"h-ws-nw\">Kraj: Hiszpania<\/span>\u00a0<span class=\"h-ws-nw\">Region: La Mancha<\/span>\u00a0<span class=\"h-ws-nw\">Producent:\u00a0<a href=\"https:\/\/wina-mp.pl\/producent\/allozo-la-mancha\">Allozo La Mancha<\/a>\u00a0<\/span>\u00a0<span class=\"h-ws-nw\">Poj.: 0.7<\/span>\u00a0<span class=\"h-ws-nw\">Zaw. Alk. %: 40.0<\/span><\/p>\n<\/p><\/div>\n<div class=\"c-product__desc c-text c-text--lh\" style=\"font-size: 1.4rem; font-family: Helvetica, Tahoma, sans-serif;\">\n<p>Znakomita, pi\u0119knie prezentuj\u0105ca si\u0119 brandy prosto z hiszpa\u0144skiej La Manchy. Bursztynowa, b\u0142yszcz\u0105ca barwa. W bukiecie odnajdziemy aromaty suszonych owoc\u00f3w, tost\u00f3w i d\u0119biny z lekk\u0105, dymn\u0105 nut\u0105 w tle. W smaku mi\u0119kka, z do\u015b\u0107 s\u0142odkim i kr\u0105g\u0142ym finiszem.<\/p>\n<\/p><\/div>\n","protected":false},"featured_media":16322,"comment_status":"open","ping_status":"closed","template":"","meta":[],"product_cat":[142,146,152,145,149],"product_tag":[],"class_list":{"0":"post-16323","1":"product","2":"type-product","3":"status-publish","4":"has-post-thumbnail","6":"product_cat-alkohole-mocne","7":"product_cat-armagnac-i-brandy","8":"product_cat-brandy","9":"product_cat-cognac","10":"product_cat-francja-armagnac-i-brandy","12":"first","13":"instock","14":"shipping-taxable","15":"purchasable","16":"product-type-simple"},"_links":{"self":[{"href":"https:\/\/delikatesy.wineport.pl\/index.php?rest_route=\/wp\/v2\/product\/16323","targetHints":{"allow":["GET"]}}],"collection":[{"href":"https:\/\/delikatesy.wineport.pl\/index.php?rest_route=\/wp\/v2\/product"}],"about":[{"href":"https:\/\/delikatesy.wineport.pl\/index.php?rest_route=\/wp\/v2\/types\/product"}],"replies":[{"embeddable":true,"href":"https:\/\/delikatesy.wineport.pl\/index.php?rest_route=%2Fwp%2Fv2%2Fcomments&post=16323"}],"wp:featuredmedia":[{"embeddable":true,"href":"https:\/\/delikatesy.wineport.pl\/index.php?rest_route=\/wp\/v2\/media\/16322"}],"wp:attachment":[{"href":"https:\/\/delikatesy.wineport.pl\/index.php?rest_route=%2Fwp%2Fv2%2Fmedia&parent=16323"}],"wp:term":[{"taxonomy":"product_cat","embeddable":true,"href":"https:\/\/delikatesy.wineport.pl\/index.php?rest_route=%2Fwp%2Fv2%2Fproduct_cat&post=16323"},{"taxonomy":"product_tag","embeddable":true,"href":"https:\/\/delikatesy.wineport.pl\/index.php?rest_route=%2Fwp%2Fv2%2Fproduct_tag&post=16323"}],"curies":[{"name":"wp","href":"https:\/\/api.w.org\/{rel}","templated":true}]}}