{"id":16475,"date":"2024-03-14T14:18:54","date_gmt":"2024-03-14T13:18:54","guid":{"rendered":"http:\/\/delikatesy.wineport.pl\/?product=douce-0-5l"},"modified":"2026-05-10T19:47:11","modified_gmt":"2026-05-10T17:47:11","slug":"douce-0-5l","status":"publish","type":"product","link":"https:\/\/delikatesy.wineport.pl\/?product=douce-0-5l","title":{"rendered":"Douce 0.5l"},"content":{"rendered":"<div class=\"c-product__details c-text\" style=\"font-size: 1.4rem; font-family: Helvetica, Tahoma, sans-serif;\">\n<p><span class=\"h-ws-nw\">Kraj: Francja<\/span>\u00a0<span class=\"h-ws-nw\">Region: Prowansja<\/span>\u00a0<span class=\"h-ws-nw\">Producent:\u00a0<a href=\"https:\/\/wina-mp.pl\/producent\/distilleries-et-domaines-prove\">Distilleries Et Domaines Prove<\/a>\u00a0<\/span>\u00a0<span class=\"h-ws-nw\">Poj.: 0.5<\/span>\u00a0<span class=\"h-ws-nw\">Zaw. Alk. %: 40.0<\/span><\/p>\n<\/p><\/div>\n<div class=\"c-product__desc c-text c-text--lh\" style=\"font-size: 1.4rem; font-family: Helvetica, Tahoma, sans-serif;\">\n<p>Kompozycja koniaku z gruszkow\u0105 eau- -de-vie z najlepszych owoc\u00f3w odmiany Williams. Ten znakomity, jedwabi\u015bcie g\u0142adki trunek jest bogaty i pe\u0142en aromat\u00f3w wanilii, gruszek, d\u0119biny, przypraw korzennych i karmelu. Podany na lodzie \u015bwietnie pasuje do czekoladowych deser\u00f3w i sorbet\u00f3w owocowych. Podany wraz z kaw\u0105 mo\u017ce tak\u017ce ko\u0144czy\u0107 posi\u0142ek.<\/p>\n<\/p><\/div>\n","protected":false},"excerpt":{"rendered":"<div class=\"c-product__details c-text\" style=\"font-size: 1.4rem; font-family: Helvetica, Tahoma, sans-serif;\">\n<p><span class=\"h-ws-nw\">Kraj: Francja<\/span>\u00a0<span class=\"h-ws-nw\">Region: Prowansja<\/span>\u00a0<span class=\"h-ws-nw\">Producent:\u00a0<a href=\"https:\/\/wina-mp.pl\/producent\/distilleries-et-domaines-prove\">Distilleries Et Domaines Prove<\/a>\u00a0<\/span>\u00a0<span class=\"h-ws-nw\">Poj.: 0.5<\/span>\u00a0<span class=\"h-ws-nw\">Zaw. Alk. %: 40.0<\/span><\/p>\n<\/p><\/div>\n<div class=\"c-product__desc c-text c-text--lh\" style=\"font-size: 1.4rem; font-family: Helvetica, Tahoma, sans-serif;\">\n<p>Kompozycja koniaku z gruszkow\u0105 eau- -de-vie z najlepszych owoc\u00f3w odmiany Williams. Ten znakomity, jedwabi\u015bcie g\u0142adki trunek jest bogaty i pe\u0142en aromat\u00f3w wanilii, gruszek, d\u0119biny, przypraw korzennych i karmelu. Podany na lodzie \u015bwietnie pasuje do czekoladowych deser\u00f3w i sorbet\u00f3w owocowych. Podany wraz z kaw\u0105 mo\u017ce tak\u017ce ko\u0144czy\u0107 posi\u0142ek.<\/p>\n<\/p><\/div>\n","protected":false},"featured_media":16474,"comment_status":"open","ping_status":"closed","template":"","meta":[],"product_cat":[105,104,107,106],"product_tag":[],"class_list":{"0":"post-16475","1":"product","2":"type-product","3":"status-publish","4":"has-post-thumbnail","6":"product_cat-kremy","7":"product_cat-likiery","8":"product_cat-likiery-i-kremy","9":"product_cat-nalewki-i-miody","11":"first","12":"instock","13":"shipping-taxable","14":"purchasable","15":"product-type-simple"},"_links":{"self":[{"href":"https:\/\/delikatesy.wineport.pl\/index.php?rest_route=\/wp\/v2\/product\/16475","targetHints":{"allow":["GET"]}}],"collection":[{"href":"https:\/\/delikatesy.wineport.pl\/index.php?rest_route=\/wp\/v2\/product"}],"about":[{"href":"https:\/\/delikatesy.wineport.pl\/index.php?rest_route=\/wp\/v2\/types\/product"}],"replies":[{"embeddable":true,"href":"https:\/\/delikatesy.wineport.pl\/index.php?rest_route=%2Fwp%2Fv2%2Fcomments&post=16475"}],"wp:featuredmedia":[{"embeddable":true,"href":"https:\/\/delikatesy.wineport.pl\/index.php?rest_route=\/wp\/v2\/media\/16474"}],"wp:attachment":[{"href":"https:\/\/delikatesy.wineport.pl\/index.php?rest_route=%2Fwp%2Fv2%2Fmedia&parent=16475"}],"wp:term":[{"taxonomy":"product_cat","embeddable":true,"href":"https:\/\/delikatesy.wineport.pl\/index.php?rest_route=%2Fwp%2Fv2%2Fproduct_cat&post=16475"},{"taxonomy":"product_tag","embeddable":true,"href":"https:\/\/delikatesy.wineport.pl\/index.php?rest_route=%2Fwp%2Fv2%2Fproduct_tag&post=16475"}],"curies":[{"name":"wp","href":"https:\/\/api.w.org\/{rel}","templated":true}]}}