{"id":16481,"date":"2024-03-14T14:18:55","date_gmt":"2024-03-14T13:18:55","guid":{"rendered":"http:\/\/delikatesy.wineport.pl\/?product=gentiane-de-lure-0-7"},"modified":"2026-05-10T19:48:04","modified_gmt":"2026-05-10T17:48:04","slug":"gentiane-de-lure-0-7","status":"publish","type":"product","link":"https:\/\/delikatesy.wineport.pl\/?product=gentiane-de-lure-0-7","title":{"rendered":"GENTIANE DE LURE 0.7"},"content":{"rendered":"<div class=\"c-product__details c-text\" style=\"font-size: 1.4rem; font-family: inherit;\">\n<p><span class=\"h-ws-nw\">Kraj: Francja<\/span>\u00a0<span class=\"h-ws-nw\">Region: Prowansja<\/span>\u00a0<span class=\"h-ws-nw\">Producent:\u00a0<a href=\"https:\/\/wina-mp.pl\/producent\/distilleries-et-domaines-prove\">Distilleries Et Domaines Prove<\/a>\u00a0<\/span>\u00a0<span class=\"h-ws-nw\">Poj.: 0.7<\/span>\u00a0<span class=\"h-ws-nw\">Zaw. Alk. %: 15.0<\/span><\/p>\n<\/p><\/div>\n<div class=\"c-product__desc c-text c-text--lh\" style=\"font-size: 1.4rem; font-family: inherit;\">\n<p>To likier powsta\u0142y ze zmieszania bia\u0142ego wina, winnego likieru, chinowca, destylatu Curacao i cukru trzcinowego oraz infuzj\u0119: korzenia gencjany z g\u00f3ry Lure oraz s\u0142odkich pomara\u0144czy. To wyj\u0105tkowy, niesamowity aperitif o pi\u0119knej z\u0142oto-br\u0105zowej barwie. W smaku obok korzenia gencjany wyczuwalne cytrusy z wyra\u017anie dominuj\u0105c\u0105 pomara\u0144cz\u0105. Likier ten, ze swoim gorzkim smakiem, powinien by\u0107 serwowany sch\u0142odzony, na kostce lodu z odrobin\u0105 wody.<\/p>\n<\/p><\/div>\n<div id=\"js-product\">\n<div class=\"c-product__actions\">\n<div class=\"c-product__variants\">\n<div class=\"c-dropdown\">\u00a0<\/div>\n<\/p><\/div>\n<\/p><\/div>\n<\/p><\/div>\n","protected":false},"excerpt":{"rendered":"<div class=\"c-product__left\" style=\"font-size: 10px; font-family: Helvetica, Tahoma, sans-serif;\">\n<div class=\"c-product__details c-text\" style=\"font-size: 1.4rem; font-family: inherit;\">\n<p><span class=\"h-ws-nw\">Kraj: Francja<\/span>\u00a0<span class=\"h-ws-nw\">Region: Prowansja<\/span>\u00a0<span class=\"h-ws-nw\">Producent:\u00a0<a href=\"https:\/\/wina-mp.pl\/producent\/distilleries-et-domaines-prove\">Distilleries Et Domaines Prove<\/a>\u00a0<\/span>\u00a0<span class=\"h-ws-nw\">Poj.: 0.7<\/span>\u00a0<span class=\"h-ws-nw\">Zaw. Alk. %: 15.0<\/span><\/p>\n<\/p><\/div>\n<div class=\"c-product__desc c-text c-text--lh\" style=\"font-size: 1.4rem; font-family: inherit;\">\n<p>To likier powsta\u0142y ze zmieszania bia\u0142ego wina, winnego likieru, chinowca, destylatu Curacao i cukru trzcinowego oraz infuzj\u0119: korzenia gencjany z g\u00f3ry Lure oraz s\u0142odkich pomara\u0144czy. To wyj\u0105tkowy, niesamowity aperitif o pi\u0119knej z\u0142oto-br\u0105zowej barwie. W smaku obok korzenia gencjany wyczuwalne cytrusy z wyra\u017anie dominuj\u0105c\u0105 pomara\u0144cz\u0105. Likier ten, ze swoim gorzkim smakiem, powinien by\u0107 serwowany sch\u0142odzony, na kostce lodu z odrobin\u0105 wody.<\/p>\n<\/p><\/div>\n<div id=\"js-product\">\n<div class=\"c-product__actions\">\n<div class=\"c-product__variants\">\n<div class=\"c-dropdown\">\u00a0<\/div>\n<\/p><\/div>\n<\/p><\/div>\n<\/p><\/div>\n<\/p><\/div>\n<div class=\"c-product__right h-rel\" style=\"font-size: 10px; font-family: Helvetica, Tahoma, sans-serif;\">\n<div class=\"c-product__photo\">\u00a0<\/div>\n<\/p><\/div>\n","protected":false},"featured_media":16480,"comment_status":"open","ping_status":"closed","template":"","meta":[],"product_cat":[105,104,107,106],"product_tag":[],"class_list":{"0":"post-16481","1":"product","2":"type-product","3":"status-publish","4":"has-post-thumbnail","6":"product_cat-kremy","7":"product_cat-likiery","8":"product_cat-likiery-i-kremy","9":"product_cat-nalewki-i-miody","11":"first","12":"instock","13":"shipping-taxable","14":"purchasable","15":"product-type-simple"},"_links":{"self":[{"href":"https:\/\/delikatesy.wineport.pl\/index.php?rest_route=\/wp\/v2\/product\/16481","targetHints":{"allow":["GET"]}}],"collection":[{"href":"https:\/\/delikatesy.wineport.pl\/index.php?rest_route=\/wp\/v2\/product"}],"about":[{"href":"https:\/\/delikatesy.wineport.pl\/index.php?rest_route=\/wp\/v2\/types\/product"}],"replies":[{"embeddable":true,"href":"https:\/\/delikatesy.wineport.pl\/index.php?rest_route=%2Fwp%2Fv2%2Fcomments&post=16481"}],"wp:featuredmedia":[{"embeddable":true,"href":"https:\/\/delikatesy.wineport.pl\/index.php?rest_route=\/wp\/v2\/media\/16480"}],"wp:attachment":[{"href":"https:\/\/delikatesy.wineport.pl\/index.php?rest_route=%2Fwp%2Fv2%2Fmedia&parent=16481"}],"wp:term":[{"taxonomy":"product_cat","embeddable":true,"href":"https:\/\/delikatesy.wineport.pl\/index.php?rest_route=%2Fwp%2Fv2%2Fproduct_cat&post=16481"},{"taxonomy":"product_tag","embeddable":true,"href":"https:\/\/delikatesy.wineport.pl\/index.php?rest_route=%2Fwp%2Fv2%2Fproduct_tag&post=16481"}],"curies":[{"name":"wp","href":"https:\/\/api.w.org\/{rel}","templated":true}]}}