{"id":16497,"date":"2024-03-14T14:18:58","date_gmt":"2024-03-14T13:18:58","guid":{"rendered":"http:\/\/delikatesy.wineport.pl\/?product=lheraud-pineau-des-charentes-ugni-blanc-0-75l"},"modified":"2026-05-17T21:56:58","modified_gmt":"2026-05-17T19:56:58","slug":"lheraud-pineau-des-charentes-ugni-blanc-0-75l","status":"publish","type":"product","link":"https:\/\/delikatesy.wineport.pl\/?product=lheraud-pineau-des-charentes-ugni-blanc-0-75l","title":{"rendered":"LHERAUD PINEAU DES CHARENTES UGNI BLANC 0.75l"},"content":{"rendered":"<div class=\"c-product__details c-text\" style=\"font-size: 1.4rem; font-family: Helvetica, Tahoma, sans-serif;\">\n<p>Apelacja: AOC Cognac\u00a0<span class=\"h-ws-nw\">Kraj: Francja<\/span>\u00a0<span class=\"h-ws-nw\">Region: Cognac<\/span>\u00a0<span class=\"h-ws-nw\">Producent:\u00a0<a href=\"https:\/\/wina-mp.pl\/producent\/guy-lheraud-cognac\">Guy Lheraud Cognac<\/a>\u00a0<\/span>\u00a0<span class=\"h-ws-nw\">Poj.: 0.75<\/span>\u00a0<span class=\"h-ws-nw\">Zaw. Alk. %: 17.0<\/span><\/p>\n<\/p><\/div>\n<div class=\"c-product__desc c-text c-text--lh\" style=\"font-size: 1.4rem; font-family: Helvetica, Tahoma, sans-serif;\">\n<p>Pineau Blanc powsta\u0142o na bazie wy\u0142\u0105cznie szczepu Ugni Blanc. Bukiet bogaty i elegancki, pe\u0142en nut jab\u0142ek, orzech\u00f3w, miodu i cynamonu. Znakomite na aperitif i do fois gras, a tak\u017ce do przygotowywania ciel\u0119ciny, kr\u00f3lika i tu\u0144czyka. Pineau de Charentes to obecnie najbardziej znane, s\u0142odkie, wzmacniane wino z Francji, z przyznanym tytu\u0142em Appelation Controlee. Historia jego produkcji rozpocz\u0119\u0142a si\u0119 ponad 400 lat temu, w obszarze Charentes, nieopodal miasteczka Cognac. Pineau powstaje poprzez dodanie koniaku do soku winogronowego, a nast\u0119pnie le\u017cakowanie w d\u0119bowych beczkach przez minimum rok.<\/p>\n<\/p><\/div>\n","protected":false},"excerpt":{"rendered":"<div class=\"c-product__details c-text\" style=\"font-size: 1.4rem; font-family: Helvetica, Tahoma, sans-serif;\">\n<p>Apelacja: AOC Cognac\u00a0<span class=\"h-ws-nw\">Kraj: Francja<\/span>\u00a0<span class=\"h-ws-nw\">Region: Cognac<\/span>\u00a0<span class=\"h-ws-nw\">Producent:\u00a0<a href=\"https:\/\/wina-mp.pl\/producent\/guy-lheraud-cognac\">Guy Lheraud Cognac<\/a>\u00a0<\/span>\u00a0<span class=\"h-ws-nw\">Poj.: 0.75<\/span>\u00a0<span class=\"h-ws-nw\">Zaw. Alk. %: 17.0<\/span><\/p>\n<\/p><\/div>\n<div class=\"c-product__desc c-text c-text--lh\" style=\"font-size: 1.4rem; font-family: Helvetica, Tahoma, sans-serif;\">\n<p>Pineau Blanc powsta\u0142o na bazie wy\u0142\u0105cznie szczepu Ugni Blanc. Bukiet bogaty i elegancki, pe\u0142en nut jab\u0142ek, orzech\u00f3w, miodu i cynamonu. Znakomite na aperitif i do fois gras, a tak\u017ce do przygotowywania ciel\u0119ciny, kr\u00f3lika i tu\u0144czyka. Pineau de Charentes to obecnie najbardziej znane, s\u0142odkie, wzmacniane wino z Francji, z przyznanym tytu\u0142em Appelation Controlee. Historia jego produkcji rozpocz\u0119\u0142a si\u0119 ponad 400 lat temu, w obszarze Charentes, nieopodal miasteczka Cognac. Pineau powstaje poprzez dodanie koniaku do soku winogronowego, a nast\u0119pnie le\u017cakowanie w d\u0119bowych beczkach przez minimum rok.<\/p>\n<\/p><\/div>\n","protected":false},"featured_media":16496,"comment_status":"open","ping_status":"closed","template":"","meta":[],"product_cat":[105,104,107,106],"product_tag":[],"class_list":{"0":"post-16497","1":"product","2":"type-product","3":"status-publish","4":"has-post-thumbnail","6":"product_cat-kremy","7":"product_cat-likiery","8":"product_cat-likiery-i-kremy","9":"product_cat-nalewki-i-miody","11":"first","12":"instock","13":"shipping-taxable","14":"purchasable","15":"product-type-simple"},"_links":{"self":[{"href":"https:\/\/delikatesy.wineport.pl\/index.php?rest_route=\/wp\/v2\/product\/16497","targetHints":{"allow":["GET"]}}],"collection":[{"href":"https:\/\/delikatesy.wineport.pl\/index.php?rest_route=\/wp\/v2\/product"}],"about":[{"href":"https:\/\/delikatesy.wineport.pl\/index.php?rest_route=\/wp\/v2\/types\/product"}],"replies":[{"embeddable":true,"href":"https:\/\/delikatesy.wineport.pl\/index.php?rest_route=%2Fwp%2Fv2%2Fcomments&post=16497"}],"wp:featuredmedia":[{"embeddable":true,"href":"https:\/\/delikatesy.wineport.pl\/index.php?rest_route=\/wp\/v2\/media\/16496"}],"wp:attachment":[{"href":"https:\/\/delikatesy.wineport.pl\/index.php?rest_route=%2Fwp%2Fv2%2Fmedia&parent=16497"}],"wp:term":[{"taxonomy":"product_cat","embeddable":true,"href":"https:\/\/delikatesy.wineport.pl\/index.php?rest_route=%2Fwp%2Fv2%2Fproduct_cat&post=16497"},{"taxonomy":"product_tag","embeddable":true,"href":"https:\/\/delikatesy.wineport.pl\/index.php?rest_route=%2Fwp%2Fv2%2Fproduct_tag&post=16497"}],"curies":[{"name":"wp","href":"https:\/\/api.w.org\/{rel}","templated":true}]}}