{"id":16511,"date":"2024-03-14T14:19:01","date_gmt":"2024-03-14T13:19:01","guid":{"rendered":"http:\/\/delikatesy.wineport.pl\/?product=francois-voyer-creme-de-peche-0-5l"},"modified":"2026-05-10T19:48:06","modified_gmt":"2026-05-10T17:48:06","slug":"francois-voyer-creme-de-peche-0-5l","status":"publish","type":"product","link":"https:\/\/delikatesy.wineport.pl\/?product=francois-voyer-creme-de-peche-0-5l","title":{"rendered":"FRANCOIS VOYER CREME DE PECHE 0.5l"},"content":{"rendered":"<div class=\"c-product__details c-text\" style=\"font-size: 1.4rem; font-family: Helvetica, Tahoma, sans-serif;\">\n<p>Apelacja: AOC Cognac\u00a0<span class=\"h-ws-nw\">Kraj: Francja<\/span>\u00a0<span class=\"h-ws-nw\">Region: Cognac<\/span>\u00a0<span class=\"h-ws-nw\">Producent:\u00a0<a href=\"https:\/\/wina-mp.pl\/producent\/francois-voyer-cognac\">Francois Voyer Cognac<\/a>\u00a0<\/span>\u00a0<span class=\"h-ws-nw\">Poj.: 0.5<\/span>\u00a0<span class=\"h-ws-nw\">Zaw. Alk. %: 20.0<\/span><\/p>\n<\/p><\/div>\n<div class=\"c-product__desc c-text c-text--lh\" style=\"font-size: 1.4rem; font-family: Helvetica, Tahoma, sans-serif;\">\n<p>To bestseller je\u015bli chodzi o likiery Voyera. Po\u0142\u0105cznie znakomitego koniaku z soczyst\u0105 i aromatyczn\u0105 brzoskwini\u0105 da\u0142o wyj\u0105tkow\u0105, niezwykle aromatyczn\u0105 i po prostu przepyszn\u0105 kompozycj\u0119.<\/p>\n<\/p><\/div>\n","protected":false},"excerpt":{"rendered":"<div class=\"c-product__details c-text\" style=\"font-size: 1.4rem; font-family: Helvetica, Tahoma, sans-serif;\">\n<p>Apelacja: AOC Cognac\u00a0<span class=\"h-ws-nw\">Kraj: Francja<\/span>\u00a0<span class=\"h-ws-nw\">Region: Cognac<\/span>\u00a0<span class=\"h-ws-nw\">Producent:\u00a0<a href=\"https:\/\/wina-mp.pl\/producent\/francois-voyer-cognac\">Francois Voyer Cognac<\/a>\u00a0<\/span>\u00a0<span class=\"h-ws-nw\">Poj.: 0.5<\/span>\u00a0<span class=\"h-ws-nw\">Zaw. Alk. %: 20.0<\/span><\/p>\n<\/p><\/div>\n<div class=\"c-product__desc c-text c-text--lh\" style=\"font-size: 1.4rem; font-family: Helvetica, Tahoma, sans-serif;\">\n<p>To bestseller je\u015bli chodzi o likiery Voyera. Po\u0142\u0105cznie znakomitego koniaku z soczyst\u0105 i aromatyczn\u0105 brzoskwini\u0105 da\u0142o wyj\u0105tkow\u0105, niezwykle aromatyczn\u0105 i po prostu przepyszn\u0105 kompozycj\u0119.<\/p>\n<\/p><\/div>\n","protected":false},"featured_media":16510,"comment_status":"open","ping_status":"closed","template":"","meta":[],"product_cat":[105,104,107,106],"product_tag":[],"class_list":{"0":"post-16511","1":"product","2":"type-product","3":"status-publish","4":"has-post-thumbnail","6":"product_cat-kremy","7":"product_cat-likiery","8":"product_cat-likiery-i-kremy","9":"product_cat-nalewki-i-miody","11":"first","12":"instock","13":"shipping-taxable","14":"purchasable","15":"product-type-simple"},"_links":{"self":[{"href":"https:\/\/delikatesy.wineport.pl\/index.php?rest_route=\/wp\/v2\/product\/16511","targetHints":{"allow":["GET"]}}],"collection":[{"href":"https:\/\/delikatesy.wineport.pl\/index.php?rest_route=\/wp\/v2\/product"}],"about":[{"href":"https:\/\/delikatesy.wineport.pl\/index.php?rest_route=\/wp\/v2\/types\/product"}],"replies":[{"embeddable":true,"href":"https:\/\/delikatesy.wineport.pl\/index.php?rest_route=%2Fwp%2Fv2%2Fcomments&post=16511"}],"wp:featuredmedia":[{"embeddable":true,"href":"https:\/\/delikatesy.wineport.pl\/index.php?rest_route=\/wp\/v2\/media\/16510"}],"wp:attachment":[{"href":"https:\/\/delikatesy.wineport.pl\/index.php?rest_route=%2Fwp%2Fv2%2Fmedia&parent=16511"}],"wp:term":[{"taxonomy":"product_cat","embeddable":true,"href":"https:\/\/delikatesy.wineport.pl\/index.php?rest_route=%2Fwp%2Fv2%2Fproduct_cat&post=16511"},{"taxonomy":"product_tag","embeddable":true,"href":"https:\/\/delikatesy.wineport.pl\/index.php?rest_route=%2Fwp%2Fv2%2Fproduct_tag&post=16511"}],"curies":[{"name":"wp","href":"https:\/\/api.w.org\/{rel}","templated":true}]}}