{"id":16515,"date":"2024-03-14T14:19:01","date_gmt":"2024-03-14T13:19:01","guid":{"rendered":"http:\/\/delikatesy.wineport.pl\/?product=francois-voyer-pineau-des-charentes-blanc-0-7"},"modified":"2026-05-10T19:48:07","modified_gmt":"2026-05-10T17:48:07","slug":"francois-voyer-pineau-des-charentes-blanc-0-7","status":"publish","type":"product","link":"https:\/\/delikatesy.wineport.pl\/?product=francois-voyer-pineau-des-charentes-blanc-0-7","title":{"rendered":"FRANCOIS VOYER PINEAU DES CHARENTES BLANC 0.7"},"content":{"rendered":"<div class=\"c-product__details c-text\" style=\"font-size: 1.4rem; font-family: Helvetica, Tahoma, sans-serif;\">\n<p>Apelacja: AOC Cognac\u00a0<span class=\"h-ws-nw\">Kraj: Francja<\/span>\u00a0<span class=\"h-ws-nw\">Region: Cognac<\/span>\u00a0<span class=\"h-ws-nw\">Producent:\u00a0<a href=\"https:\/\/wina-mp.pl\/producent\/francois-voyer-cognac\">Francois Voyer Cognac<\/a>\u00a0<\/span>\u00a0<span class=\"h-ws-nw\">Poj.: 0.7<\/span>\u00a0<span class=\"h-ws-nw\">Zaw. Alk. %: 17.5<\/span><\/p>\n<\/p><\/div>\n<div class=\"c-product__desc c-text c-text--lh\" style=\"font-size: 1.4rem; font-family: Helvetica, Tahoma, sans-serif;\">\n<p>Pineau de Charentes to obecnie najbardziej znane, s\u0142odkie, wzmacniane wino z Francji z przyznanym tytu\u0142em Appelation Controlee. Historia jego produkcji rozpocz\u0119\u0142a si\u0119 ponad 400 lat temu, w obszarze Charentes, nieopodal miasteczka Cognac. Powstaje poprzez dodanie koniaku do soku winogronowego, a nast\u0119pnie le\u017cakowane jest w d\u0119bowych beczkach przez minimum rok. Nale\u017cy serwowa\u0107 sch\u0142odzone, w niedu\u017cym kieliszku tzw. tulipanie, aby w pe\u0142ni doceni\u0107 bukiet i aromaty.<\/p>\n<\/p><\/div>\n","protected":false},"excerpt":{"rendered":"<div class=\"c-product__details c-text\" style=\"font-size: 1.4rem; font-family: Helvetica, Tahoma, sans-serif;\">\n<p>Apelacja: AOC Cognac\u00a0<span class=\"h-ws-nw\">Kraj: Francja<\/span>\u00a0<span class=\"h-ws-nw\">Region: Cognac<\/span>\u00a0<span class=\"h-ws-nw\">Producent:\u00a0<a href=\"https:\/\/wina-mp.pl\/producent\/francois-voyer-cognac\">Francois Voyer Cognac<\/a>\u00a0<\/span>\u00a0<span class=\"h-ws-nw\">Poj.: 0.7<\/span>\u00a0<span class=\"h-ws-nw\">Zaw. Alk. %: 17.5<\/span><\/p>\n<\/p><\/div>\n<div class=\"c-product__desc c-text c-text--lh\" style=\"font-size: 1.4rem; font-family: Helvetica, Tahoma, sans-serif;\">\n<p>Pineau de Charentes to obecnie najbardziej znane, s\u0142odkie, wzmacniane wino z Francji z przyznanym tytu\u0142em Appelation Controlee. Historia jego produkcji rozpocz\u0119\u0142a si\u0119 ponad 400 lat temu, w obszarze Charentes, nieopodal miasteczka Cognac. Powstaje poprzez dodanie koniaku do soku winogronowego, a nast\u0119pnie le\u017cakowane jest w d\u0119bowych beczkach przez minimum rok. Nale\u017cy serwowa\u0107 sch\u0142odzone, w niedu\u017cym kieliszku tzw. tulipanie, aby w pe\u0142ni doceni\u0107 bukiet i aromaty.<\/p>\n<\/p><\/div>\n","protected":false},"featured_media":16514,"comment_status":"open","ping_status":"closed","template":"","meta":[],"product_cat":[105,104,107,106],"product_tag":[],"class_list":{"0":"post-16515","1":"product","2":"type-product","3":"status-publish","4":"has-post-thumbnail","6":"product_cat-kremy","7":"product_cat-likiery","8":"product_cat-likiery-i-kremy","9":"product_cat-nalewki-i-miody","11":"first","12":"instock","13":"shipping-taxable","14":"purchasable","15":"product-type-simple"},"_links":{"self":[{"href":"https:\/\/delikatesy.wineport.pl\/index.php?rest_route=\/wp\/v2\/product\/16515","targetHints":{"allow":["GET"]}}],"collection":[{"href":"https:\/\/delikatesy.wineport.pl\/index.php?rest_route=\/wp\/v2\/product"}],"about":[{"href":"https:\/\/delikatesy.wineport.pl\/index.php?rest_route=\/wp\/v2\/types\/product"}],"replies":[{"embeddable":true,"href":"https:\/\/delikatesy.wineport.pl\/index.php?rest_route=%2Fwp%2Fv2%2Fcomments&post=16515"}],"wp:featuredmedia":[{"embeddable":true,"href":"https:\/\/delikatesy.wineport.pl\/index.php?rest_route=\/wp\/v2\/media\/16514"}],"wp:attachment":[{"href":"https:\/\/delikatesy.wineport.pl\/index.php?rest_route=%2Fwp%2Fv2%2Fmedia&parent=16515"}],"wp:term":[{"taxonomy":"product_cat","embeddable":true,"href":"https:\/\/delikatesy.wineport.pl\/index.php?rest_route=%2Fwp%2Fv2%2Fproduct_cat&post=16515"},{"taxonomy":"product_tag","embeddable":true,"href":"https:\/\/delikatesy.wineport.pl\/index.php?rest_route=%2Fwp%2Fv2%2Fproduct_tag&post=16515"}],"curies":[{"name":"wp","href":"https:\/\/api.w.org\/{rel}","templated":true}]}}